{"id":3757,"date":"2024-10-02T14:04:25","date_gmt":"2024-10-02T12:04:25","guid":{"rendered":"https:\/\/acidfactory-design.com\/?post_type=product&#038;p=3757"},"modified":"2024-10-14T01:06:01","modified_gmt":"2024-10-13T23:06:01","slug":"jeanne-darc-vitrail","status":"publish","type":"product","link":"https:\/\/acidfactory-design.com\/en\/product\/jeanne-darc-vitrail\/","title":{"rendered":"Jeanne d&rsquo;arc &#8211; Vitrail"},"content":{"rendered":"<p>Tableau vitrail avec nos illustrations imprim\u00e9es sur plastique transparent, dans un cadre flottant en bois noir. Dimension du cadre 22x27x4 cm<\/p>\n<p>&nbsp;<\/p>","protected":false},"excerpt":{"rendered":"<p>Danse Macabre<\/p>\n<p>Ces vitraux de danses macabre rappellent l\u2019universalit\u00e9 de la mort, montrant que personne n\u2019\u00e9chappe \u00e0 son emprise, qu\u2019il soit riche ou pauvre.<\/p>\n<p>Jeanne d&rsquo;arc en est l&rsquo;inspiration, en effet ce th\u00e8me\u00a0de la mortalit\u00e9 est \u00e9galement pr\u00e9sent dans son histoire, elle a \u00e9t\u00e9 condamn\u00e9e \u00e0 mort et br\u00fbl\u00e9e sur le b\u00fbcher en 1431. Son sacrifice est un rappel de la lutte pour la justice m\u00eame face \u00e0 la mort in\u00e9vitable.<\/p>\n[fusion_checklist icon=\"fa-check fas\" iconcolor=\"\" circle=\"no\" circlecolor=\"\" size=\"15px\" class=\"\" id=\"\"][fusion_li_item icon=\"\"]Reproduction de nos illustration [\/fusion_li_item][fusion_li_item icon=\"\"]Cadre flottant en bois noir ou autre couleur sur demande[\/fusion_li_item][fusion_li_item icon=\"\"]Commande sur mesure possible[\/fusion_li_item][fusion_li_item icon=\"\"]Diff\u00e9rents formats sur demande[\/fusion_li_item][fusion_li_item icon=\"\"]Tous les prix incluent la TVA[\/fusion_li_item][fusion_li_item icon=\"\"]2 motifs au choix[\/fusion_li_item][\/fusion_checklist]\n","protected":false},"featured_media":3767,"comment_status":"closed","ping_status":"closed","template":"","meta":[],"product_brand":[],"product_cat":[70,106],"product_tag":[69],"class_list":{"0":"post-3757","1":"product","2":"type-product","3":"status-publish","4":"has-post-thumbnail","6":"product_cat-mortis","7":"product_cat-vitrail","8":"product_tag-collection-mortis","10":"first","11":"instock","12":"taxable","13":"shipping-taxable","14":"purchasable","15":"product-type-variable"},"yoast_head":"<!-- This site is optimized with the Yoast SEO plugin v26.6 - https:\/\/yoast.com\/wordpress\/plugins\/seo\/ -->\n<title>Jeanne d&#039;arc - Vitrail - Acid Factory<\/title>\n<meta name=\"robots\" content=\"index, follow, max-snippet:-1, max-image-preview:large, max-video-preview:-1\" \/>\n<link rel=\"canonical\" href=\"https:\/\/acidfactory-design.com\/en\/product\/jeanne-darc-vitrail\/\" \/>\n<meta property=\"og:locale\" content=\"en_GB\" \/>\n<meta property=\"og:type\" content=\"article\" \/>\n<meta property=\"og:title\" content=\"Jeanne d&#039;arc - Vitrail - Acid Factory\" \/>\n<meta property=\"og:description\" content=\"Danse Macabre  Ces vitraux de danses macabre rappellent l\u2019universalit\u00e9 de la mort, montrant que personne n\u2019\u00e9chappe \u00e0 son emprise, qu\u2019il soit riche ou pauvre.  Jeanne d&#039;arc en est l&#039;inspiration, en effet ce th\u00e8me\u00a0de la mortalit\u00e9 est \u00e9galement pr\u00e9sent dans son histoire, elle a \u00e9t\u00e9 condamn\u00e9e \u00e0 mort et br\u00fbl\u00e9e sur le b\u00fbcher en 1431. Son sacrifice est un rappel de la lutte pour la justice m\u00eame face \u00e0 la mort in\u00e9vitable.\" \/>\n<meta property=\"og:url\" content=\"https:\/\/acidfactory-design.com\/en\/product\/jeanne-darc-vitrail\/\" \/>\n<meta property=\"og:site_name\" content=\"Acid Factory\" \/>\n<meta property=\"article:publisher\" content=\"https:\/\/www.facebook.com\/AcidFactorydesign\/\" \/>\n<meta property=\"article:modified_time\" content=\"2024-10-13T23:06:01+00:00\" \/>\n<meta property=\"og:image\" content=\"https:\/\/i0.wp.com\/acidfactory-design.com\/wp-content\/uploads\/2024\/10\/vitrail-bleu.jpg?fit=500%2C675&ssl=1\" \/>\n\t<meta property=\"og:image:width\" content=\"500\" \/>\n\t<meta property=\"og:image:height\" content=\"675\" \/>\n\t<meta property=\"og:image:type\" content=\"image\/jpeg\" \/>\n<meta name=\"twitter:card\" content=\"summary_large_image\" \/>\n<meta name=\"twitter:label1\" content=\"Estimated reading time\" \/>\n\t<meta name=\"twitter:data1\" content=\"1 minute\" \/>\n<script type=\"application\/ld+json\" class=\"yoast-schema-graph\">{\"@context\":\"https:\/\/schema.org\",\"@graph\":[{\"@type\":\"WebPage\",\"@id\":\"https:\/\/acidfactory-design.com\/produit\/jeanne-darc-vitrail\/\",\"url\":\"https:\/\/acidfactory-design.com\/produit\/jeanne-darc-vitrail\/\",\"name\":\"Jeanne d'arc - Vitrail - Acid Factory\",\"isPartOf\":{\"@id\":\"http:\/\/acidfactory-design.com\/en\/#website\"},\"primaryImageOfPage\":{\"@id\":\"https:\/\/acidfactory-design.com\/produit\/jeanne-darc-vitrail\/#primaryimage\"},\"image\":{\"@id\":\"https:\/\/acidfactory-design.com\/produit\/jeanne-darc-vitrail\/#primaryimage\"},\"thumbnailUrl\":\"https:\/\/i0.wp.com\/acidfactory-design.com\/wp-content\/uploads\/2024\/10\/vitrail-bleu.jpg?fit=500%2C675&ssl=1\",\"datePublished\":\"2024-10-02T12:04:25+00:00\",\"dateModified\":\"2024-10-13T23:06:01+00:00\",\"breadcrumb\":{\"@id\":\"https:\/\/acidfactory-design.com\/produit\/jeanne-darc-vitrail\/#breadcrumb\"},\"inLanguage\":\"en-GB\",\"potentialAction\":[{\"@type\":\"ReadAction\",\"target\":[\"https:\/\/acidfactory-design.com\/produit\/jeanne-darc-vitrail\/\"]}]},{\"@type\":\"ImageObject\",\"inLanguage\":\"en-GB\",\"@id\":\"https:\/\/acidfactory-design.com\/produit\/jeanne-darc-vitrail\/#primaryimage\",\"url\":\"https:\/\/i0.wp.com\/acidfactory-design.com\/wp-content\/uploads\/2024\/10\/vitrail-bleu.jpg?fit=500%2C675&ssl=1\",\"contentUrl\":\"https:\/\/i0.wp.com\/acidfactory-design.com\/wp-content\/uploads\/2024\/10\/vitrail-bleu.jpg?fit=500%2C675&ssl=1\",\"width\":500,\"height\":675},{\"@type\":\"BreadcrumbList\",\"@id\":\"https:\/\/acidfactory-design.com\/produit\/jeanne-darc-vitrail\/#breadcrumb\",\"itemListElement\":[{\"@type\":\"ListItem\",\"position\":1,\"name\":\"Accueil\",\"item\":\"http:\/\/acidfactory-design.com\/en\/\"},{\"@type\":\"ListItem\",\"position\":2,\"name\":\"Produits\",\"item\":\"http:\/\/acidfactory-design.com\/shop\/\"},{\"@type\":\"ListItem\",\"position\":3,\"name\":\"Jeanne d&rsquo;arc &#8211; Vitrail\"}]},{\"@type\":\"WebSite\",\"@id\":\"http:\/\/acidfactory-design.com\/en\/#website\",\"url\":\"http:\/\/acidfactory-design.com\/en\/\",\"name\":\"Acid Factory\",\"description\":\"A cocoon into darkness\",\"publisher\":{\"@id\":\"http:\/\/acidfactory-design.com\/en\/#organization\"},\"potentialAction\":[{\"@type\":\"SearchAction\",\"target\":{\"@type\":\"EntryPoint\",\"urlTemplate\":\"http:\/\/acidfactory-design.com\/en\/?s={search_term_string}\"},\"query-input\":{\"@type\":\"PropertyValueSpecification\",\"valueRequired\":true,\"valueName\":\"search_term_string\"}}],\"inLanguage\":\"en-GB\"},{\"@type\":\"Organization\",\"@id\":\"http:\/\/acidfactory-design.com\/en\/#organization\",\"name\":\"Acid Factory\",\"url\":\"http:\/\/acidfactory-design.com\/en\/\",\"logo\":{\"@type\":\"ImageObject\",\"inLanguage\":\"en-GB\",\"@id\":\"http:\/\/acidfactory-design.com\/en\/#\/schema\/logo\/image\/\",\"url\":\"http:\/\/acidfactory-design.com\/wp-content\/uploads\/2022\/12\/cropped-logo-wordpress3.png\",\"contentUrl\":\"http:\/\/acidfactory-design.com\/wp-content\/uploads\/2022\/12\/cropped-logo-wordpress3.png\",\"width\":512,\"height\":512,\"caption\":\"Acid Factory\"},\"image\":{\"@id\":\"http:\/\/acidfactory-design.com\/en\/#\/schema\/logo\/image\/\"},\"sameAs\":[\"https:\/\/www.facebook.com\/AcidFactorydesign\/\",\"https:\/\/www.instagram.com\/acidfactorydesign\/\",\"https:\/\/www.pinterest.fr\/AcidFactorydesign\/\"]}]}<\/script>\n<!-- \/ Yoast SEO plugin. -->","yoast_head_json":{"title":"Jeanne d'arc - Vitrail - Acid Factory","robots":{"index":"index","follow":"follow","max-snippet":"max-snippet:-1","max-image-preview":"max-image-preview:large","max-video-preview":"max-video-preview:-1"},"canonical":"https:\/\/acidfactory-design.com\/en\/product\/jeanne-darc-vitrail\/","og_locale":"en_GB","og_type":"article","og_title":"Jeanne d'arc - Vitrail - Acid Factory","og_description":"Danse Macabre  Ces vitraux de danses macabre rappellent l\u2019universalit\u00e9 de la mort, montrant que personne n\u2019\u00e9chappe \u00e0 son emprise, qu\u2019il soit riche ou pauvre.  Jeanne d'arc en est l'inspiration, en effet ce th\u00e8me\u00a0de la mortalit\u00e9 est \u00e9galement pr\u00e9sent dans son histoire, elle a \u00e9t\u00e9 condamn\u00e9e \u00e0 mort et br\u00fbl\u00e9e sur le b\u00fbcher en 1431. Son sacrifice est un rappel de la lutte pour la justice m\u00eame face \u00e0 la mort in\u00e9vitable.","og_url":"https:\/\/acidfactory-design.com\/en\/product\/jeanne-darc-vitrail\/","og_site_name":"Acid Factory","article_publisher":"https:\/\/www.facebook.com\/AcidFactorydesign\/","article_modified_time":"2024-10-13T23:06:01+00:00","og_image":[{"width":500,"height":675,"url":"https:\/\/i0.wp.com\/acidfactory-design.com\/wp-content\/uploads\/2024\/10\/vitrail-bleu.jpg?fit=500%2C675&ssl=1","type":"image\/jpeg"}],"twitter_card":"summary_large_image","twitter_misc":{"Estimated reading time":"1 minute"},"schema":{"@context":"https:\/\/schema.org","@graph":[{"@type":"WebPage","@id":"https:\/\/acidfactory-design.com\/produit\/jeanne-darc-vitrail\/","url":"https:\/\/acidfactory-design.com\/produit\/jeanne-darc-vitrail\/","name":"Jeanne d'arc - Vitrail - Acid Factory","isPartOf":{"@id":"http:\/\/acidfactory-design.com\/en\/#website"},"primaryImageOfPage":{"@id":"https:\/\/acidfactory-design.com\/produit\/jeanne-darc-vitrail\/#primaryimage"},"image":{"@id":"https:\/\/acidfactory-design.com\/produit\/jeanne-darc-vitrail\/#primaryimage"},"thumbnailUrl":"https:\/\/i0.wp.com\/acidfactory-design.com\/wp-content\/uploads\/2024\/10\/vitrail-bleu.jpg?fit=500%2C675&ssl=1","datePublished":"2024-10-02T12:04:25+00:00","dateModified":"2024-10-13T23:06:01+00:00","breadcrumb":{"@id":"https:\/\/acidfactory-design.com\/produit\/jeanne-darc-vitrail\/#breadcrumb"},"inLanguage":"en-GB","potentialAction":[{"@type":"ReadAction","target":["https:\/\/acidfactory-design.com\/produit\/jeanne-darc-vitrail\/"]}]},{"@type":"ImageObject","inLanguage":"en-GB","@id":"https:\/\/acidfactory-design.com\/produit\/jeanne-darc-vitrail\/#primaryimage","url":"https:\/\/i0.wp.com\/acidfactory-design.com\/wp-content\/uploads\/2024\/10\/vitrail-bleu.jpg?fit=500%2C675&ssl=1","contentUrl":"https:\/\/i0.wp.com\/acidfactory-design.com\/wp-content\/uploads\/2024\/10\/vitrail-bleu.jpg?fit=500%2C675&ssl=1","width":500,"height":675},{"@type":"BreadcrumbList","@id":"https:\/\/acidfactory-design.com\/produit\/jeanne-darc-vitrail\/#breadcrumb","itemListElement":[{"@type":"ListItem","position":1,"name":"Accueil","item":"http:\/\/acidfactory-design.com\/en\/"},{"@type":"ListItem","position":2,"name":"Produits","item":"http:\/\/acidfactory-design.com\/shop\/"},{"@type":"ListItem","position":3,"name":"Jeanne d&rsquo;arc &#8211; Vitrail"}]},{"@type":"WebSite","@id":"http:\/\/acidfactory-design.com\/en\/#website","url":"http:\/\/acidfactory-design.com\/en\/","name":"Acid Factory","description":"A cocoon into darkness","publisher":{"@id":"http:\/\/acidfactory-design.com\/en\/#organization"},"potentialAction":[{"@type":"SearchAction","target":{"@type":"EntryPoint","urlTemplate":"http:\/\/acidfactory-design.com\/en\/?s={search_term_string}"},"query-input":{"@type":"PropertyValueSpecification","valueRequired":true,"valueName":"search_term_string"}}],"inLanguage":"en-GB"},{"@type":"Organization","@id":"http:\/\/acidfactory-design.com\/en\/#organization","name":"Acid Factory","url":"http:\/\/acidfactory-design.com\/en\/","logo":{"@type":"ImageObject","inLanguage":"en-GB","@id":"http:\/\/acidfactory-design.com\/en\/#\/schema\/logo\/image\/","url":"http:\/\/acidfactory-design.com\/wp-content\/uploads\/2022\/12\/cropped-logo-wordpress3.png","contentUrl":"http:\/\/acidfactory-design.com\/wp-content\/uploads\/2022\/12\/cropped-logo-wordpress3.png","width":512,"height":512,"caption":"Acid Factory"},"image":{"@id":"http:\/\/acidfactory-design.com\/en\/#\/schema\/logo\/image\/"},"sameAs":["https:\/\/www.facebook.com\/AcidFactorydesign\/","https:\/\/www.instagram.com\/acidfactorydesign\/","https:\/\/www.pinterest.fr\/AcidFactorydesign\/"]}]}},"jetpack_sharing_enabled":true,"_links":{"self":[{"href":"https:\/\/acidfactory-design.com\/en\/wp-json\/wp\/v2\/product\/3757","targetHints":{"allow":["GET"]}}],"collection":[{"href":"https:\/\/acidfactory-design.com\/en\/wp-json\/wp\/v2\/product"}],"about":[{"href":"https:\/\/acidfactory-design.com\/en\/wp-json\/wp\/v2\/types\/product"}],"replies":[{"embeddable":true,"href":"https:\/\/acidfactory-design.com\/en\/wp-json\/wp\/v2\/comments?post=3757"}],"wp:featuredmedia":[{"embeddable":true,"href":"https:\/\/acidfactory-design.com\/en\/wp-json\/wp\/v2\/media\/3767"}],"wp:attachment":[{"href":"https:\/\/acidfactory-design.com\/en\/wp-json\/wp\/v2\/media?parent=3757"}],"wp:term":[{"taxonomy":"product_brand","embeddable":true,"href":"https:\/\/acidfactory-design.com\/en\/wp-json\/wp\/v2\/product_brand?post=3757"},{"taxonomy":"product_cat","embeddable":true,"href":"https:\/\/acidfactory-design.com\/en\/wp-json\/wp\/v2\/product_cat?post=3757"},{"taxonomy":"product_tag","embeddable":true,"href":"https:\/\/acidfactory-design.com\/en\/wp-json\/wp\/v2\/product_tag?post=3757"}],"curies":[{"name":"wp","href":"https:\/\/api.w.org\/{rel}","templated":true}]}}