{"id":3735,"date":"2024-10-02T02:23:23","date_gmt":"2024-10-02T00:23:23","guid":{"rendered":"https:\/\/acidfactory-design.com\/?post_type=product&#038;p=3735"},"modified":"2024-10-14T00:55:41","modified_gmt":"2024-10-13T22:55:41","slug":"memento-mori-coussins","status":"publish","type":"product","link":"https:\/\/acidfactory-design.com\/en\/product\/memento-mori-coussins\/","title":{"rendered":"Memento Mori \u2013 cushions"},"content":{"rendered":"<p>Cotton cushion with post-mortem photos made using the cyanotype technique, back of the cushion in black velvet.<\/p>\n<p>Size 30x50cm<\/p>\n<p>Each piece is unique; color differences compared to the photo on the site are to be expected.<\/p>\n<p>&nbsp;<\/p>","protected":false},"excerpt":{"rendered":"<p>Memento Mori<\/p>\n<p>Memento mori est une expression latine signifiant \u00ab\u00a0souviens-toi que tu vas mourrir\u00a0\u00bb.<\/p>\n<p>La photographie post-mortem, \u00e9galement connue sous le nom de photographie de deuil, est une pratique, particuli\u00e8rement courante \u00e0 l&rsquo;\u00e9poque victorienne, consistant \u00e0 prendre des photos des d\u00e9funts. \u00a0Les gens cherchaient \u00e0 se souvenir de leurs proches de mani\u00e8re tangible. Les photographies post-mortem servaient de memento mori modernes, rappelant aux vivants la fragilit\u00e9 de la vie et l\u2019in\u00e9vitabilit\u00e9 de la mort.<\/p>\n<p>Le cyanotype est une technique d&rsquo;impression photographique datant du 19 \u00e8me si\u00e8cle , qui elle aussi est un rappel des photos post-mortem de l&rsquo;\u00e9poque victorienne.<\/p>\n[fusion_checklist icon=\"fa-check fas\" iconcolor=\"\" circle=\"no\" circlecolor=\"\" size=\"15px\" class=\"\" id=\"\"][fusion_li_item icon=\"\"]Impression r\u00e9alis\u00e9e par technique du cyanotype[\/fusion_li_item][fusion_li_item icon=\"\"]Dos du coussin en velour noir[\/fusion_li_item][fusion_li_item icon=\"\"]30x50cm[\/fusion_li_item][fusion_li_item icon=\"\"]Photos non contractuelles[\/fusion_li_item][fusion_li_item icon=\"\"]Pi\u00e8ce unique fabriqu\u00e9e \u00e0 la commande[\/fusion_li_item][fusion_li_item icon=\"\"]commande sur mesure possible[\/fusion_li_item][fusion_li_item icon=\"\"]Tous les prix incluent la TVA[\/fusion_li_item][fusion_li_item icon=\"\"]5 motifs au choix[\/fusion_li_item][\/fusion_checklist]\n","protected":false},"featured_media":3745,"comment_status":"closed","ping_status":"closed","template":"","meta":[],"product_brand":[],"product_cat":[98,70],"product_tag":[69],"class_list":{"0":"post-3735","1":"product","2":"type-product","3":"status-publish","4":"has-post-thumbnail","6":"product_cat-coussins","7":"product_cat-mortis","8":"product_tag-collection-mortis","10":"first","11":"instock","12":"taxable","13":"shipping-taxable","14":"purchasable","15":"product-type-variable"},"yoast_head":"<!-- This site is optimized with the Yoast SEO plugin v26.6 - https:\/\/yoast.com\/wordpress\/plugins\/seo\/ -->\n<title>Memento Mori - coussins - Acid Factory<\/title>\n<meta name=\"robots\" content=\"index, follow, max-snippet:-1, max-image-preview:large, max-video-preview:-1\" \/>\n<link rel=\"canonical\" href=\"https:\/\/acidfactory-design.com\/en\/product\/memento-mori-coussins\/\" \/>\n<meta property=\"og:locale\" content=\"en_GB\" \/>\n<meta property=\"og:type\" content=\"article\" \/>\n<meta property=\"og:title\" content=\"Memento Mori - coussins - Acid Factory\" \/>\n<meta property=\"og:description\" content=\"Memento Mori  Memento mori est une expression latine signifiant &quot;souviens-toi que tu vas mourrir&quot;.  La photographie post-mortem, \u00e9galement connue sous le nom de photographie de deuil, est une pratique, particuli\u00e8rement courante \u00e0 l&#039;\u00e9poque victorienne, consistant \u00e0 prendre des photos des d\u00e9funts. \u00a0Les gens cherchaient \u00e0 se souvenir de leurs proches de mani\u00e8re tangible. Les photographies post-mortem servaient de memento mori modernes, rappelant aux vivants la fragilit\u00e9 de la vie et l\u2019in\u00e9vitabilit\u00e9 de la mort.  Le cyanotype est une technique d&#039;impression photographique datant du 19 \u00e8me si\u00e8cle , qui elle aussi est un rappel des photos post-mortem de l&#039;\u00e9poque victorienne.\" \/>\n<meta property=\"og:url\" content=\"https:\/\/acidfactory-design.com\/en\/product\/memento-mori-coussins\/\" \/>\n<meta property=\"og:site_name\" content=\"Acid Factory\" \/>\n<meta property=\"article:publisher\" content=\"https:\/\/www.facebook.com\/AcidFactorydesign\/\" \/>\n<meta property=\"article:modified_time\" content=\"2024-10-13T22:55:41+00:00\" \/>\n<meta property=\"og:image\" content=\"https:\/\/i0.wp.com\/acidfactory-design.com\/wp-content\/uploads\/2024\/10\/PETITE-FILLE.jpg?fit=500%2C675&ssl=1\" \/>\n\t<meta property=\"og:image:width\" content=\"500\" \/>\n\t<meta property=\"og:image:height\" content=\"675\" \/>\n\t<meta property=\"og:image:type\" content=\"image\/jpeg\" \/>\n<meta name=\"twitter:card\" content=\"summary_large_image\" \/>\n<meta name=\"twitter:label1\" content=\"Estimated reading time\" \/>\n\t<meta name=\"twitter:data1\" content=\"1 minute\" \/>\n<script type=\"application\/ld+json\" class=\"yoast-schema-graph\">{\"@context\":\"https:\/\/schema.org\",\"@graph\":[{\"@type\":\"WebPage\",\"@id\":\"https:\/\/acidfactory-design.com\/produit\/memento-mori-coussins\/\",\"url\":\"https:\/\/acidfactory-design.com\/produit\/memento-mori-coussins\/\",\"name\":\"Memento Mori - coussins - Acid Factory\",\"isPartOf\":{\"@id\":\"http:\/\/acidfactory-design.com\/en\/#website\"},\"primaryImageOfPage\":{\"@id\":\"https:\/\/acidfactory-design.com\/produit\/memento-mori-coussins\/#primaryimage\"},\"image\":{\"@id\":\"https:\/\/acidfactory-design.com\/produit\/memento-mori-coussins\/#primaryimage\"},\"thumbnailUrl\":\"https:\/\/i0.wp.com\/acidfactory-design.com\/wp-content\/uploads\/2024\/10\/PETITE-FILLE.jpg?fit=500%2C675&ssl=1\",\"datePublished\":\"2024-10-02T00:23:23+00:00\",\"dateModified\":\"2024-10-13T22:55:41+00:00\",\"breadcrumb\":{\"@id\":\"https:\/\/acidfactory-design.com\/produit\/memento-mori-coussins\/#breadcrumb\"},\"inLanguage\":\"en-GB\",\"potentialAction\":[{\"@type\":\"ReadAction\",\"target\":[\"https:\/\/acidfactory-design.com\/produit\/memento-mori-coussins\/\"]}]},{\"@type\":\"ImageObject\",\"inLanguage\":\"en-GB\",\"@id\":\"https:\/\/acidfactory-design.com\/produit\/memento-mori-coussins\/#primaryimage\",\"url\":\"https:\/\/i0.wp.com\/acidfactory-design.com\/wp-content\/uploads\/2024\/10\/PETITE-FILLE.jpg?fit=500%2C675&ssl=1\",\"contentUrl\":\"https:\/\/i0.wp.com\/acidfactory-design.com\/wp-content\/uploads\/2024\/10\/PETITE-FILLE.jpg?fit=500%2C675&ssl=1\",\"width\":500,\"height\":675},{\"@type\":\"BreadcrumbList\",\"@id\":\"https:\/\/acidfactory-design.com\/produit\/memento-mori-coussins\/#breadcrumb\",\"itemListElement\":[{\"@type\":\"ListItem\",\"position\":1,\"name\":\"Accueil\",\"item\":\"http:\/\/acidfactory-design.com\/en\/\"},{\"@type\":\"ListItem\",\"position\":2,\"name\":\"Produits\",\"item\":\"http:\/\/acidfactory-design.com\/shop\/\"},{\"@type\":\"ListItem\",\"position\":3,\"name\":\"Memento Mori &#8211; coussins\"}]},{\"@type\":\"WebSite\",\"@id\":\"http:\/\/acidfactory-design.com\/en\/#website\",\"url\":\"http:\/\/acidfactory-design.com\/en\/\",\"name\":\"Acid Factory\",\"description\":\"A cocoon into darkness\",\"publisher\":{\"@id\":\"http:\/\/acidfactory-design.com\/en\/#organization\"},\"potentialAction\":[{\"@type\":\"SearchAction\",\"target\":{\"@type\":\"EntryPoint\",\"urlTemplate\":\"http:\/\/acidfactory-design.com\/en\/?s={search_term_string}\"},\"query-input\":{\"@type\":\"PropertyValueSpecification\",\"valueRequired\":true,\"valueName\":\"search_term_string\"}}],\"inLanguage\":\"en-GB\"},{\"@type\":\"Organization\",\"@id\":\"http:\/\/acidfactory-design.com\/en\/#organization\",\"name\":\"Acid Factory\",\"url\":\"http:\/\/acidfactory-design.com\/en\/\",\"logo\":{\"@type\":\"ImageObject\",\"inLanguage\":\"en-GB\",\"@id\":\"http:\/\/acidfactory-design.com\/en\/#\/schema\/logo\/image\/\",\"url\":\"http:\/\/acidfactory-design.com\/wp-content\/uploads\/2022\/12\/cropped-logo-wordpress3.png\",\"contentUrl\":\"http:\/\/acidfactory-design.com\/wp-content\/uploads\/2022\/12\/cropped-logo-wordpress3.png\",\"width\":512,\"height\":512,\"caption\":\"Acid Factory\"},\"image\":{\"@id\":\"http:\/\/acidfactory-design.com\/en\/#\/schema\/logo\/image\/\"},\"sameAs\":[\"https:\/\/www.facebook.com\/AcidFactorydesign\/\",\"https:\/\/www.instagram.com\/acidfactorydesign\/\",\"https:\/\/www.pinterest.fr\/AcidFactorydesign\/\"]}]}<\/script>\n<!-- \/ Yoast SEO plugin. -->","yoast_head_json":{"title":"Memento Mori - coussins - Acid Factory","robots":{"index":"index","follow":"follow","max-snippet":"max-snippet:-1","max-image-preview":"max-image-preview:large","max-video-preview":"max-video-preview:-1"},"canonical":"https:\/\/acidfactory-design.com\/en\/product\/memento-mori-coussins\/","og_locale":"en_GB","og_type":"article","og_title":"Memento Mori - coussins - Acid Factory","og_description":"Memento Mori  Memento mori est une expression latine signifiant \"souviens-toi que tu vas mourrir\".  La photographie post-mortem, \u00e9galement connue sous le nom de photographie de deuil, est une pratique, particuli\u00e8rement courante \u00e0 l'\u00e9poque victorienne, consistant \u00e0 prendre des photos des d\u00e9funts. \u00a0Les gens cherchaient \u00e0 se souvenir de leurs proches de mani\u00e8re tangible. Les photographies post-mortem servaient de memento mori modernes, rappelant aux vivants la fragilit\u00e9 de la vie et l\u2019in\u00e9vitabilit\u00e9 de la mort.  Le cyanotype est une technique d'impression photographique datant du 19 \u00e8me si\u00e8cle , qui elle aussi est un rappel des photos post-mortem de l'\u00e9poque victorienne.","og_url":"https:\/\/acidfactory-design.com\/en\/product\/memento-mori-coussins\/","og_site_name":"Acid Factory","article_publisher":"https:\/\/www.facebook.com\/AcidFactorydesign\/","article_modified_time":"2024-10-13T22:55:41+00:00","og_image":[{"width":500,"height":675,"url":"https:\/\/i0.wp.com\/acidfactory-design.com\/wp-content\/uploads\/2024\/10\/PETITE-FILLE.jpg?fit=500%2C675&ssl=1","type":"image\/jpeg"}],"twitter_card":"summary_large_image","twitter_misc":{"Estimated reading time":"1 minute"},"schema":{"@context":"https:\/\/schema.org","@graph":[{"@type":"WebPage","@id":"https:\/\/acidfactory-design.com\/produit\/memento-mori-coussins\/","url":"https:\/\/acidfactory-design.com\/produit\/memento-mori-coussins\/","name":"Memento Mori - coussins - Acid Factory","isPartOf":{"@id":"http:\/\/acidfactory-design.com\/en\/#website"},"primaryImageOfPage":{"@id":"https:\/\/acidfactory-design.com\/produit\/memento-mori-coussins\/#primaryimage"},"image":{"@id":"https:\/\/acidfactory-design.com\/produit\/memento-mori-coussins\/#primaryimage"},"thumbnailUrl":"https:\/\/i0.wp.com\/acidfactory-design.com\/wp-content\/uploads\/2024\/10\/PETITE-FILLE.jpg?fit=500%2C675&ssl=1","datePublished":"2024-10-02T00:23:23+00:00","dateModified":"2024-10-13T22:55:41+00:00","breadcrumb":{"@id":"https:\/\/acidfactory-design.com\/produit\/memento-mori-coussins\/#breadcrumb"},"inLanguage":"en-GB","potentialAction":[{"@type":"ReadAction","target":["https:\/\/acidfactory-design.com\/produit\/memento-mori-coussins\/"]}]},{"@type":"ImageObject","inLanguage":"en-GB","@id":"https:\/\/acidfactory-design.com\/produit\/memento-mori-coussins\/#primaryimage","url":"https:\/\/i0.wp.com\/acidfactory-design.com\/wp-content\/uploads\/2024\/10\/PETITE-FILLE.jpg?fit=500%2C675&ssl=1","contentUrl":"https:\/\/i0.wp.com\/acidfactory-design.com\/wp-content\/uploads\/2024\/10\/PETITE-FILLE.jpg?fit=500%2C675&ssl=1","width":500,"height":675},{"@type":"BreadcrumbList","@id":"https:\/\/acidfactory-design.com\/produit\/memento-mori-coussins\/#breadcrumb","itemListElement":[{"@type":"ListItem","position":1,"name":"Accueil","item":"http:\/\/acidfactory-design.com\/en\/"},{"@type":"ListItem","position":2,"name":"Produits","item":"http:\/\/acidfactory-design.com\/shop\/"},{"@type":"ListItem","position":3,"name":"Memento Mori &#8211; coussins"}]},{"@type":"WebSite","@id":"http:\/\/acidfactory-design.com\/en\/#website","url":"http:\/\/acidfactory-design.com\/en\/","name":"Acid Factory","description":"A cocoon into darkness","publisher":{"@id":"http:\/\/acidfactory-design.com\/en\/#organization"},"potentialAction":[{"@type":"SearchAction","target":{"@type":"EntryPoint","urlTemplate":"http:\/\/acidfactory-design.com\/en\/?s={search_term_string}"},"query-input":{"@type":"PropertyValueSpecification","valueRequired":true,"valueName":"search_term_string"}}],"inLanguage":"en-GB"},{"@type":"Organization","@id":"http:\/\/acidfactory-design.com\/en\/#organization","name":"Acid Factory","url":"http:\/\/acidfactory-design.com\/en\/","logo":{"@type":"ImageObject","inLanguage":"en-GB","@id":"http:\/\/acidfactory-design.com\/en\/#\/schema\/logo\/image\/","url":"http:\/\/acidfactory-design.com\/wp-content\/uploads\/2022\/12\/cropped-logo-wordpress3.png","contentUrl":"http:\/\/acidfactory-design.com\/wp-content\/uploads\/2022\/12\/cropped-logo-wordpress3.png","width":512,"height":512,"caption":"Acid Factory"},"image":{"@id":"http:\/\/acidfactory-design.com\/en\/#\/schema\/logo\/image\/"},"sameAs":["https:\/\/www.facebook.com\/AcidFactorydesign\/","https:\/\/www.instagram.com\/acidfactorydesign\/","https:\/\/www.pinterest.fr\/AcidFactorydesign\/"]}]}},"jetpack_sharing_enabled":true,"_links":{"self":[{"href":"https:\/\/acidfactory-design.com\/en\/wp-json\/wp\/v2\/product\/3735","targetHints":{"allow":["GET"]}}],"collection":[{"href":"https:\/\/acidfactory-design.com\/en\/wp-json\/wp\/v2\/product"}],"about":[{"href":"https:\/\/acidfactory-design.com\/en\/wp-json\/wp\/v2\/types\/product"}],"replies":[{"embeddable":true,"href":"https:\/\/acidfactory-design.com\/en\/wp-json\/wp\/v2\/comments?post=3735"}],"wp:featuredmedia":[{"embeddable":true,"href":"https:\/\/acidfactory-design.com\/en\/wp-json\/wp\/v2\/media\/3745"}],"wp:attachment":[{"href":"https:\/\/acidfactory-design.com\/en\/wp-json\/wp\/v2\/media?parent=3735"}],"wp:term":[{"taxonomy":"product_brand","embeddable":true,"href":"https:\/\/acidfactory-design.com\/en\/wp-json\/wp\/v2\/product_brand?post=3735"},{"taxonomy":"product_cat","embeddable":true,"href":"https:\/\/acidfactory-design.com\/en\/wp-json\/wp\/v2\/product_cat?post=3735"},{"taxonomy":"product_tag","embeddable":true,"href":"https:\/\/acidfactory-design.com\/en\/wp-json\/wp\/v2\/product_tag?post=3735"}],"curies":[{"name":"wp","href":"https:\/\/api.w.org\/{rel}","templated":true}]}}