{"id":3543,"date":"2024-10-14T10:00:18","date_gmt":"2024-10-14T08:00:18","guid":{"rendered":"https:\/\/acidfactory-design.com\/?post_type=product&#038;p=3543"},"modified":"2025-07-05T16:31:30","modified_gmt":"2025-07-05T14:31:30","slug":"precommande-pack-paracelse","status":"publish","type":"product","link":"https:\/\/acidfactory-design.com\/en\/product\/precommande-pack-paracelse\/","title":{"rendered":"Preorder Pack Paracelse"},"content":{"rendered":"<p>Pack\u00a0:<\/p>\n<p>4 white porcelain mugs<br \/>\n4 stainless steel sponns 12.5 cm<br \/>\n1 tarot card Parcelse<br \/>\n4 teabags of organic tea and herbal tea in collaboration with Betibio Montauroux<\/p>\n<p>Phylosophy\u00a0: white tea pai mu tan<br \/>\nComposition: White tea, green tea, pieces of papaya, pineapple, goji, pomegranate, cranberry, kiwi, flavoring.<br \/>\nInfusion\u00a0: 3 min \u00e0 80\u00b0C 12gr\/litre<\/p>\n<p>Alchemy\u00a0: rhubarb black tea<br \/>\nComposition: Black tea, apple cubes, hibiscus, elderberry, natural flavors, rosehip, freeze-dried rhubarb,<br \/>\nPink cornflower petals, blue cornflower petals, violet petals, and red rose petals.<br \/>\nInfusion\u00a0: 4 minutes \u00e0 100\u00b0C 12gr\/litre<\/p>\n<p>Virtue\u00a0: Green tea sencha with caramel<br \/>\nSencha, apricot, caramel, natural flavors, marigold petals.<br \/>\nInfusion\u00a0: 3-5 minutes \u00e0 80\u00b012gr\/litre<\/p>\n<p>Strawberry and orange infusion.<br \/>\nComposition: Apple pieces, hibiscus, lemongrass, orange, strawberry pieces, natural flavor.<br \/>\nInfusion\u00a0: 4-8 minutes 100\u00b0C 12gr\/litre<\/p>\n<p>Cup Capacity: 190ml Cup dimensions: L 12.5 x l 9 x H 8.4 cm\u00a0 Dimensions of a stack of 4 cups: L 12.5x l 9x H 27cm<\/p>\n<p>Bell dimension: H 30cm Base dimensions: 17cm<\/p>","protected":false},"excerpt":{"rendered":"<p>PACK PARACELSE<\/p>\n<p>Paracelse, m\u00e9decin suisse du 16\u00e8me si\u00e8cle, a inspir\u00e9 ces tasses. Il est connu pour ses contributions r\u00e9volutionnaires \u00e0 la m\u00e9decine et \u00e0 la chimie. Paracelse voyait la mort non pas comme une fin, mais comme une transformation. Influenc\u00e9 par ses croyances alchimiques et mystiques, il consid\u00e9rait que la mort faisait partie d\u2019un processus naturel de purification et de renaissance. Selon lui, l\u2019\u00e2me humaine, apr\u00e8s la mort, subissait une sorte de transmutation, similaire aux processus chimiques qu\u2019il \u00e9tudiait. Ces concepts montrent comment Paracelse int\u00e9grait philosophie, science et spiritualit\u00e9 dans sa pratique m\u00e9dicale.<br \/>\nLes quatre th\u00e9s choisis repr\u00e9sentent les piliers de la m\u00e9decine de Paracelse, qui sont :<br \/>\n1. Philosophie naturelle : Comprendre la nature et ses lois est essentiel pour la pratique m\u00e9dicale.<br \/>\n2. Alchimie : Utiliser la transformation des substances pour cr\u00e9er des rem\u00e8des, une approche innovante qui a fait de Paracelse un pionnier de la chimie moderne.<br \/>\n3. Astrologie : Les corps c\u00e9lestes influencent la sant\u00e9 humaine, et l\u2019astrologie est utilis\u00e9e pour diagnostiquer et traiter les maladies.<br \/>\n4. Vertu du m\u00e9decin : La moralit\u00e9 et l\u2019\u00e9thique du m\u00e9decin sont cruciales pour une gu\u00e9rison efficace.<br \/>\nLes petites cuill\u00e8res en forme de spatules de laboratoire sont aussi une r\u00e9f\u00e9rence \u00e0 son travail et \u00e0 la m\u00e9decine.<\/p>\n[fusion_checklist icon=\"fa-check fas\" iconcolor=\"\" circle=\"no\" circlecolor=\"\" size=\"15px\" class=\"\" id=\"\"][fusion_li_item icon=\"\"]Tasses porcelaine blanche[\/fusion_li_item][fusion_li_item icon=\"\"]lave vaisselle\/micro-onde[\/fusion_li_item][fusion_li_item icon=\"\"]Cuilli\u00e8res en acier inoxidable[\/fusion_li_item][fusion_li_item icon=\"\"]Th\u00e9 et tisane\u00a0 bio[\/fusion_li_item][fusion_li_item icon=\"\"]Tous les prix incluent la TVA[\/fusion_li_item][fusion_li_item icon=\"\"]<span style=\"color: #ff0000;\"><strong>Livraison offerte pour toute pr\u00e9commande<\/strong><\/span>[\/fusion_li_item][\/fusion_checklist]\n","protected":false},"featured_media":3539,"comment_status":"closed","ping_status":"closed","template":"","meta":[],"product_brand":[],"product_cat":[70,90],"product_tag":[69],"class_list":{"0":"post-3543","1":"product","2":"type-product","3":"status-publish","4":"has-post-thumbnail","6":"product_cat-mortis","7":"product_cat-tasses","8":"product_tag-collection-mortis","9":"product_shipping_class-gratuit","11":"first","12":"instock","13":"featured","14":"taxable","15":"shipping-taxable","16":"product-type-variable"},"yoast_head":"<!-- This site is optimized with the Yoast SEO plugin v26.6 - https:\/\/yoast.com\/wordpress\/plugins\/seo\/ -->\n<title>Pr\u00e9commande Pack Paracelse - Acid Factory<\/title>\n<meta name=\"robots\" content=\"index, follow, max-snippet:-1, max-image-preview:large, max-video-preview:-1\" \/>\n<link rel=\"canonical\" href=\"https:\/\/acidfactory-design.com\/en\/product\/precommande-pack-paracelse\/\" \/>\n<meta property=\"og:locale\" content=\"en_GB\" \/>\n<meta property=\"og:type\" content=\"article\" \/>\n<meta property=\"og:title\" content=\"Pr\u00e9commande Pack Paracelse - Acid Factory\" \/>\n<meta property=\"og:description\" content=\"PACK PARACELSE  Paracelse, m\u00e9decin suisse du 16\u00e8me si\u00e8cle, a inspir\u00e9 ces tasses. Il est connu pour ses contributions r\u00e9volutionnaires \u00e0 la m\u00e9decine et \u00e0 la chimie. Paracelse voyait la mort non pas comme une fin, mais comme une transformation. Influenc\u00e9 par ses croyances alchimiques et mystiques, il consid\u00e9rait que la mort faisait partie d\u2019un processus naturel de purification et de renaissance. Selon lui, l\u2019\u00e2me humaine, apr\u00e8s la mort, subissait une sorte de transmutation, similaire aux processus chimiques qu\u2019il \u00e9tudiait. Ces concepts montrent comment Paracelse int\u00e9grait philosophie, science et spiritualit\u00e9 dans sa pratique m\u00e9dicale. Les quatre th\u00e9s choisis repr\u00e9sentent les piliers de la m\u00e9decine de Paracelse, qui sont : 1. Philosophie naturelle : Comprendre la nature et ses lois est essentiel pour la pratique m\u00e9dicale. 2. Alchimie : Utiliser la transformation des substances pour cr\u00e9er des rem\u00e8des, une approche innovante qui a fait de Paracelse un pionnier de la chimie moderne. 3. Astrologie : Les corps c\u00e9lestes influencent la sant\u00e9 humaine, et l\u2019astrologie est utilis\u00e9e pour diagnostiquer et traiter les maladies. 4. Vertu du m\u00e9decin : La moralit\u00e9 et l\u2019\u00e9thique du m\u00e9decin sont cruciales pour une gu\u00e9rison efficace. Les petites cuill\u00e8res en forme de spatules de laboratoire sont aussi une r\u00e9f\u00e9rence \u00e0 son travail et \u00e0 la m\u00e9decine.\" \/>\n<meta property=\"og:url\" content=\"https:\/\/acidfactory-design.com\/en\/product\/precommande-pack-paracelse\/\" \/>\n<meta property=\"og:site_name\" content=\"Acid Factory\" \/>\n<meta property=\"article:publisher\" content=\"https:\/\/www.facebook.com\/AcidFactorydesign\/\" \/>\n<meta property=\"article:modified_time\" content=\"2025-07-05T14:31:30+00:00\" \/>\n<meta property=\"og:image\" content=\"https:\/\/i0.wp.com\/acidfactory-design.com\/wp-content\/uploads\/2024\/09\/tasse-avec-cloche.jpg?fit=500%2C675&ssl=1\" \/>\n\t<meta property=\"og:image:width\" content=\"500\" \/>\n\t<meta property=\"og:image:height\" content=\"675\" \/>\n\t<meta property=\"og:image:type\" content=\"image\/jpeg\" \/>\n<meta name=\"twitter:card\" content=\"summary_large_image\" \/>\n<meta name=\"twitter:label1\" content=\"Estimated reading time\" \/>\n\t<meta name=\"twitter:data1\" content=\"2 minutes\" \/>\n<script type=\"application\/ld+json\" class=\"yoast-schema-graph\">{\"@context\":\"https:\/\/schema.org\",\"@graph\":[{\"@type\":\"WebPage\",\"@id\":\"https:\/\/acidfactory-design.com\/produit\/precommande-pack-paracelse\/\",\"url\":\"https:\/\/acidfactory-design.com\/produit\/precommande-pack-paracelse\/\",\"name\":\"Pr\u00e9commande Pack Paracelse - Acid Factory\",\"isPartOf\":{\"@id\":\"http:\/\/acidfactory-design.com\/en\/#website\"},\"primaryImageOfPage\":{\"@id\":\"https:\/\/acidfactory-design.com\/produit\/precommande-pack-paracelse\/#primaryimage\"},\"image\":{\"@id\":\"https:\/\/acidfactory-design.com\/produit\/precommande-pack-paracelse\/#primaryimage\"},\"thumbnailUrl\":\"https:\/\/i0.wp.com\/acidfactory-design.com\/wp-content\/uploads\/2024\/09\/tasse-avec-cloche.jpg?fit=500%2C675&ssl=1\",\"datePublished\":\"2024-10-14T08:00:18+00:00\",\"dateModified\":\"2025-07-05T14:31:30+00:00\",\"breadcrumb\":{\"@id\":\"https:\/\/acidfactory-design.com\/produit\/precommande-pack-paracelse\/#breadcrumb\"},\"inLanguage\":\"en-GB\",\"potentialAction\":[{\"@type\":\"ReadAction\",\"target\":[\"https:\/\/acidfactory-design.com\/produit\/precommande-pack-paracelse\/\"]}]},{\"@type\":\"ImageObject\",\"inLanguage\":\"en-GB\",\"@id\":\"https:\/\/acidfactory-design.com\/produit\/precommande-pack-paracelse\/#primaryimage\",\"url\":\"https:\/\/i0.wp.com\/acidfactory-design.com\/wp-content\/uploads\/2024\/09\/tasse-avec-cloche.jpg?fit=500%2C675&ssl=1\",\"contentUrl\":\"https:\/\/i0.wp.com\/acidfactory-design.com\/wp-content\/uploads\/2024\/09\/tasse-avec-cloche.jpg?fit=500%2C675&ssl=1\",\"width\":500,\"height\":675,\"caption\":\"Pack de quatre tasses en porcelaine blanche en forme de vert\u00e8bre qui s'empilent pour cr\u00e9er une colonne vert\u00e9brale\"},{\"@type\":\"BreadcrumbList\",\"@id\":\"https:\/\/acidfactory-design.com\/produit\/precommande-pack-paracelse\/#breadcrumb\",\"itemListElement\":[{\"@type\":\"ListItem\",\"position\":1,\"name\":\"Accueil\",\"item\":\"http:\/\/acidfactory-design.com\/en\/\"},{\"@type\":\"ListItem\",\"position\":2,\"name\":\"Produits\",\"item\":\"http:\/\/acidfactory-design.com\/shop\/\"},{\"@type\":\"ListItem\",\"position\":3,\"name\":\"Pr\u00e9commande Pack Paracelse\"}]},{\"@type\":\"WebSite\",\"@id\":\"http:\/\/acidfactory-design.com\/en\/#website\",\"url\":\"http:\/\/acidfactory-design.com\/en\/\",\"name\":\"Acid Factory\",\"description\":\"A cocoon into darkness\",\"publisher\":{\"@id\":\"http:\/\/acidfactory-design.com\/en\/#organization\"},\"potentialAction\":[{\"@type\":\"SearchAction\",\"target\":{\"@type\":\"EntryPoint\",\"urlTemplate\":\"http:\/\/acidfactory-design.com\/en\/?s={search_term_string}\"},\"query-input\":{\"@type\":\"PropertyValueSpecification\",\"valueRequired\":true,\"valueName\":\"search_term_string\"}}],\"inLanguage\":\"en-GB\"},{\"@type\":\"Organization\",\"@id\":\"http:\/\/acidfactory-design.com\/en\/#organization\",\"name\":\"Acid Factory\",\"url\":\"http:\/\/acidfactory-design.com\/en\/\",\"logo\":{\"@type\":\"ImageObject\",\"inLanguage\":\"en-GB\",\"@id\":\"http:\/\/acidfactory-design.com\/en\/#\/schema\/logo\/image\/\",\"url\":\"http:\/\/acidfactory-design.com\/wp-content\/uploads\/2022\/12\/cropped-logo-wordpress3.png\",\"contentUrl\":\"http:\/\/acidfactory-design.com\/wp-content\/uploads\/2022\/12\/cropped-logo-wordpress3.png\",\"width\":512,\"height\":512,\"caption\":\"Acid Factory\"},\"image\":{\"@id\":\"http:\/\/acidfactory-design.com\/en\/#\/schema\/logo\/image\/\"},\"sameAs\":[\"https:\/\/www.facebook.com\/AcidFactorydesign\/\",\"https:\/\/www.instagram.com\/acidfactorydesign\/\",\"https:\/\/www.pinterest.fr\/AcidFactorydesign\/\"]}]}<\/script>\n<!-- \/ Yoast SEO plugin. -->","yoast_head_json":{"title":"Pr\u00e9commande Pack Paracelse - Acid Factory","robots":{"index":"index","follow":"follow","max-snippet":"max-snippet:-1","max-image-preview":"max-image-preview:large","max-video-preview":"max-video-preview:-1"},"canonical":"https:\/\/acidfactory-design.com\/en\/product\/precommande-pack-paracelse\/","og_locale":"en_GB","og_type":"article","og_title":"Pr\u00e9commande Pack Paracelse - Acid Factory","og_description":"PACK PARACELSE  Paracelse, m\u00e9decin suisse du 16\u00e8me si\u00e8cle, a inspir\u00e9 ces tasses. Il est connu pour ses contributions r\u00e9volutionnaires \u00e0 la m\u00e9decine et \u00e0 la chimie. Paracelse voyait la mort non pas comme une fin, mais comme une transformation. Influenc\u00e9 par ses croyances alchimiques et mystiques, il consid\u00e9rait que la mort faisait partie d\u2019un processus naturel de purification et de renaissance. Selon lui, l\u2019\u00e2me humaine, apr\u00e8s la mort, subissait une sorte de transmutation, similaire aux processus chimiques qu\u2019il \u00e9tudiait. Ces concepts montrent comment Paracelse int\u00e9grait philosophie, science et spiritualit\u00e9 dans sa pratique m\u00e9dicale. Les quatre th\u00e9s choisis repr\u00e9sentent les piliers de la m\u00e9decine de Paracelse, qui sont : 1. Philosophie naturelle : Comprendre la nature et ses lois est essentiel pour la pratique m\u00e9dicale. 2. Alchimie : Utiliser la transformation des substances pour cr\u00e9er des rem\u00e8des, une approche innovante qui a fait de Paracelse un pionnier de la chimie moderne. 3. Astrologie : Les corps c\u00e9lestes influencent la sant\u00e9 humaine, et l\u2019astrologie est utilis\u00e9e pour diagnostiquer et traiter les maladies. 4. Vertu du m\u00e9decin : La moralit\u00e9 et l\u2019\u00e9thique du m\u00e9decin sont cruciales pour une gu\u00e9rison efficace. Les petites cuill\u00e8res en forme de spatules de laboratoire sont aussi une r\u00e9f\u00e9rence \u00e0 son travail et \u00e0 la m\u00e9decine.","og_url":"https:\/\/acidfactory-design.com\/en\/product\/precommande-pack-paracelse\/","og_site_name":"Acid Factory","article_publisher":"https:\/\/www.facebook.com\/AcidFactorydesign\/","article_modified_time":"2025-07-05T14:31:30+00:00","og_image":[{"width":500,"height":675,"url":"https:\/\/i0.wp.com\/acidfactory-design.com\/wp-content\/uploads\/2024\/09\/tasse-avec-cloche.jpg?fit=500%2C675&ssl=1","type":"image\/jpeg"}],"twitter_card":"summary_large_image","twitter_misc":{"Estimated reading time":"2 minutes"},"schema":{"@context":"https:\/\/schema.org","@graph":[{"@type":"WebPage","@id":"https:\/\/acidfactory-design.com\/produit\/precommande-pack-paracelse\/","url":"https:\/\/acidfactory-design.com\/produit\/precommande-pack-paracelse\/","name":"Pr\u00e9commande Pack Paracelse - Acid Factory","isPartOf":{"@id":"http:\/\/acidfactory-design.com\/en\/#website"},"primaryImageOfPage":{"@id":"https:\/\/acidfactory-design.com\/produit\/precommande-pack-paracelse\/#primaryimage"},"image":{"@id":"https:\/\/acidfactory-design.com\/produit\/precommande-pack-paracelse\/#primaryimage"},"thumbnailUrl":"https:\/\/i0.wp.com\/acidfactory-design.com\/wp-content\/uploads\/2024\/09\/tasse-avec-cloche.jpg?fit=500%2C675&ssl=1","datePublished":"2024-10-14T08:00:18+00:00","dateModified":"2025-07-05T14:31:30+00:00","breadcrumb":{"@id":"https:\/\/acidfactory-design.com\/produit\/precommande-pack-paracelse\/#breadcrumb"},"inLanguage":"en-GB","potentialAction":[{"@type":"ReadAction","target":["https:\/\/acidfactory-design.com\/produit\/precommande-pack-paracelse\/"]}]},{"@type":"ImageObject","inLanguage":"en-GB","@id":"https:\/\/acidfactory-design.com\/produit\/precommande-pack-paracelse\/#primaryimage","url":"https:\/\/i0.wp.com\/acidfactory-design.com\/wp-content\/uploads\/2024\/09\/tasse-avec-cloche.jpg?fit=500%2C675&ssl=1","contentUrl":"https:\/\/i0.wp.com\/acidfactory-design.com\/wp-content\/uploads\/2024\/09\/tasse-avec-cloche.jpg?fit=500%2C675&ssl=1","width":500,"height":675,"caption":"Pack de quatre tasses en porcelaine blanche en forme de vert\u00e8bre qui s'empilent pour cr\u00e9er une colonne vert\u00e9brale"},{"@type":"BreadcrumbList","@id":"https:\/\/acidfactory-design.com\/produit\/precommande-pack-paracelse\/#breadcrumb","itemListElement":[{"@type":"ListItem","position":1,"name":"Accueil","item":"http:\/\/acidfactory-design.com\/en\/"},{"@type":"ListItem","position":2,"name":"Produits","item":"http:\/\/acidfactory-design.com\/shop\/"},{"@type":"ListItem","position":3,"name":"Pr\u00e9commande Pack Paracelse"}]},{"@type":"WebSite","@id":"http:\/\/acidfactory-design.com\/en\/#website","url":"http:\/\/acidfactory-design.com\/en\/","name":"Acid Factory","description":"A cocoon into darkness","publisher":{"@id":"http:\/\/acidfactory-design.com\/en\/#organization"},"potentialAction":[{"@type":"SearchAction","target":{"@type":"EntryPoint","urlTemplate":"http:\/\/acidfactory-design.com\/en\/?s={search_term_string}"},"query-input":{"@type":"PropertyValueSpecification","valueRequired":true,"valueName":"search_term_string"}}],"inLanguage":"en-GB"},{"@type":"Organization","@id":"http:\/\/acidfactory-design.com\/en\/#organization","name":"Acid Factory","url":"http:\/\/acidfactory-design.com\/en\/","logo":{"@type":"ImageObject","inLanguage":"en-GB","@id":"http:\/\/acidfactory-design.com\/en\/#\/schema\/logo\/image\/","url":"http:\/\/acidfactory-design.com\/wp-content\/uploads\/2022\/12\/cropped-logo-wordpress3.png","contentUrl":"http:\/\/acidfactory-design.com\/wp-content\/uploads\/2022\/12\/cropped-logo-wordpress3.png","width":512,"height":512,"caption":"Acid Factory"},"image":{"@id":"http:\/\/acidfactory-design.com\/en\/#\/schema\/logo\/image\/"},"sameAs":["https:\/\/www.facebook.com\/AcidFactorydesign\/","https:\/\/www.instagram.com\/acidfactorydesign\/","https:\/\/www.pinterest.fr\/AcidFactorydesign\/"]}]}},"jetpack_sharing_enabled":true,"_links":{"self":[{"href":"https:\/\/acidfactory-design.com\/en\/wp-json\/wp\/v2\/product\/3543","targetHints":{"allow":["GET"]}}],"collection":[{"href":"https:\/\/acidfactory-design.com\/en\/wp-json\/wp\/v2\/product"}],"about":[{"href":"https:\/\/acidfactory-design.com\/en\/wp-json\/wp\/v2\/types\/product"}],"replies":[{"embeddable":true,"href":"https:\/\/acidfactory-design.com\/en\/wp-json\/wp\/v2\/comments?post=3543"}],"wp:featuredmedia":[{"embeddable":true,"href":"https:\/\/acidfactory-design.com\/en\/wp-json\/wp\/v2\/media\/3539"}],"wp:attachment":[{"href":"https:\/\/acidfactory-design.com\/en\/wp-json\/wp\/v2\/media?parent=3543"}],"wp:term":[{"taxonomy":"product_brand","embeddable":true,"href":"https:\/\/acidfactory-design.com\/en\/wp-json\/wp\/v2\/product_brand?post=3543"},{"taxonomy":"product_cat","embeddable":true,"href":"https:\/\/acidfactory-design.com\/en\/wp-json\/wp\/v2\/product_cat?post=3543"},{"taxonomy":"product_tag","embeddable":true,"href":"https:\/\/acidfactory-design.com\/en\/wp-json\/wp\/v2\/product_tag?post=3543"}],"curies":[{"name":"wp","href":"https:\/\/api.w.org\/{rel}","templated":true}]}}