{"id":3513,"date":"2024-09-20T21:36:21","date_gmt":"2024-09-20T19:36:21","guid":{"rendered":"https:\/\/acidfactory-design.com\/?post_type=product&#038;p=3513"},"modified":"2025-08-24T11:07:18","modified_gmt":"2025-08-24T09:07:18","slug":"tshirt-deaths-shirts","status":"publish","type":"product","link":"https:\/\/acidfactory-design.com\/en\/product\/tshirt-deaths-shirts\/","title":{"rendered":"Death&rsquo;s Shirts"},"content":{"rendered":"<p>Black t-shirt 100% cotton, screen-printed by hand in our workshop with the illustrations of our tarot cards.<\/p>","protected":false},"excerpt":{"rendered":"<p>DEATH&rsquo;S SHIRTS<\/p>\n<p>T-shirts avec les illustrations de nos cartes d&rsquo;oracle .<\/p>\n[fusion_checklist icon=\"fa-check fas\" iconcolor=\"\" circle=\"no\" circlecolor=\"\" size=\"15px\" class=\"\" id=\"\"][fusion_li_item icon=\"\"]100% coton[\/fusion_li_item][fusion_li_item icon=\"\"] peinture \u00e0 l&rsquo;eau \u00e9cologique[\/fusion_li_item][fusion_li_item icon=\"\"]s\u00e9rigraphi\u00e9 \u00e0 la main[\/fusion_li_item][fusion_li_item icon=\"\"]lavable en machine[\/fusion_li_item][fusion_li_item icon=\"\"]Tous les prix incluent la TVA[\/fusion_li_item][fusion_li_item icon=\"\"]3 motifs au choix[\/fusion_li_item][\/fusion_checklist]\n","protected":false},"featured_media":4004,"comment_status":"closed","ping_status":"closed","template":"","meta":[],"product_brand":[],"product_cat":[70,43],"product_tag":[69],"class_list":{"0":"post-3513","1":"product","2":"type-product","3":"status-publish","4":"has-post-thumbnail","6":"product_cat-mortis","7":"product_cat-shirts","8":"product_tag-collection-mortis","10":"first","11":"instock","12":"taxable","13":"shipping-taxable","14":"purchasable","15":"product-type-variable"},"yoast_head":"<!-- This site is optimized with the Yoast SEO plugin v26.6 - https:\/\/yoast.com\/wordpress\/plugins\/seo\/ -->\n<title>Death&#039;s Shirts - Acid Factory<\/title>\n<meta name=\"robots\" content=\"index, follow, max-snippet:-1, max-image-preview:large, max-video-preview:-1\" \/>\n<link rel=\"canonical\" href=\"http:\/\/acidfactory-design.com\/en\/product\/tshirt-deaths-shirts\/\" \/>\n<meta property=\"og:locale\" content=\"en_GB\" \/>\n<meta property=\"og:type\" content=\"article\" \/>\n<meta property=\"og:title\" content=\"Death&#039;s Shirts - Acid Factory\" \/>\n<meta property=\"og:description\" content=\"DEATH&#039;S SHIRTS  T-shirts avec les illustrations de nos cartes d&#039;oracle .\" \/>\n<meta property=\"og:url\" content=\"http:\/\/acidfactory-design.com\/en\/product\/tshirt-deaths-shirts\/\" \/>\n<meta property=\"og:site_name\" content=\"Acid Factory\" \/>\n<meta property=\"article:publisher\" content=\"https:\/\/www.facebook.com\/AcidFactorydesign\/\" \/>\n<meta property=\"article:modified_time\" content=\"2025-08-24T09:07:18+00:00\" \/>\n<meta property=\"og:image\" content=\"https:\/\/i0.wp.com\/acidfactory-design.com\/wp-content\/uploads\/2024\/09\/mockup-hecate-scaled.webp?fit=1933%2C2560\" \/>\n\t<meta property=\"og:image:width\" content=\"1933\" \/>\n\t<meta property=\"og:image:height\" content=\"2560\" \/>\n\t<meta property=\"og:image:type\" content=\"image\/webp\" \/>\n<meta name=\"twitter:card\" content=\"summary_large_image\" \/>\n<meta name=\"twitter:label1\" content=\"Estimated reading time\" \/>\n\t<meta name=\"twitter:data1\" content=\"1 minute\" \/>\n<script type=\"application\/ld+json\" class=\"yoast-schema-graph\">{\"@context\":\"https:\/\/schema.org\",\"@graph\":[{\"@type\":\"WebPage\",\"@id\":\"http:\/\/acidfactory-design.com\/produit\/tshirt-deaths-shirts\/\",\"url\":\"http:\/\/acidfactory-design.com\/produit\/tshirt-deaths-shirts\/\",\"name\":\"Death's Shirts - Acid Factory\",\"isPartOf\":{\"@id\":\"http:\/\/acidfactory-design.com\/en\/#website\"},\"primaryImageOfPage\":{\"@id\":\"http:\/\/acidfactory-design.com\/produit\/tshirt-deaths-shirts\/#primaryimage\"},\"image\":{\"@id\":\"http:\/\/acidfactory-design.com\/produit\/tshirt-deaths-shirts\/#primaryimage\"},\"thumbnailUrl\":\"https:\/\/i0.wp.com\/acidfactory-design.com\/wp-content\/uploads\/2024\/09\/mockup-hecate-scaled.webp?fit=1933%2C2560&ssl=1\",\"datePublished\":\"2024-09-20T19:36:21+00:00\",\"dateModified\":\"2025-08-24T09:07:18+00:00\",\"breadcrumb\":{\"@id\":\"http:\/\/acidfactory-design.com\/produit\/tshirt-deaths-shirts\/#breadcrumb\"},\"inLanguage\":\"en-GB\",\"potentialAction\":[{\"@type\":\"ReadAction\",\"target\":[\"http:\/\/acidfactory-design.com\/produit\/tshirt-deaths-shirts\/\"]}]},{\"@type\":\"ImageObject\",\"inLanguage\":\"en-GB\",\"@id\":\"http:\/\/acidfactory-design.com\/produit\/tshirt-deaths-shirts\/#primaryimage\",\"url\":\"https:\/\/i0.wp.com\/acidfactory-design.com\/wp-content\/uploads\/2024\/09\/mockup-hecate-scaled.webp?fit=1933%2C2560&ssl=1\",\"contentUrl\":\"https:\/\/i0.wp.com\/acidfactory-design.com\/wp-content\/uploads\/2024\/09\/mockup-hecate-scaled.webp?fit=1933%2C2560&ssl=1\",\"width\":1933,\"height\":2560},{\"@type\":\"BreadcrumbList\",\"@id\":\"http:\/\/acidfactory-design.com\/produit\/tshirt-deaths-shirts\/#breadcrumb\",\"itemListElement\":[{\"@type\":\"ListItem\",\"position\":1,\"name\":\"Accueil\",\"item\":\"http:\/\/acidfactory-design.com\/en\/\"},{\"@type\":\"ListItem\",\"position\":2,\"name\":\"Produits\",\"item\":\"http:\/\/acidfactory-design.com\/shop\/\"},{\"@type\":\"ListItem\",\"position\":3,\"name\":\"Death&rsquo;s Shirts\"}]},{\"@type\":\"WebSite\",\"@id\":\"http:\/\/acidfactory-design.com\/en\/#website\",\"url\":\"http:\/\/acidfactory-design.com\/en\/\",\"name\":\"Acid Factory\",\"description\":\"A cocoon into darkness\",\"publisher\":{\"@id\":\"http:\/\/acidfactory-design.com\/en\/#organization\"},\"potentialAction\":[{\"@type\":\"SearchAction\",\"target\":{\"@type\":\"EntryPoint\",\"urlTemplate\":\"http:\/\/acidfactory-design.com\/en\/?s={search_term_string}\"},\"query-input\":{\"@type\":\"PropertyValueSpecification\",\"valueRequired\":true,\"valueName\":\"search_term_string\"}}],\"inLanguage\":\"en-GB\"},{\"@type\":\"Organization\",\"@id\":\"http:\/\/acidfactory-design.com\/en\/#organization\",\"name\":\"Acid Factory\",\"url\":\"http:\/\/acidfactory-design.com\/en\/\",\"logo\":{\"@type\":\"ImageObject\",\"inLanguage\":\"en-GB\",\"@id\":\"http:\/\/acidfactory-design.com\/en\/#\/schema\/logo\/image\/\",\"url\":\"http:\/\/acidfactory-design.com\/wp-content\/uploads\/2022\/12\/cropped-logo-wordpress3.png\",\"contentUrl\":\"http:\/\/acidfactory-design.com\/wp-content\/uploads\/2022\/12\/cropped-logo-wordpress3.png\",\"width\":512,\"height\":512,\"caption\":\"Acid Factory\"},\"image\":{\"@id\":\"http:\/\/acidfactory-design.com\/en\/#\/schema\/logo\/image\/\"},\"sameAs\":[\"https:\/\/www.facebook.com\/AcidFactorydesign\/\",\"https:\/\/www.instagram.com\/acidfactorydesign\/\",\"https:\/\/www.pinterest.fr\/AcidFactorydesign\/\"]}]}<\/script>\n<!-- \/ Yoast SEO plugin. -->","yoast_head_json":{"title":"Death's Shirts - Acid Factory","robots":{"index":"index","follow":"follow","max-snippet":"max-snippet:-1","max-image-preview":"max-image-preview:large","max-video-preview":"max-video-preview:-1"},"canonical":"http:\/\/acidfactory-design.com\/en\/product\/tshirt-deaths-shirts\/","og_locale":"en_GB","og_type":"article","og_title":"Death's Shirts - Acid Factory","og_description":"DEATH'S SHIRTS  T-shirts avec les illustrations de nos cartes d'oracle .","og_url":"http:\/\/acidfactory-design.com\/en\/product\/tshirt-deaths-shirts\/","og_site_name":"Acid Factory","article_publisher":"https:\/\/www.facebook.com\/AcidFactorydesign\/","article_modified_time":"2025-08-24T09:07:18+00:00","og_image":[{"width":1933,"height":2560,"url":"https:\/\/i0.wp.com\/acidfactory-design.com\/wp-content\/uploads\/2024\/09\/mockup-hecate-scaled.webp?fit=1933%2C2560","type":"image\/webp"}],"twitter_card":"summary_large_image","twitter_misc":{"Estimated reading time":"1 minute"},"schema":{"@context":"https:\/\/schema.org","@graph":[{"@type":"WebPage","@id":"http:\/\/acidfactory-design.com\/produit\/tshirt-deaths-shirts\/","url":"http:\/\/acidfactory-design.com\/produit\/tshirt-deaths-shirts\/","name":"Death's Shirts - Acid Factory","isPartOf":{"@id":"http:\/\/acidfactory-design.com\/en\/#website"},"primaryImageOfPage":{"@id":"http:\/\/acidfactory-design.com\/produit\/tshirt-deaths-shirts\/#primaryimage"},"image":{"@id":"http:\/\/acidfactory-design.com\/produit\/tshirt-deaths-shirts\/#primaryimage"},"thumbnailUrl":"https:\/\/i0.wp.com\/acidfactory-design.com\/wp-content\/uploads\/2024\/09\/mockup-hecate-scaled.webp?fit=1933%2C2560&ssl=1","datePublished":"2024-09-20T19:36:21+00:00","dateModified":"2025-08-24T09:07:18+00:00","breadcrumb":{"@id":"http:\/\/acidfactory-design.com\/produit\/tshirt-deaths-shirts\/#breadcrumb"},"inLanguage":"en-GB","potentialAction":[{"@type":"ReadAction","target":["http:\/\/acidfactory-design.com\/produit\/tshirt-deaths-shirts\/"]}]},{"@type":"ImageObject","inLanguage":"en-GB","@id":"http:\/\/acidfactory-design.com\/produit\/tshirt-deaths-shirts\/#primaryimage","url":"https:\/\/i0.wp.com\/acidfactory-design.com\/wp-content\/uploads\/2024\/09\/mockup-hecate-scaled.webp?fit=1933%2C2560&ssl=1","contentUrl":"https:\/\/i0.wp.com\/acidfactory-design.com\/wp-content\/uploads\/2024\/09\/mockup-hecate-scaled.webp?fit=1933%2C2560&ssl=1","width":1933,"height":2560},{"@type":"BreadcrumbList","@id":"http:\/\/acidfactory-design.com\/produit\/tshirt-deaths-shirts\/#breadcrumb","itemListElement":[{"@type":"ListItem","position":1,"name":"Accueil","item":"http:\/\/acidfactory-design.com\/en\/"},{"@type":"ListItem","position":2,"name":"Produits","item":"http:\/\/acidfactory-design.com\/shop\/"},{"@type":"ListItem","position":3,"name":"Death&rsquo;s Shirts"}]},{"@type":"WebSite","@id":"http:\/\/acidfactory-design.com\/en\/#website","url":"http:\/\/acidfactory-design.com\/en\/","name":"Acid Factory","description":"A cocoon into darkness","publisher":{"@id":"http:\/\/acidfactory-design.com\/en\/#organization"},"potentialAction":[{"@type":"SearchAction","target":{"@type":"EntryPoint","urlTemplate":"http:\/\/acidfactory-design.com\/en\/?s={search_term_string}"},"query-input":{"@type":"PropertyValueSpecification","valueRequired":true,"valueName":"search_term_string"}}],"inLanguage":"en-GB"},{"@type":"Organization","@id":"http:\/\/acidfactory-design.com\/en\/#organization","name":"Acid Factory","url":"http:\/\/acidfactory-design.com\/en\/","logo":{"@type":"ImageObject","inLanguage":"en-GB","@id":"http:\/\/acidfactory-design.com\/en\/#\/schema\/logo\/image\/","url":"http:\/\/acidfactory-design.com\/wp-content\/uploads\/2022\/12\/cropped-logo-wordpress3.png","contentUrl":"http:\/\/acidfactory-design.com\/wp-content\/uploads\/2022\/12\/cropped-logo-wordpress3.png","width":512,"height":512,"caption":"Acid Factory"},"image":{"@id":"http:\/\/acidfactory-design.com\/en\/#\/schema\/logo\/image\/"},"sameAs":["https:\/\/www.facebook.com\/AcidFactorydesign\/","https:\/\/www.instagram.com\/acidfactorydesign\/","https:\/\/www.pinterest.fr\/AcidFactorydesign\/"]}]}},"jetpack_sharing_enabled":true,"_links":{"self":[{"href":"https:\/\/acidfactory-design.com\/en\/wp-json\/wp\/v2\/product\/3513","targetHints":{"allow":["GET"]}}],"collection":[{"href":"https:\/\/acidfactory-design.com\/en\/wp-json\/wp\/v2\/product"}],"about":[{"href":"https:\/\/acidfactory-design.com\/en\/wp-json\/wp\/v2\/types\/product"}],"replies":[{"embeddable":true,"href":"https:\/\/acidfactory-design.com\/en\/wp-json\/wp\/v2\/comments?post=3513"}],"wp:featuredmedia":[{"embeddable":true,"href":"https:\/\/acidfactory-design.com\/en\/wp-json\/wp\/v2\/media\/4004"}],"wp:attachment":[{"href":"https:\/\/acidfactory-design.com\/en\/wp-json\/wp\/v2\/media?parent=3513"}],"wp:term":[{"taxonomy":"product_brand","embeddable":true,"href":"https:\/\/acidfactory-design.com\/en\/wp-json\/wp\/v2\/product_brand?post=3513"},{"taxonomy":"product_cat","embeddable":true,"href":"https:\/\/acidfactory-design.com\/en\/wp-json\/wp\/v2\/product_cat?post=3513"},{"taxonomy":"product_tag","embeddable":true,"href":"https:\/\/acidfactory-design.com\/en\/wp-json\/wp\/v2\/product_tag?post=3513"}],"curies":[{"name":"wp","href":"https:\/\/api.w.org\/{rel}","templated":true}]}}