{"id":2946,"date":"2022-09-10T11:07:29","date_gmt":"2022-09-10T09:07:29","guid":{"rendered":"https:\/\/acidfactory-design.com\/?post_type=product&#038;p=2946"},"modified":"2024-09-27T20:34:31","modified_gmt":"2024-09-27T18:34:31","slug":"assiettes-plate-the-undertaker","status":"publish","type":"product","link":"https:\/\/acidfactory-design.com\/en\/product\/assiettes-plate-the-undertaker\/","title":{"rendered":"The Undertaker assiettes (plates)"},"content":{"rendered":"<p>Porcelain diner plates<\/p>\n<p>Livr\u00e9es avec carte The Undertaker.<\/p>","protected":false},"excerpt":{"rendered":"<p>THE UNDERTAKER<\/p>\n<p>La l\u00e9gende veut que le croque-mort s&rsquo;appelle ainsi parce qu\u2019il avait l&rsquo;habitude de \u00ab\u00a0croquer\u00a0\u00bb l&rsquo;orteil des morts pour s&rsquo;assurer de leur d\u00e9c\u00e8s. Cette l\u00e9gende est \u00e9videmment fausse mais La Mort \u00e9tant joueuse , ses assiettes plates sont un clin d\u2019\u0153il \u00e0 la l\u00e9gende avec l&rsquo;ajout d&rsquo;un petit d\u00e9tail cannibale.<\/p>\n[fusion_checklist icon=\"fa-check fas\" iconcolor=\"\" circle=\"no\" circlecolor=\"\" size=\"15px\" class=\"\" id=\"\"][fusion_li_item icon=\"\"]1 d\u00e9cor[\/fusion_li_item][fusion_li_item icon=\"\"]Peut passer au lave vaiselle[\/fusion_li_item][fusion_li_item icon=\"\"]Peut passer au micro-onde[\/fusion_li_item][fusion_li_item icon=\"\"]Commande \u00e0 l&rsquo;unit\u00e9 possible[\/fusion_li_item][fusion_li_item icon=\"\"]Tous les prix incluent la TVA[\/fusion_li_item][\/fusion_checklist]\n","protected":false},"featured_media":2947,"comment_status":"closed","ping_status":"closed","template":"","meta":[],"product_brand":[],"product_cat":[78,70],"product_tag":[69],"class_list":{"0":"post-2946","1":"product","2":"type-product","3":"status-publish","4":"has-post-thumbnail","6":"product_cat-assiettes","7":"product_cat-mortis","8":"product_tag-collection-mortis","10":"first","11":"instock","12":"taxable","13":"shipping-taxable","14":"purchasable","15":"product-type-variable"},"yoast_head":"<!-- This site is optimized with the Yoast SEO plugin v26.6 - https:\/\/yoast.com\/wordpress\/plugins\/seo\/ -->\n<title>The Undertaker assiettes (plates) - Acid Factory<\/title>\n<meta name=\"robots\" content=\"index, follow, max-snippet:-1, max-image-preview:large, max-video-preview:-1\" \/>\n<link rel=\"canonical\" href=\"https:\/\/acidfactory-design.com\/en\/product\/assiettes-plate-the-undertaker\/\" \/>\n<meta property=\"og:locale\" content=\"en_GB\" \/>\n<meta property=\"og:type\" content=\"article\" \/>\n<meta property=\"og:title\" content=\"The Undertaker assiettes (plates) - Acid Factory\" \/>\n<meta property=\"og:description\" content=\"THE UNDERTAKER  La l\u00e9gende veut que le croque-mort s&#039;appelle ainsi parce qu\u2019il avait l&#039;habitude de \u00ab\u00a0croquer\u00a0\u00bb l&#039;orteil des morts pour s&#039;assurer de leur d\u00e9c\u00e8s. Cette l\u00e9gende est \u00e9videmment fausse mais La Mort \u00e9tant joueuse , ses assiettes plates sont un clin d\u2019\u0153il \u00e0 la l\u00e9gende avec l&#039;ajout d&#039;un petit d\u00e9tail cannibale.\" \/>\n<meta property=\"og:url\" content=\"https:\/\/acidfactory-design.com\/en\/product\/assiettes-plate-the-undertaker\/\" \/>\n<meta property=\"og:site_name\" content=\"Acid Factory\" \/>\n<meta property=\"article:publisher\" content=\"https:\/\/www.facebook.com\/AcidFactorydesign\/\" \/>\n<meta property=\"article:modified_time\" content=\"2024-09-27T18:34:31+00:00\" \/>\n<meta property=\"og:image\" content=\"https:\/\/i0.wp.com\/acidfactory-design.com\/wp-content\/uploads\/2022\/09\/assiettes_acid_02.jpg?fit=500%2C675&ssl=1\" \/>\n\t<meta property=\"og:image:width\" content=\"500\" \/>\n\t<meta property=\"og:image:height\" content=\"675\" \/>\n\t<meta property=\"og:image:type\" content=\"image\/jpeg\" \/>\n<meta name=\"twitter:card\" content=\"summary_large_image\" \/>\n<meta name=\"twitter:label1\" content=\"Estimated reading time\" \/>\n\t<meta name=\"twitter:data1\" content=\"1 minute\" \/>\n<script type=\"application\/ld+json\" class=\"yoast-schema-graph\">{\"@context\":\"https:\/\/schema.org\",\"@graph\":[{\"@type\":\"WebPage\",\"@id\":\"https:\/\/acidfactory-design.com\/en\/product\/assiettes-plate-the-undertaker\/\",\"url\":\"https:\/\/acidfactory-design.com\/en\/product\/assiettes-plate-the-undertaker\/\",\"name\":\"The Undertaker assiettes (plates) - Acid Factory\",\"isPartOf\":{\"@id\":\"http:\/\/acidfactory-design.com\/en\/#website\"},\"primaryImageOfPage\":{\"@id\":\"https:\/\/acidfactory-design.com\/en\/product\/assiettes-plate-the-undertaker\/#primaryimage\"},\"image\":{\"@id\":\"https:\/\/acidfactory-design.com\/en\/product\/assiettes-plate-the-undertaker\/#primaryimage\"},\"thumbnailUrl\":\"https:\/\/i0.wp.com\/acidfactory-design.com\/wp-content\/uploads\/2022\/09\/assiettes_acid_02.jpg?fit=500%2C675&ssl=1\",\"datePublished\":\"2022-09-10T09:07:29+00:00\",\"dateModified\":\"2024-09-27T18:34:31+00:00\",\"breadcrumb\":{\"@id\":\"https:\/\/acidfactory-design.com\/en\/product\/assiettes-plate-the-undertaker\/#breadcrumb\"},\"inLanguage\":\"en-GB\",\"potentialAction\":[{\"@type\":\"ReadAction\",\"target\":[\"https:\/\/acidfactory-design.com\/en\/product\/assiettes-plate-the-undertaker\/\"]}]},{\"@type\":\"ImageObject\",\"inLanguage\":\"en-GB\",\"@id\":\"https:\/\/acidfactory-design.com\/en\/product\/assiettes-plate-the-undertaker\/#primaryimage\",\"url\":\"https:\/\/i0.wp.com\/acidfactory-design.com\/wp-content\/uploads\/2022\/09\/assiettes_acid_02.jpg?fit=500%2C675&ssl=1\",\"contentUrl\":\"https:\/\/i0.wp.com\/acidfactory-design.com\/wp-content\/uploads\/2022\/09\/assiettes_acid_02.jpg?fit=500%2C675&ssl=1\",\"width\":500,\"height\":675,\"caption\":\"lot de 6 Assiettes plates en porcelaine rondes avec une illustration dans les tons de rouge et noir d'un homme avec une chapeau haut de forme, une moustache recourb\u00e9e, un trochon \u00e0 carreau autour du coup et la bouche ouverte comme s'il allait croquer le pied que l'on voit devant sa bouche. Sur l'un des doigts de pied une \u00e9tiquette est suspendue avec un logo disant agriculture cannibale. En haut de l'assiette on voit l'inscription Croque mort. Illustration et design par acid factory.\"},{\"@type\":\"BreadcrumbList\",\"@id\":\"https:\/\/acidfactory-design.com\/en\/product\/assiettes-plate-the-undertaker\/#breadcrumb\",\"itemListElement\":[{\"@type\":\"ListItem\",\"position\":1,\"name\":\"Accueil\",\"item\":\"http:\/\/acidfactory-design.com\/en\/\"},{\"@type\":\"ListItem\",\"position\":2,\"name\":\"Produits\",\"item\":\"http:\/\/acidfactory-design.com\/shop\/\"},{\"@type\":\"ListItem\",\"position\":3,\"name\":\"The Undertaker assiettes (plates)\"}]},{\"@type\":\"WebSite\",\"@id\":\"http:\/\/acidfactory-design.com\/en\/#website\",\"url\":\"http:\/\/acidfactory-design.com\/en\/\",\"name\":\"Acid Factory\",\"description\":\"A cocoon into darkness\",\"publisher\":{\"@id\":\"http:\/\/acidfactory-design.com\/en\/#organization\"},\"potentialAction\":[{\"@type\":\"SearchAction\",\"target\":{\"@type\":\"EntryPoint\",\"urlTemplate\":\"http:\/\/acidfactory-design.com\/en\/?s={search_term_string}\"},\"query-input\":{\"@type\":\"PropertyValueSpecification\",\"valueRequired\":true,\"valueName\":\"search_term_string\"}}],\"inLanguage\":\"en-GB\"},{\"@type\":\"Organization\",\"@id\":\"http:\/\/acidfactory-design.com\/en\/#organization\",\"name\":\"Acid Factory\",\"url\":\"http:\/\/acidfactory-design.com\/en\/\",\"logo\":{\"@type\":\"ImageObject\",\"inLanguage\":\"en-GB\",\"@id\":\"http:\/\/acidfactory-design.com\/en\/#\/schema\/logo\/image\/\",\"url\":\"http:\/\/acidfactory-design.com\/wp-content\/uploads\/2022\/12\/cropped-logo-wordpress3.png\",\"contentUrl\":\"http:\/\/acidfactory-design.com\/wp-content\/uploads\/2022\/12\/cropped-logo-wordpress3.png\",\"width\":512,\"height\":512,\"caption\":\"Acid Factory\"},\"image\":{\"@id\":\"http:\/\/acidfactory-design.com\/en\/#\/schema\/logo\/image\/\"},\"sameAs\":[\"https:\/\/www.facebook.com\/AcidFactorydesign\/\",\"https:\/\/www.instagram.com\/acidfactorydesign\/\",\"https:\/\/www.pinterest.fr\/AcidFactorydesign\/\"]}]}<\/script>\n<!-- \/ Yoast SEO plugin. -->","yoast_head_json":{"title":"The Undertaker assiettes (plates) - Acid Factory","robots":{"index":"index","follow":"follow","max-snippet":"max-snippet:-1","max-image-preview":"max-image-preview:large","max-video-preview":"max-video-preview:-1"},"canonical":"https:\/\/acidfactory-design.com\/en\/product\/assiettes-plate-the-undertaker\/","og_locale":"en_GB","og_type":"article","og_title":"The Undertaker assiettes (plates) - Acid Factory","og_description":"THE UNDERTAKER  La l\u00e9gende veut que le croque-mort s'appelle ainsi parce qu\u2019il avait l'habitude de \u00ab\u00a0croquer\u00a0\u00bb l'orteil des morts pour s'assurer de leur d\u00e9c\u00e8s. Cette l\u00e9gende est \u00e9videmment fausse mais La Mort \u00e9tant joueuse , ses assiettes plates sont un clin d\u2019\u0153il \u00e0 la l\u00e9gende avec l'ajout d'un petit d\u00e9tail cannibale.","og_url":"https:\/\/acidfactory-design.com\/en\/product\/assiettes-plate-the-undertaker\/","og_site_name":"Acid Factory","article_publisher":"https:\/\/www.facebook.com\/AcidFactorydesign\/","article_modified_time":"2024-09-27T18:34:31+00:00","og_image":[{"width":500,"height":675,"url":"https:\/\/i0.wp.com\/acidfactory-design.com\/wp-content\/uploads\/2022\/09\/assiettes_acid_02.jpg?fit=500%2C675&ssl=1","type":"image\/jpeg"}],"twitter_card":"summary_large_image","twitter_misc":{"Estimated reading time":"1 minute"},"schema":{"@context":"https:\/\/schema.org","@graph":[{"@type":"WebPage","@id":"https:\/\/acidfactory-design.com\/en\/product\/assiettes-plate-the-undertaker\/","url":"https:\/\/acidfactory-design.com\/en\/product\/assiettes-plate-the-undertaker\/","name":"The Undertaker assiettes (plates) - Acid Factory","isPartOf":{"@id":"http:\/\/acidfactory-design.com\/en\/#website"},"primaryImageOfPage":{"@id":"https:\/\/acidfactory-design.com\/en\/product\/assiettes-plate-the-undertaker\/#primaryimage"},"image":{"@id":"https:\/\/acidfactory-design.com\/en\/product\/assiettes-plate-the-undertaker\/#primaryimage"},"thumbnailUrl":"https:\/\/i0.wp.com\/acidfactory-design.com\/wp-content\/uploads\/2022\/09\/assiettes_acid_02.jpg?fit=500%2C675&ssl=1","datePublished":"2022-09-10T09:07:29+00:00","dateModified":"2024-09-27T18:34:31+00:00","breadcrumb":{"@id":"https:\/\/acidfactory-design.com\/en\/product\/assiettes-plate-the-undertaker\/#breadcrumb"},"inLanguage":"en-GB","potentialAction":[{"@type":"ReadAction","target":["https:\/\/acidfactory-design.com\/en\/product\/assiettes-plate-the-undertaker\/"]}]},{"@type":"ImageObject","inLanguage":"en-GB","@id":"https:\/\/acidfactory-design.com\/en\/product\/assiettes-plate-the-undertaker\/#primaryimage","url":"https:\/\/i0.wp.com\/acidfactory-design.com\/wp-content\/uploads\/2022\/09\/assiettes_acid_02.jpg?fit=500%2C675&ssl=1","contentUrl":"https:\/\/i0.wp.com\/acidfactory-design.com\/wp-content\/uploads\/2022\/09\/assiettes_acid_02.jpg?fit=500%2C675&ssl=1","width":500,"height":675,"caption":"lot de 6 Assiettes plates en porcelaine rondes avec une illustration dans les tons de rouge et noir d'un homme avec une chapeau haut de forme, une moustache recourb\u00e9e, un trochon \u00e0 carreau autour du coup et la bouche ouverte comme s'il allait croquer le pied que l'on voit devant sa bouche. Sur l'un des doigts de pied une \u00e9tiquette est suspendue avec un logo disant agriculture cannibale. En haut de l'assiette on voit l'inscription Croque mort. Illustration et design par acid factory."},{"@type":"BreadcrumbList","@id":"https:\/\/acidfactory-design.com\/en\/product\/assiettes-plate-the-undertaker\/#breadcrumb","itemListElement":[{"@type":"ListItem","position":1,"name":"Accueil","item":"http:\/\/acidfactory-design.com\/en\/"},{"@type":"ListItem","position":2,"name":"Produits","item":"http:\/\/acidfactory-design.com\/shop\/"},{"@type":"ListItem","position":3,"name":"The Undertaker assiettes (plates)"}]},{"@type":"WebSite","@id":"http:\/\/acidfactory-design.com\/en\/#website","url":"http:\/\/acidfactory-design.com\/en\/","name":"Acid Factory","description":"A cocoon into darkness","publisher":{"@id":"http:\/\/acidfactory-design.com\/en\/#organization"},"potentialAction":[{"@type":"SearchAction","target":{"@type":"EntryPoint","urlTemplate":"http:\/\/acidfactory-design.com\/en\/?s={search_term_string}"},"query-input":{"@type":"PropertyValueSpecification","valueRequired":true,"valueName":"search_term_string"}}],"inLanguage":"en-GB"},{"@type":"Organization","@id":"http:\/\/acidfactory-design.com\/en\/#organization","name":"Acid Factory","url":"http:\/\/acidfactory-design.com\/en\/","logo":{"@type":"ImageObject","inLanguage":"en-GB","@id":"http:\/\/acidfactory-design.com\/en\/#\/schema\/logo\/image\/","url":"http:\/\/acidfactory-design.com\/wp-content\/uploads\/2022\/12\/cropped-logo-wordpress3.png","contentUrl":"http:\/\/acidfactory-design.com\/wp-content\/uploads\/2022\/12\/cropped-logo-wordpress3.png","width":512,"height":512,"caption":"Acid Factory"},"image":{"@id":"http:\/\/acidfactory-design.com\/en\/#\/schema\/logo\/image\/"},"sameAs":["https:\/\/www.facebook.com\/AcidFactorydesign\/","https:\/\/www.instagram.com\/acidfactorydesign\/","https:\/\/www.pinterest.fr\/AcidFactorydesign\/"]}]}},"jetpack_sharing_enabled":true,"_links":{"self":[{"href":"https:\/\/acidfactory-design.com\/en\/wp-json\/wp\/v2\/product\/2946","targetHints":{"allow":["GET"]}}],"collection":[{"href":"https:\/\/acidfactory-design.com\/en\/wp-json\/wp\/v2\/product"}],"about":[{"href":"https:\/\/acidfactory-design.com\/en\/wp-json\/wp\/v2\/types\/product"}],"replies":[{"embeddable":true,"href":"https:\/\/acidfactory-design.com\/en\/wp-json\/wp\/v2\/comments?post=2946"}],"wp:featuredmedia":[{"embeddable":true,"href":"https:\/\/acidfactory-design.com\/en\/wp-json\/wp\/v2\/media\/2947"}],"wp:attachment":[{"href":"https:\/\/acidfactory-design.com\/en\/wp-json\/wp\/v2\/media?parent=2946"}],"wp:term":[{"taxonomy":"product_brand","embeddable":true,"href":"https:\/\/acidfactory-design.com\/en\/wp-json\/wp\/v2\/product_brand?post=2946"},{"taxonomy":"product_cat","embeddable":true,"href":"https:\/\/acidfactory-design.com\/en\/wp-json\/wp\/v2\/product_cat?post=2946"},{"taxonomy":"product_tag","embeddable":true,"href":"https:\/\/acidfactory-design.com\/en\/wp-json\/wp\/v2\/product_tag?post=2946"}],"curies":[{"name":"wp","href":"https:\/\/api.w.org\/{rel}","templated":true}]}}