{"id":2943,"date":"2022-09-10T10:47:48","date_gmt":"2022-09-10T08:47:48","guid":{"rendered":"https:\/\/acidfactory-design.com\/?post_type=product&#038;p=2943"},"modified":"2024-09-27T20:35:05","modified_gmt":"2024-09-27T18:35:05","slug":"assiettes-mortis","status":"publish","type":"product","link":"https:\/\/acidfactory-design.com\/en\/product\/assiettes-mortis\/","title":{"rendered":"Bathory assiettes (creuses)"},"content":{"rendered":"<p>Assiettes creuses en porcelaine de chine avec d\u00e9cor. Peut s&rsquo;utiliser comme assiette \u00e0 soupe, \u00e0 p\u00e2te, \u00e0 risotto&#8230;<\/p>\n<p>Livr\u00e9es avec la carte de tarot Bathory Countess.<\/p>","protected":false},"excerpt":{"rendered":"<p>BARTHORY COUNTESS<\/p>\n<p>La mort a longtemps attendu apr\u00e8s la comtesse Erzs\u00e9bet Bathory. Elle vivait dans les Carpates Hongroises, s&rsquo;ennuyant dans son ch\u00e2teau, elle s&rsquo;adonna \u00e0 la magie noire. Elle glissa sur la pente fatale en se baignant et en buvant le sang de jeunes vierges afin de garder sa jeunesse \u00e9ternelle.<\/p>\n[fusion_checklist icon=\"fa-check fas\" iconcolor=\"\" circle=\"no\" circlecolor=\"\" size=\"15px\" class=\"\" id=\"\"][fusion_li_item icon=\"\"]1 d\u00e9cor[\/fusion_li_item][fusion_li_item icon=\"\"]Peut passer au lave vaiselle[\/fusion_li_item][fusion_li_item icon=\"\"]Peut passer au micro-onde[\/fusion_li_item][fusion_li_item icon=\"\"]Commande \u00e0 l&rsquo;unit\u00e9 possible[\/fusion_li_item][fusion_li_item icon=\"\"]Tous les prix incluent la TVA[\/fusion_li_item][\/fusion_checklist]\n","protected":false},"featured_media":2944,"comment_status":"closed","ping_status":"closed","template":"","meta":[],"product_brand":[],"product_cat":[78,70],"product_tag":[69],"class_list":{"0":"post-2943","1":"product","2":"type-product","3":"status-publish","4":"has-post-thumbnail","6":"product_cat-assiettes","7":"product_cat-mortis","8":"product_tag-collection-mortis","10":"first","11":"instock","12":"taxable","13":"shipping-taxable","14":"purchasable","15":"product-type-variable"},"yoast_head":"<!-- This site is optimized with the Yoast SEO plugin v26.6 - https:\/\/yoast.com\/wordpress\/plugins\/seo\/ -->\n<title>Bathory assiettes (creuses) - Acid Factory<\/title>\n<meta name=\"robots\" content=\"index, follow, max-snippet:-1, max-image-preview:large, max-video-preview:-1\" \/>\n<link rel=\"canonical\" href=\"https:\/\/acidfactory-design.com\/en\/product\/assiettes-mortis\/\" \/>\n<meta property=\"og:locale\" content=\"en_GB\" \/>\n<meta property=\"og:type\" content=\"article\" \/>\n<meta property=\"og:title\" content=\"Bathory assiettes (creuses) - Acid Factory\" \/>\n<meta property=\"og:description\" content=\"BARTHORY COUNTESS  La mort a longtemps attendu apr\u00e8s la comtesse Erzs\u00e9bet Bathory. Elle vivait dans les Carpates Hongroises, s&#039;ennuyant dans son ch\u00e2teau, elle s&#039;adonna \u00e0 la magie noire. Elle glissa sur la pente fatale en se baignant et en buvant le sang de jeunes vierges afin de garder sa jeunesse \u00e9ternelle.\" \/>\n<meta property=\"og:url\" content=\"https:\/\/acidfactory-design.com\/en\/product\/assiettes-mortis\/\" \/>\n<meta property=\"og:site_name\" content=\"Acid Factory\" \/>\n<meta property=\"article:publisher\" content=\"https:\/\/www.facebook.com\/AcidFactorydesign\/\" \/>\n<meta property=\"article:modified_time\" content=\"2024-09-27T18:35:05+00:00\" \/>\n<meta property=\"og:image\" content=\"https:\/\/i0.wp.com\/acidfactory-design.com\/wp-content\/uploads\/2022\/09\/assiettes_acid_01.jpg?fit=500%2C675&ssl=1\" \/>\n\t<meta property=\"og:image:width\" content=\"500\" \/>\n\t<meta property=\"og:image:height\" content=\"675\" \/>\n\t<meta property=\"og:image:type\" content=\"image\/jpeg\" \/>\n<meta name=\"twitter:card\" content=\"summary_large_image\" \/>\n<meta name=\"twitter:label1\" content=\"Estimated reading time\" \/>\n\t<meta name=\"twitter:data1\" content=\"1 minute\" \/>\n<script type=\"application\/ld+json\" class=\"yoast-schema-graph\">{\"@context\":\"https:\/\/schema.org\",\"@graph\":[{\"@type\":\"WebPage\",\"@id\":\"https:\/\/acidfactory-design.com\/produit\/assiettes-mortis\/\",\"url\":\"https:\/\/acidfactory-design.com\/produit\/assiettes-mortis\/\",\"name\":\"Bathory assiettes (creuses) - Acid Factory\",\"isPartOf\":{\"@id\":\"http:\/\/acidfactory-design.com\/en\/#website\"},\"primaryImageOfPage\":{\"@id\":\"https:\/\/acidfactory-design.com\/produit\/assiettes-mortis\/#primaryimage\"},\"image\":{\"@id\":\"https:\/\/acidfactory-design.com\/produit\/assiettes-mortis\/#primaryimage\"},\"thumbnailUrl\":\"https:\/\/i0.wp.com\/acidfactory-design.com\/wp-content\/uploads\/2022\/09\/assiettes_acid_01.jpg?fit=500%2C675&ssl=1\",\"datePublished\":\"2022-09-10T08:47:48+00:00\",\"dateModified\":\"2024-09-27T18:35:05+00:00\",\"breadcrumb\":{\"@id\":\"https:\/\/acidfactory-design.com\/produit\/assiettes-mortis\/#breadcrumb\"},\"inLanguage\":\"en-GB\",\"potentialAction\":[{\"@type\":\"ReadAction\",\"target\":[\"https:\/\/acidfactory-design.com\/produit\/assiettes-mortis\/\"]}]},{\"@type\":\"ImageObject\",\"inLanguage\":\"en-GB\",\"@id\":\"https:\/\/acidfactory-design.com\/produit\/assiettes-mortis\/#primaryimage\",\"url\":\"https:\/\/i0.wp.com\/acidfactory-design.com\/wp-content\/uploads\/2022\/09\/assiettes_acid_01.jpg?fit=500%2C675&ssl=1\",\"contentUrl\":\"https:\/\/i0.wp.com\/acidfactory-design.com\/wp-content\/uploads\/2022\/09\/assiettes_acid_01.jpg?fit=500%2C675&ssl=1\",\"width\":500,\"height\":675,\"caption\":\"lot de 6 assiettes creuses avec large rebord noir et illustration de dents de vampire en haut en bas du rebard. Au fond de l'assiette illustration d'une tache de sang avec l'inscription avoir les crocs. cette assiette est inspir\u00e9 de la l\u00e9gende de la comtesse bathory et du sang qu'elle utilisait pour garder sa jeunesse. diam\u00e8tre de l'assiette 23cm hauteur 4.5cm design et illustration par acid factory\"},{\"@type\":\"BreadcrumbList\",\"@id\":\"https:\/\/acidfactory-design.com\/produit\/assiettes-mortis\/#breadcrumb\",\"itemListElement\":[{\"@type\":\"ListItem\",\"position\":1,\"name\":\"Accueil\",\"item\":\"http:\/\/acidfactory-design.com\/en\/\"},{\"@type\":\"ListItem\",\"position\":2,\"name\":\"Produits\",\"item\":\"http:\/\/acidfactory-design.com\/shop\/\"},{\"@type\":\"ListItem\",\"position\":3,\"name\":\"Bathory assiettes (creuses)\"}]},{\"@type\":\"WebSite\",\"@id\":\"http:\/\/acidfactory-design.com\/en\/#website\",\"url\":\"http:\/\/acidfactory-design.com\/en\/\",\"name\":\"Acid Factory\",\"description\":\"A cocoon into darkness\",\"publisher\":{\"@id\":\"http:\/\/acidfactory-design.com\/en\/#organization\"},\"potentialAction\":[{\"@type\":\"SearchAction\",\"target\":{\"@type\":\"EntryPoint\",\"urlTemplate\":\"http:\/\/acidfactory-design.com\/en\/?s={search_term_string}\"},\"query-input\":{\"@type\":\"PropertyValueSpecification\",\"valueRequired\":true,\"valueName\":\"search_term_string\"}}],\"inLanguage\":\"en-GB\"},{\"@type\":\"Organization\",\"@id\":\"http:\/\/acidfactory-design.com\/en\/#organization\",\"name\":\"Acid Factory\",\"url\":\"http:\/\/acidfactory-design.com\/en\/\",\"logo\":{\"@type\":\"ImageObject\",\"inLanguage\":\"en-GB\",\"@id\":\"http:\/\/acidfactory-design.com\/en\/#\/schema\/logo\/image\/\",\"url\":\"http:\/\/acidfactory-design.com\/wp-content\/uploads\/2022\/12\/cropped-logo-wordpress3.png\",\"contentUrl\":\"http:\/\/acidfactory-design.com\/wp-content\/uploads\/2022\/12\/cropped-logo-wordpress3.png\",\"width\":512,\"height\":512,\"caption\":\"Acid Factory\"},\"image\":{\"@id\":\"http:\/\/acidfactory-design.com\/en\/#\/schema\/logo\/image\/\"},\"sameAs\":[\"https:\/\/www.facebook.com\/AcidFactorydesign\/\",\"https:\/\/www.instagram.com\/acidfactorydesign\/\",\"https:\/\/www.pinterest.fr\/AcidFactorydesign\/\"]}]}<\/script>\n<!-- \/ Yoast SEO plugin. -->","yoast_head_json":{"title":"Bathory assiettes (creuses) - Acid Factory","robots":{"index":"index","follow":"follow","max-snippet":"max-snippet:-1","max-image-preview":"max-image-preview:large","max-video-preview":"max-video-preview:-1"},"canonical":"https:\/\/acidfactory-design.com\/en\/product\/assiettes-mortis\/","og_locale":"en_GB","og_type":"article","og_title":"Bathory assiettes (creuses) - Acid Factory","og_description":"BARTHORY COUNTESS  La mort a longtemps attendu apr\u00e8s la comtesse Erzs\u00e9bet Bathory. Elle vivait dans les Carpates Hongroises, s'ennuyant dans son ch\u00e2teau, elle s'adonna \u00e0 la magie noire. Elle glissa sur la pente fatale en se baignant et en buvant le sang de jeunes vierges afin de garder sa jeunesse \u00e9ternelle.","og_url":"https:\/\/acidfactory-design.com\/en\/product\/assiettes-mortis\/","og_site_name":"Acid Factory","article_publisher":"https:\/\/www.facebook.com\/AcidFactorydesign\/","article_modified_time":"2024-09-27T18:35:05+00:00","og_image":[{"width":500,"height":675,"url":"https:\/\/i0.wp.com\/acidfactory-design.com\/wp-content\/uploads\/2022\/09\/assiettes_acid_01.jpg?fit=500%2C675&ssl=1","type":"image\/jpeg"}],"twitter_card":"summary_large_image","twitter_misc":{"Estimated reading time":"1 minute"},"schema":{"@context":"https:\/\/schema.org","@graph":[{"@type":"WebPage","@id":"https:\/\/acidfactory-design.com\/produit\/assiettes-mortis\/","url":"https:\/\/acidfactory-design.com\/produit\/assiettes-mortis\/","name":"Bathory assiettes (creuses) - Acid Factory","isPartOf":{"@id":"http:\/\/acidfactory-design.com\/en\/#website"},"primaryImageOfPage":{"@id":"https:\/\/acidfactory-design.com\/produit\/assiettes-mortis\/#primaryimage"},"image":{"@id":"https:\/\/acidfactory-design.com\/produit\/assiettes-mortis\/#primaryimage"},"thumbnailUrl":"https:\/\/i0.wp.com\/acidfactory-design.com\/wp-content\/uploads\/2022\/09\/assiettes_acid_01.jpg?fit=500%2C675&ssl=1","datePublished":"2022-09-10T08:47:48+00:00","dateModified":"2024-09-27T18:35:05+00:00","breadcrumb":{"@id":"https:\/\/acidfactory-design.com\/produit\/assiettes-mortis\/#breadcrumb"},"inLanguage":"en-GB","potentialAction":[{"@type":"ReadAction","target":["https:\/\/acidfactory-design.com\/produit\/assiettes-mortis\/"]}]},{"@type":"ImageObject","inLanguage":"en-GB","@id":"https:\/\/acidfactory-design.com\/produit\/assiettes-mortis\/#primaryimage","url":"https:\/\/i0.wp.com\/acidfactory-design.com\/wp-content\/uploads\/2022\/09\/assiettes_acid_01.jpg?fit=500%2C675&ssl=1","contentUrl":"https:\/\/i0.wp.com\/acidfactory-design.com\/wp-content\/uploads\/2022\/09\/assiettes_acid_01.jpg?fit=500%2C675&ssl=1","width":500,"height":675,"caption":"lot de 6 assiettes creuses avec large rebord noir et illustration de dents de vampire en haut en bas du rebard. Au fond de l'assiette illustration d'une tache de sang avec l'inscription avoir les crocs. cette assiette est inspir\u00e9 de la l\u00e9gende de la comtesse bathory et du sang qu'elle utilisait pour garder sa jeunesse. diam\u00e8tre de l'assiette 23cm hauteur 4.5cm design et illustration par acid factory"},{"@type":"BreadcrumbList","@id":"https:\/\/acidfactory-design.com\/produit\/assiettes-mortis\/#breadcrumb","itemListElement":[{"@type":"ListItem","position":1,"name":"Accueil","item":"http:\/\/acidfactory-design.com\/en\/"},{"@type":"ListItem","position":2,"name":"Produits","item":"http:\/\/acidfactory-design.com\/shop\/"},{"@type":"ListItem","position":3,"name":"Bathory assiettes (creuses)"}]},{"@type":"WebSite","@id":"http:\/\/acidfactory-design.com\/en\/#website","url":"http:\/\/acidfactory-design.com\/en\/","name":"Acid Factory","description":"A cocoon into darkness","publisher":{"@id":"http:\/\/acidfactory-design.com\/en\/#organization"},"potentialAction":[{"@type":"SearchAction","target":{"@type":"EntryPoint","urlTemplate":"http:\/\/acidfactory-design.com\/en\/?s={search_term_string}"},"query-input":{"@type":"PropertyValueSpecification","valueRequired":true,"valueName":"search_term_string"}}],"inLanguage":"en-GB"},{"@type":"Organization","@id":"http:\/\/acidfactory-design.com\/en\/#organization","name":"Acid Factory","url":"http:\/\/acidfactory-design.com\/en\/","logo":{"@type":"ImageObject","inLanguage":"en-GB","@id":"http:\/\/acidfactory-design.com\/en\/#\/schema\/logo\/image\/","url":"http:\/\/acidfactory-design.com\/wp-content\/uploads\/2022\/12\/cropped-logo-wordpress3.png","contentUrl":"http:\/\/acidfactory-design.com\/wp-content\/uploads\/2022\/12\/cropped-logo-wordpress3.png","width":512,"height":512,"caption":"Acid Factory"},"image":{"@id":"http:\/\/acidfactory-design.com\/en\/#\/schema\/logo\/image\/"},"sameAs":["https:\/\/www.facebook.com\/AcidFactorydesign\/","https:\/\/www.instagram.com\/acidfactorydesign\/","https:\/\/www.pinterest.fr\/AcidFactorydesign\/"]}]}},"jetpack_sharing_enabled":true,"_links":{"self":[{"href":"https:\/\/acidfactory-design.com\/en\/wp-json\/wp\/v2\/product\/2943","targetHints":{"allow":["GET"]}}],"collection":[{"href":"https:\/\/acidfactory-design.com\/en\/wp-json\/wp\/v2\/product"}],"about":[{"href":"https:\/\/acidfactory-design.com\/en\/wp-json\/wp\/v2\/types\/product"}],"replies":[{"embeddable":true,"href":"https:\/\/acidfactory-design.com\/en\/wp-json\/wp\/v2\/comments?post=2943"}],"wp:featuredmedia":[{"embeddable":true,"href":"https:\/\/acidfactory-design.com\/en\/wp-json\/wp\/v2\/media\/2944"}],"wp:attachment":[{"href":"https:\/\/acidfactory-design.com\/en\/wp-json\/wp\/v2\/media?parent=2943"}],"wp:term":[{"taxonomy":"product_brand","embeddable":true,"href":"https:\/\/acidfactory-design.com\/en\/wp-json\/wp\/v2\/product_brand?post=2943"},{"taxonomy":"product_cat","embeddable":true,"href":"https:\/\/acidfactory-design.com\/en\/wp-json\/wp\/v2\/product_cat?post=2943"},{"taxonomy":"product_tag","embeddable":true,"href":"https:\/\/acidfactory-design.com\/en\/wp-json\/wp\/v2\/product_tag?post=2943"}],"curies":[{"name":"wp","href":"https:\/\/api.w.org\/{rel}","templated":true}]}}