{"id":2548,"date":"2022-09-11T12:47:30","date_gmt":"2022-09-11T10:47:30","guid":{"rendered":"https:\/\/acidfactory-design.com\/?post_type=product&#038;p=2548"},"modified":"2024-10-13T21:02:41","modified_gmt":"2024-10-13T19:02:41","slug":"lampe-headison-lampe-tete-de-mort-cabinet-de-curiosites","status":"publish","type":"product","link":"https:\/\/acidfactory-design.com\/en\/product\/lampe-headison-lampe-tete-de-mort-cabinet-de-curiosites\/","title":{"rendered":"Headison Lampe"},"content":{"rendered":"<p>Skull-shaped bulb with LED filaments, enclosed in a bell jar like a curiosity object.<\/p>\n<p>Lamp in two parts: black wooden base with brass label. Black textile electrical cable, black metal socket, glass bell jar.<\/p>\n<p>Livr\u00e9e avec la carte Headison.<\/p>","protected":false},"excerpt":{"rendered":"<p align=\"LEFT\">HEADISON LAMP<\/p>\n<p align=\"LEFT\">Avant de mourir, Thomas Edison travaillait sur une \u00e9trange machine: Le N\u00e9crophone. Il aurait voulu essayer de dialoguer avec les morts. Et si son unique but \u00e9tait d&rsquo;atteindre l&rsquo;\u00e9ternit\u00e9 ?<br \/>\nLa lampe Headison est un hommage \u00e0 son travail et \u00e0 ses recherches sur la mort.<\/p>\n[fusion_checklist icon=\"fa-check fas\" iconcolor=\"\" circle=\"no\" circlecolor=\"\" size=\"15px\" class=\"\" id=\"\"][fusion_li_item icon=\"\"]Sous cloche [\/fusion_li_item][fusion_li_item icon=\"\"]Design unique[\/fusion_li_item][fusion_li_item icon=\"\"]Hommage Edison[\/fusion_li_item][fusion_li_item icon=\"\"]Ambiance[\/fusion_li_item][fusion_li_item icon=\"\"]Tous les prix incluent la TVA[\/fusion_li_item][\/fusion_checklist]\n","protected":false},"featured_media":3149,"comment_status":"closed","ping_status":"closed","template":"","meta":[],"product_brand":[],"product_cat":[68,70],"product_tag":[69],"class_list":{"0":"post-2548","1":"product","2":"type-product","3":"status-publish","4":"has-post-thumbnail","6":"product_cat-lampe","7":"product_cat-mortis","8":"product_tag-collection-mortis","10":"first","11":"instock","12":"taxable","13":"shipping-taxable","14":"purchasable","15":"product-type-simple"},"yoast_head":"<!-- This site is optimized with the Yoast SEO plugin v26.6 - https:\/\/yoast.com\/wordpress\/plugins\/seo\/ -->\n<title>Lampe t\u00eate de mort - Headison Lampe - Acid Factory<\/title>\n<meta name=\"description\" content=\"Lampe sous cloche avec ampoule t\u00eate de mort esprit cabinet de curiosit\u00e9 - Hommage \u00e0 Thomas Edison - Diam\u00e8tre : 17cm - Hauteur : 31cm - Puissance : 220-240V-\" \/>\n<meta name=\"robots\" content=\"index, follow, max-snippet:-1, max-image-preview:large, max-video-preview:-1\" \/>\n<link rel=\"canonical\" href=\"http:\/\/acidfactory-design.com\/en\/product\/lampe-headison-lampe-tete-de-mort-cabinet-de-curiosites\/\" \/>\n<meta property=\"og:locale\" content=\"en_GB\" \/>\n<meta property=\"og:type\" content=\"article\" \/>\n<meta property=\"og:title\" content=\"Lampe t\u00eate de mort - Headison Lampe - Acid Factory\" \/>\n<meta property=\"og:description\" content=\"Lampe sous cloche avec ampoule t\u00eate de mort esprit cabinet de curiosit\u00e9 - Hommage \u00e0 Thomas Edison - Diam\u00e8tre : 17cm - Hauteur : 31cm - Puissance : 220-240V-\" \/>\n<meta property=\"og:url\" content=\"http:\/\/acidfactory-design.com\/en\/product\/lampe-headison-lampe-tete-de-mort-cabinet-de-curiosites\/\" \/>\n<meta property=\"og:site_name\" content=\"Acid Factory\" \/>\n<meta property=\"article:publisher\" content=\"https:\/\/www.facebook.com\/AcidFactorydesign\/\" \/>\n<meta property=\"article:modified_time\" content=\"2024-10-13T19:02:41+00:00\" \/>\n<meta property=\"og:image\" content=\"https:\/\/i0.wp.com\/acidfactory-design.com\/wp-content\/uploads\/2022\/07\/lampe_headison_2.jpg?fit=500%2C675\" \/>\n\t<meta property=\"og:image:width\" content=\"500\" \/>\n\t<meta property=\"og:image:height\" content=\"675\" \/>\n\t<meta property=\"og:image:type\" content=\"image\/jpeg\" \/>\n<meta name=\"twitter:card\" content=\"summary_large_image\" \/>\n<meta name=\"twitter:label1\" content=\"Estimated reading time\" \/>\n\t<meta name=\"twitter:data1\" content=\"1 minute\" \/>\n<script type=\"application\/ld+json\" class=\"yoast-schema-graph\">{\"@context\":\"https:\/\/schema.org\",\"@graph\":[{\"@type\":\"WebPage\",\"@id\":\"http:\/\/acidfactory-design.com\/produit\/lampe-headison-lampe-tete-de-mort-cabinet-de-curiosites\/\",\"url\":\"http:\/\/acidfactory-design.com\/produit\/lampe-headison-lampe-tete-de-mort-cabinet-de-curiosites\/\",\"name\":\"Lampe t\u00eate de mort - Headison Lampe - Acid Factory\",\"isPartOf\":{\"@id\":\"http:\/\/acidfactory-design.com\/en\/#website\"},\"primaryImageOfPage\":{\"@id\":\"http:\/\/acidfactory-design.com\/produit\/lampe-headison-lampe-tete-de-mort-cabinet-de-curiosites\/#primaryimage\"},\"image\":{\"@id\":\"http:\/\/acidfactory-design.com\/produit\/lampe-headison-lampe-tete-de-mort-cabinet-de-curiosites\/#primaryimage\"},\"thumbnailUrl\":\"https:\/\/i0.wp.com\/acidfactory-design.com\/wp-content\/uploads\/2022\/07\/lampe_headison_2.jpg?fit=500%2C675&ssl=1\",\"datePublished\":\"2022-09-11T10:47:30+00:00\",\"dateModified\":\"2024-10-13T19:02:41+00:00\",\"description\":\"Lampe sous cloche avec ampoule t\u00eate de mort esprit cabinet de curiosit\u00e9 - Hommage \u00e0 Thomas Edison - Diam\u00e8tre : 17cm - Hauteur : 31cm - Puissance : 220-240V-\",\"breadcrumb\":{\"@id\":\"http:\/\/acidfactory-design.com\/produit\/lampe-headison-lampe-tete-de-mort-cabinet-de-curiosites\/#breadcrumb\"},\"inLanguage\":\"en-GB\",\"potentialAction\":[{\"@type\":\"ReadAction\",\"target\":[\"http:\/\/acidfactory-design.com\/produit\/lampe-headison-lampe-tete-de-mort-cabinet-de-curiosites\/\"]}]},{\"@type\":\"ImageObject\",\"inLanguage\":\"en-GB\",\"@id\":\"http:\/\/acidfactory-design.com\/produit\/lampe-headison-lampe-tete-de-mort-cabinet-de-curiosites\/#primaryimage\",\"url\":\"https:\/\/i0.wp.com\/acidfactory-design.com\/wp-content\/uploads\/2022\/07\/lampe_headison_2.jpg?fit=500%2C675&ssl=1\",\"contentUrl\":\"https:\/\/i0.wp.com\/acidfactory-design.com\/wp-content\/uploads\/2022\/07\/lampe_headison_2.jpg?fit=500%2C675&ssl=1\",\"width\":500,\"height\":675,\"caption\":\"lampe headison design acide factory, il s'agit d'une lampe en forme de cloche en verre avec un socle en bois noir sur lequel une \u00e9tiquette en laiton est grav\u00e9e avec \u00e9crit headison et acid factory. Dans la cloche une ampoule \u00e0 filament led en forme de cr\u00e2ne transparent est allum\u00e9e.\"},{\"@type\":\"BreadcrumbList\",\"@id\":\"http:\/\/acidfactory-design.com\/produit\/lampe-headison-lampe-tete-de-mort-cabinet-de-curiosites\/#breadcrumb\",\"itemListElement\":[{\"@type\":\"ListItem\",\"position\":1,\"name\":\"Accueil\",\"item\":\"http:\/\/acidfactory-design.com\/en\/\"},{\"@type\":\"ListItem\",\"position\":2,\"name\":\"Produits\",\"item\":\"http:\/\/acidfactory-design.com\/shop\/\"},{\"@type\":\"ListItem\",\"position\":3,\"name\":\"Headison Lampe\"}]},{\"@type\":\"WebSite\",\"@id\":\"http:\/\/acidfactory-design.com\/en\/#website\",\"url\":\"http:\/\/acidfactory-design.com\/en\/\",\"name\":\"Acid Factory\",\"description\":\"A cocoon into darkness\",\"publisher\":{\"@id\":\"http:\/\/acidfactory-design.com\/en\/#organization\"},\"potentialAction\":[{\"@type\":\"SearchAction\",\"target\":{\"@type\":\"EntryPoint\",\"urlTemplate\":\"http:\/\/acidfactory-design.com\/en\/?s={search_term_string}\"},\"query-input\":{\"@type\":\"PropertyValueSpecification\",\"valueRequired\":true,\"valueName\":\"search_term_string\"}}],\"inLanguage\":\"en-GB\"},{\"@type\":\"Organization\",\"@id\":\"http:\/\/acidfactory-design.com\/en\/#organization\",\"name\":\"Acid Factory\",\"url\":\"http:\/\/acidfactory-design.com\/en\/\",\"logo\":{\"@type\":\"ImageObject\",\"inLanguage\":\"en-GB\",\"@id\":\"http:\/\/acidfactory-design.com\/en\/#\/schema\/logo\/image\/\",\"url\":\"http:\/\/acidfactory-design.com\/wp-content\/uploads\/2022\/12\/cropped-logo-wordpress3.png\",\"contentUrl\":\"http:\/\/acidfactory-design.com\/wp-content\/uploads\/2022\/12\/cropped-logo-wordpress3.png\",\"width\":512,\"height\":512,\"caption\":\"Acid Factory\"},\"image\":{\"@id\":\"http:\/\/acidfactory-design.com\/en\/#\/schema\/logo\/image\/\"},\"sameAs\":[\"https:\/\/www.facebook.com\/AcidFactorydesign\/\",\"https:\/\/www.instagram.com\/acidfactorydesign\/\",\"https:\/\/www.pinterest.fr\/AcidFactorydesign\/\"]}]}<\/script>\n<!-- \/ Yoast SEO plugin. -->","yoast_head_json":{"title":"Lampe t\u00eate de mort - Headison Lampe - Acid Factory","description":"Lampe sous cloche avec ampoule t\u00eate de mort esprit cabinet de curiosit\u00e9 - Hommage \u00e0 Thomas Edison - Diam\u00e8tre : 17cm - Hauteur : 31cm - Puissance : 220-240V-","robots":{"index":"index","follow":"follow","max-snippet":"max-snippet:-1","max-image-preview":"max-image-preview:large","max-video-preview":"max-video-preview:-1"},"canonical":"http:\/\/acidfactory-design.com\/en\/product\/lampe-headison-lampe-tete-de-mort-cabinet-de-curiosites\/","og_locale":"en_GB","og_type":"article","og_title":"Lampe t\u00eate de mort - Headison Lampe - Acid Factory","og_description":"Lampe sous cloche avec ampoule t\u00eate de mort esprit cabinet de curiosit\u00e9 - Hommage \u00e0 Thomas Edison - Diam\u00e8tre : 17cm - Hauteur : 31cm - Puissance : 220-240V-","og_url":"http:\/\/acidfactory-design.com\/en\/product\/lampe-headison-lampe-tete-de-mort-cabinet-de-curiosites\/","og_site_name":"Acid Factory","article_publisher":"https:\/\/www.facebook.com\/AcidFactorydesign\/","article_modified_time":"2024-10-13T19:02:41+00:00","og_image":[{"width":500,"height":675,"url":"https:\/\/i0.wp.com\/acidfactory-design.com\/wp-content\/uploads\/2022\/07\/lampe_headison_2.jpg?fit=500%2C675","type":"image\/jpeg"}],"twitter_card":"summary_large_image","twitter_misc":{"Estimated reading time":"1 minute"},"schema":{"@context":"https:\/\/schema.org","@graph":[{"@type":"WebPage","@id":"http:\/\/acidfactory-design.com\/produit\/lampe-headison-lampe-tete-de-mort-cabinet-de-curiosites\/","url":"http:\/\/acidfactory-design.com\/produit\/lampe-headison-lampe-tete-de-mort-cabinet-de-curiosites\/","name":"Lampe t\u00eate de mort - Headison Lampe - Acid Factory","isPartOf":{"@id":"http:\/\/acidfactory-design.com\/en\/#website"},"primaryImageOfPage":{"@id":"http:\/\/acidfactory-design.com\/produit\/lampe-headison-lampe-tete-de-mort-cabinet-de-curiosites\/#primaryimage"},"image":{"@id":"http:\/\/acidfactory-design.com\/produit\/lampe-headison-lampe-tete-de-mort-cabinet-de-curiosites\/#primaryimage"},"thumbnailUrl":"https:\/\/i0.wp.com\/acidfactory-design.com\/wp-content\/uploads\/2022\/07\/lampe_headison_2.jpg?fit=500%2C675&ssl=1","datePublished":"2022-09-11T10:47:30+00:00","dateModified":"2024-10-13T19:02:41+00:00","description":"Lampe sous cloche avec ampoule t\u00eate de mort esprit cabinet de curiosit\u00e9 - Hommage \u00e0 Thomas Edison - Diam\u00e8tre : 17cm - Hauteur : 31cm - Puissance : 220-240V-","breadcrumb":{"@id":"http:\/\/acidfactory-design.com\/produit\/lampe-headison-lampe-tete-de-mort-cabinet-de-curiosites\/#breadcrumb"},"inLanguage":"en-GB","potentialAction":[{"@type":"ReadAction","target":["http:\/\/acidfactory-design.com\/produit\/lampe-headison-lampe-tete-de-mort-cabinet-de-curiosites\/"]}]},{"@type":"ImageObject","inLanguage":"en-GB","@id":"http:\/\/acidfactory-design.com\/produit\/lampe-headison-lampe-tete-de-mort-cabinet-de-curiosites\/#primaryimage","url":"https:\/\/i0.wp.com\/acidfactory-design.com\/wp-content\/uploads\/2022\/07\/lampe_headison_2.jpg?fit=500%2C675&ssl=1","contentUrl":"https:\/\/i0.wp.com\/acidfactory-design.com\/wp-content\/uploads\/2022\/07\/lampe_headison_2.jpg?fit=500%2C675&ssl=1","width":500,"height":675,"caption":"lampe headison design acide factory, il s'agit d'une lampe en forme de cloche en verre avec un socle en bois noir sur lequel une \u00e9tiquette en laiton est grav\u00e9e avec \u00e9crit headison et acid factory. Dans la cloche une ampoule \u00e0 filament led en forme de cr\u00e2ne transparent est allum\u00e9e."},{"@type":"BreadcrumbList","@id":"http:\/\/acidfactory-design.com\/produit\/lampe-headison-lampe-tete-de-mort-cabinet-de-curiosites\/#breadcrumb","itemListElement":[{"@type":"ListItem","position":1,"name":"Accueil","item":"http:\/\/acidfactory-design.com\/en\/"},{"@type":"ListItem","position":2,"name":"Produits","item":"http:\/\/acidfactory-design.com\/shop\/"},{"@type":"ListItem","position":3,"name":"Headison Lampe"}]},{"@type":"WebSite","@id":"http:\/\/acidfactory-design.com\/en\/#website","url":"http:\/\/acidfactory-design.com\/en\/","name":"Acid Factory","description":"A cocoon into darkness","publisher":{"@id":"http:\/\/acidfactory-design.com\/en\/#organization"},"potentialAction":[{"@type":"SearchAction","target":{"@type":"EntryPoint","urlTemplate":"http:\/\/acidfactory-design.com\/en\/?s={search_term_string}"},"query-input":{"@type":"PropertyValueSpecification","valueRequired":true,"valueName":"search_term_string"}}],"inLanguage":"en-GB"},{"@type":"Organization","@id":"http:\/\/acidfactory-design.com\/en\/#organization","name":"Acid Factory","url":"http:\/\/acidfactory-design.com\/en\/","logo":{"@type":"ImageObject","inLanguage":"en-GB","@id":"http:\/\/acidfactory-design.com\/en\/#\/schema\/logo\/image\/","url":"http:\/\/acidfactory-design.com\/wp-content\/uploads\/2022\/12\/cropped-logo-wordpress3.png","contentUrl":"http:\/\/acidfactory-design.com\/wp-content\/uploads\/2022\/12\/cropped-logo-wordpress3.png","width":512,"height":512,"caption":"Acid Factory"},"image":{"@id":"http:\/\/acidfactory-design.com\/en\/#\/schema\/logo\/image\/"},"sameAs":["https:\/\/www.facebook.com\/AcidFactorydesign\/","https:\/\/www.instagram.com\/acidfactorydesign\/","https:\/\/www.pinterest.fr\/AcidFactorydesign\/"]}]}},"jetpack_sharing_enabled":true,"_links":{"self":[{"href":"https:\/\/acidfactory-design.com\/en\/wp-json\/wp\/v2\/product\/2548","targetHints":{"allow":["GET"]}}],"collection":[{"href":"https:\/\/acidfactory-design.com\/en\/wp-json\/wp\/v2\/product"}],"about":[{"href":"https:\/\/acidfactory-design.com\/en\/wp-json\/wp\/v2\/types\/product"}],"replies":[{"embeddable":true,"href":"https:\/\/acidfactory-design.com\/en\/wp-json\/wp\/v2\/comments?post=2548"}],"wp:featuredmedia":[{"embeddable":true,"href":"https:\/\/acidfactory-design.com\/en\/wp-json\/wp\/v2\/media\/3149"}],"wp:attachment":[{"href":"https:\/\/acidfactory-design.com\/en\/wp-json\/wp\/v2\/media?parent=2548"}],"wp:term":[{"taxonomy":"product_brand","embeddable":true,"href":"https:\/\/acidfactory-design.com\/en\/wp-json\/wp\/v2\/product_brand?post=2548"},{"taxonomy":"product_cat","embeddable":true,"href":"https:\/\/acidfactory-design.com\/en\/wp-json\/wp\/v2\/product_cat?post=2548"},{"taxonomy":"product_tag","embeddable":true,"href":"https:\/\/acidfactory-design.com\/en\/wp-json\/wp\/v2\/product_tag?post=2548"}],"curies":[{"name":"wp","href":"https:\/\/api.w.org\/{rel}","templated":true}]}}