{"id":3020,"date":"2022-09-10T12:58:40","date_gmt":"2022-09-10T10:58:40","guid":{"rendered":"https:\/\/acidfactory-design.com\/?page_id=3020"},"modified":"2022-10-20T10:02:08","modified_gmt":"2022-10-20T08:02:08","slug":"mentions-legales","status":"publish","type":"page","link":"https:\/\/acidfactory-design.com\/en\/mentions-legales\/","title":{"rendered":"Mentions l\u00e9gales"},"content":{"rendered":"<div class=\"fusion-fullwidth fullwidth-box fusion-builder-row-1 fusion-flex-container has-pattern-background has-mask-background nonhundred-percent-fullwidth non-hundred-percent-height-scrolling\" style=\"--awb-border-radius-top-left:0px;--awb-border-radius-top-right:0px;--awb-border-radius-bottom-right:0px;--awb-border-radius-bottom-left:0px;--awb-flex-wrap:wrap;\" ><div class=\"fusion-builder-row fusion-row fusion-flex-align-items-flex-start fusion-flex-content-wrap\" style=\"max-width:1216.8px;margin-left: calc(-4% \/ 2 );margin-right: calc(-4% \/ 2 );\"><div class=\"fusion-layout-column fusion_builder_column fusion-builder-column-0 fusion_builder_column_1_1 1_1 fusion-flex-column\" style=\"--awb-bg-size:cover;--awb-width-large:100%;--awb-margin-top-large:0px;--awb-spacing-right-large:1.92%;--awb-margin-bottom-large:0px;--awb-spacing-left-large:1.92%;--awb-width-medium:100%;--awb-spacing-right-medium:1.92%;--awb-spacing-left-medium:1.92%;--awb-width-small:100%;--awb-spacing-right-small:1.92%;--awb-spacing-left-small:1.92%;\"><div class=\"fusion-column-wrapper fusion-flex-justify-content-flex-start fusion-content-layout-column\"><div class=\"fusion-text fusion-text-1\"><h2 class=\"wp-block-heading\"><span style=\"color: #a80000;\">LEGAL NOTICES <\/span><\/h2>\n<p>&nbsp;<\/p>\n<p>The website <strong>www.acidfactory-design.com<\/strong> is published by SASU <strong>Acid Factory<\/strong> a simplified joint-stock company with a sole shareholder. With a share capital of \u20ac5,000. <\/p>\n<p><span style=\"color: #a80000;\"><strong>CEO<\/strong><\/span>\u00a0: Emilie Ventre<br \/><span style=\"color: #a80000;\"><strong>Headquarters<\/strong> <\/span>: au 914 Route de Pegomas R\u00e9sidence le Parc de Ga\u00efa B\u00e4t D 06370 Mouans-sartoux.<br \/><strong><span style=\"color: #a80000;\">Registered under the unique identification number<\/span> <\/strong>: 904 046 760 R.C.S CANNES <br \/><span style=\"color: #a80000;\"><strong>VAT number<\/strong><\/span> : FR19904046760. <br \/><span style=\"color: #a80000;\"><strong>Phone number<\/strong><\/span>\u00a0: 06.16.27.52.09 <br \/><span style=\"color: #a80000;\"><strong>Email address<\/strong><\/span> : infos@acidfactory-design.com <\/p>\n<p><span style=\"color: #a80000;\"><strong>Website creator<\/strong><\/span>\u00a0: Studio Stark <br \/>www.studio-stark.com <\/p>\n<p><span style=\"color: #a80000;\"><strong>Host<\/strong> <\/span>: OVH SAS au capital de 10 174 560 \u20ac RCS Lille M\u00e9tropole 424 761 419 00045 Code APE 2620Z N\u00b0 TVA : FR 22 424 761 419 Si\u00e8ge social : 2 rue Kellermann &#8211; 59100 Roubaix &#8211; France <span style=\"color: #a80000;\"><strong>\u00a0<\/strong><\/span> <br \/><span style=\"color: #a80000;\"><strong>President<\/strong><\/span> : Michel Paulin OVH SAS est une filiale de la soci\u00e9t\u00e9 OVH Groupe SA, soci\u00e9t\u00e9 immatricul\u00e9e au RCS de Lille sous le num\u00e9ro 537 407 926 sise 2, rue Kellermann, 59100 Roubaix. <br \/><strong><span style=\"color: #a80000;\">Phone number<\/span><\/strong>\u00a0: 0899 701 761<\/p>\n<p>&nbsp;<\/p>\n<\/div><\/div><\/div><\/div><\/div>","protected":false},"excerpt":{"rendered":"","protected":false},"author":1,"featured_media":0,"parent":0,"menu_order":0,"comment_status":"closed","ping_status":"closed","template":"100-width.php","meta":{"footnotes":""},"class_list":["post-3020","page","type-page","status-publish","hentry"],"yoast_head":"<!-- This site is optimized with the Yoast SEO plugin v26.6 - https:\/\/yoast.com\/wordpress\/plugins\/seo\/ -->\n<title>Mentions l\u00e9gales - Acid Factory<\/title>\n<meta name=\"robots\" content=\"index, follow, max-snippet:-1, max-image-preview:large, max-video-preview:-1\" \/>\n<link rel=\"canonical\" href=\"https:\/\/acidfactory-design.com\/en\/mentions-legales\/\" \/>\n<meta property=\"og:locale\" content=\"en_GB\" \/>\n<meta property=\"og:type\" content=\"article\" \/>\n<meta property=\"og:title\" content=\"Mentions l\u00e9gales - Acid Factory\" \/>\n<meta property=\"og:url\" content=\"https:\/\/acidfactory-design.com\/en\/mentions-legales\/\" \/>\n<meta property=\"og:site_name\" content=\"Acid Factory\" \/>\n<meta property=\"article:publisher\" content=\"https:\/\/www.facebook.com\/AcidFactorydesign\/\" \/>\n<meta property=\"article:modified_time\" content=\"2022-10-20T08:02:08+00:00\" \/>\n<meta name=\"twitter:card\" content=\"summary_large_image\" \/>\n<meta name=\"twitter:label1\" content=\"Estimated reading time\" \/>\n\t<meta name=\"twitter:data1\" content=\"3 minutes\" \/>\n<script type=\"application\/ld+json\" class=\"yoast-schema-graph\">{\"@context\":\"https:\/\/schema.org\",\"@graph\":[{\"@type\":\"WebPage\",\"@id\":\"https:\/\/acidfactory-design.com\/en\/mentions-legales\/\",\"url\":\"https:\/\/acidfactory-design.com\/en\/mentions-legales\/\",\"name\":\"Mentions l\u00e9gales - Acid Factory\",\"isPartOf\":{\"@id\":\"https:\/\/acidfactory-design.com\/#website\"},\"datePublished\":\"2022-09-10T10:58:40+00:00\",\"dateModified\":\"2022-10-20T08:02:08+00:00\",\"breadcrumb\":{\"@id\":\"https:\/\/acidfactory-design.com\/en\/mentions-legales\/#breadcrumb\"},\"inLanguage\":\"en-GB\",\"potentialAction\":[{\"@type\":\"ReadAction\",\"target\":[\"https:\/\/acidfactory-design.com\/en\/mentions-legales\/\"]}]},{\"@type\":\"BreadcrumbList\",\"@id\":\"https:\/\/acidfactory-design.com\/en\/mentions-legales\/#breadcrumb\",\"itemListElement\":[{\"@type\":\"ListItem\",\"position\":1,\"name\":\"Accueil\",\"item\":\"https:\/\/acidfactory-design.com\/\"},{\"@type\":\"ListItem\",\"position\":2,\"name\":\"Mentions l\u00e9gales\"}]},{\"@type\":\"WebSite\",\"@id\":\"https:\/\/acidfactory-design.com\/#website\",\"url\":\"https:\/\/acidfactory-design.com\/\",\"name\":\"Acid Factory\",\"description\":\"A cocoon into darkness\",\"publisher\":{\"@id\":\"https:\/\/acidfactory-design.com\/#organization\"},\"potentialAction\":[{\"@type\":\"SearchAction\",\"target\":{\"@type\":\"EntryPoint\",\"urlTemplate\":\"https:\/\/acidfactory-design.com\/?s={search_term_string}\"},\"query-input\":{\"@type\":\"PropertyValueSpecification\",\"valueRequired\":true,\"valueName\":\"search_term_string\"}}],\"inLanguage\":\"en-GB\"},{\"@type\":\"Organization\",\"@id\":\"https:\/\/acidfactory-design.com\/#organization\",\"name\":\"Acid Factory\",\"url\":\"https:\/\/acidfactory-design.com\/\",\"logo\":{\"@type\":\"ImageObject\",\"inLanguage\":\"en-GB\",\"@id\":\"https:\/\/acidfactory-design.com\/#\/schema\/logo\/image\/\",\"url\":\"http:\/\/acidfactory-design.com\/wp-content\/uploads\/2022\/12\/cropped-logo-wordpress3.png\",\"contentUrl\":\"http:\/\/acidfactory-design.com\/wp-content\/uploads\/2022\/12\/cropped-logo-wordpress3.png\",\"width\":512,\"height\":512,\"caption\":\"Acid Factory\"},\"image\":{\"@id\":\"https:\/\/acidfactory-design.com\/#\/schema\/logo\/image\/\"},\"sameAs\":[\"https:\/\/www.facebook.com\/AcidFactorydesign\/\",\"https:\/\/www.instagram.com\/acidfactorydesign\/\",\"https:\/\/www.pinterest.fr\/AcidFactorydesign\/\"]}]}<\/script>\n<!-- \/ Yoast SEO plugin. -->","yoast_head_json":{"title":"Mentions l\u00e9gales - Acid Factory","robots":{"index":"index","follow":"follow","max-snippet":"max-snippet:-1","max-image-preview":"max-image-preview:large","max-video-preview":"max-video-preview:-1"},"canonical":"https:\/\/acidfactory-design.com\/en\/mentions-legales\/","og_locale":"en_GB","og_type":"article","og_title":"Mentions l\u00e9gales - Acid Factory","og_url":"https:\/\/acidfactory-design.com\/en\/mentions-legales\/","og_site_name":"Acid Factory","article_publisher":"https:\/\/www.facebook.com\/AcidFactorydesign\/","article_modified_time":"2022-10-20T08:02:08+00:00","twitter_card":"summary_large_image","twitter_misc":{"Estimated reading time":"3 minutes"},"schema":{"@context":"https:\/\/schema.org","@graph":[{"@type":"WebPage","@id":"https:\/\/acidfactory-design.com\/en\/mentions-legales\/","url":"https:\/\/acidfactory-design.com\/en\/mentions-legales\/","name":"Mentions l\u00e9gales - Acid Factory","isPartOf":{"@id":"https:\/\/acidfactory-design.com\/#website"},"datePublished":"2022-09-10T10:58:40+00:00","dateModified":"2022-10-20T08:02:08+00:00","breadcrumb":{"@id":"https:\/\/acidfactory-design.com\/en\/mentions-legales\/#breadcrumb"},"inLanguage":"en-GB","potentialAction":[{"@type":"ReadAction","target":["https:\/\/acidfactory-design.com\/en\/mentions-legales\/"]}]},{"@type":"BreadcrumbList","@id":"https:\/\/acidfactory-design.com\/en\/mentions-legales\/#breadcrumb","itemListElement":[{"@type":"ListItem","position":1,"name":"Accueil","item":"https:\/\/acidfactory-design.com\/"},{"@type":"ListItem","position":2,"name":"Mentions l\u00e9gales"}]},{"@type":"WebSite","@id":"https:\/\/acidfactory-design.com\/#website","url":"https:\/\/acidfactory-design.com\/","name":"Acid Factory","description":"A cocoon into darkness","publisher":{"@id":"https:\/\/acidfactory-design.com\/#organization"},"potentialAction":[{"@type":"SearchAction","target":{"@type":"EntryPoint","urlTemplate":"https:\/\/acidfactory-design.com\/?s={search_term_string}"},"query-input":{"@type":"PropertyValueSpecification","valueRequired":true,"valueName":"search_term_string"}}],"inLanguage":"en-GB"},{"@type":"Organization","@id":"https:\/\/acidfactory-design.com\/#organization","name":"Acid Factory","url":"https:\/\/acidfactory-design.com\/","logo":{"@type":"ImageObject","inLanguage":"en-GB","@id":"https:\/\/acidfactory-design.com\/#\/schema\/logo\/image\/","url":"http:\/\/acidfactory-design.com\/wp-content\/uploads\/2022\/12\/cropped-logo-wordpress3.png","contentUrl":"http:\/\/acidfactory-design.com\/wp-content\/uploads\/2022\/12\/cropped-logo-wordpress3.png","width":512,"height":512,"caption":"Acid Factory"},"image":{"@id":"https:\/\/acidfactory-design.com\/#\/schema\/logo\/image\/"},"sameAs":["https:\/\/www.facebook.com\/AcidFactorydesign\/","https:\/\/www.instagram.com\/acidfactorydesign\/","https:\/\/www.pinterest.fr\/AcidFactorydesign\/"]}]}},"jetpack_sharing_enabled":true,"_links":{"self":[{"href":"https:\/\/acidfactory-design.com\/en\/wp-json\/wp\/v2\/pages\/3020","targetHints":{"allow":["GET"]}}],"collection":[{"href":"https:\/\/acidfactory-design.com\/en\/wp-json\/wp\/v2\/pages"}],"about":[{"href":"https:\/\/acidfactory-design.com\/en\/wp-json\/wp\/v2\/types\/page"}],"author":[{"embeddable":true,"href":"https:\/\/acidfactory-design.com\/en\/wp-json\/wp\/v2\/users\/1"}],"replies":[{"embeddable":true,"href":"https:\/\/acidfactory-design.com\/en\/wp-json\/wp\/v2\/comments?post=3020"}],"version-history":[{"count":5,"href":"https:\/\/acidfactory-design.com\/en\/wp-json\/wp\/v2\/pages\/3020\/revisions"}],"predecessor-version":[{"id":3862,"href":"https:\/\/acidfactory-design.com\/en\/wp-json\/wp\/v2\/pages\/3020\/revisions\/3862"}],"wp:attachment":[{"href":"https:\/\/acidfactory-design.com\/en\/wp-json\/wp\/v2\/media?parent=3020"}],"curies":[{"name":"wp","href":"https:\/\/api.w.org\/{rel}","templated":true}]}}