{"id":3012,"date":"2022-09-10T12:49:47","date_gmt":"2022-09-10T10:49:47","guid":{"rendered":"https:\/\/acidfactory-design.com\/?page_id=3012"},"modified":"2023-06-18T20:19:48","modified_gmt":"2023-06-18T18:19:48","slug":"cgu","status":"publish","type":"page","link":"https:\/\/acidfactory-design.com\/en\/cgu\/","title":{"rendered":"GTU"},"content":{"rendered":"<div class=\"fusion-fullwidth fullwidth-box fusion-builder-row-1 fusion-flex-container has-pattern-background has-mask-background nonhundred-percent-fullwidth non-hundred-percent-height-scrolling\" style=\"--awb-border-radius-top-left:0px;--awb-border-radius-top-right:0px;--awb-border-radius-bottom-right:0px;--awb-border-radius-bottom-left:0px;--awb-flex-wrap:wrap;\" ><div class=\"fusion-builder-row fusion-row fusion-flex-align-items-flex-start fusion-flex-content-wrap\" style=\"max-width:1216.8px;margin-left: calc(-4% \/ 2 );margin-right: calc(-4% \/ 2 );\"><div class=\"fusion-layout-column fusion_builder_column fusion-builder-column-0 fusion_builder_column_1_1 1_1 fusion-flex-column fusion-flex-align-self-flex-start\" style=\"--awb-bg-size:cover;--awb-width-large:100%;--awb-margin-top-large:0px;--awb-spacing-right-large:1.92%;--awb-margin-bottom-large:0px;--awb-spacing-left-large:1.92%;--awb-width-medium:100%;--awb-order-medium:0;--awb-spacing-right-medium:1.92%;--awb-spacing-left-medium:1.92%;--awb-width-small:100%;--awb-order-small:0;--awb-spacing-right-small:1.92%;--awb-spacing-left-small:1.92%;\"><div class=\"fusion-column-wrapper fusion-column-has-shadow fusion-flex-justify-content-flex-start fusion-content-layout-column\"><div class=\"fusion-text fusion-text-1\"><\/p>\n<h2 data-fontsize=\"26\" style=\"--fontSize: 26; line-height: 1.18;\" data-lineheight=\"30.68px\" class=\"fusion-responsive-typography-calculated wp-block-heading\"><span style=\"color: rgb(227, 210, 186);\">General Terms of Use of the Website  <\/span><\/h2>\n<\/p>\n<p style=\"color: rgb(227, 210, 186);\">\n<\/p>\n<p><span style=\"color: #a80000;\"><strong style=\"color: rgb(168, 0, 0);\">Article 1 : Objet<\/strong><\/span><span style=\"color: rgb(227, 210, 186);\"> <\/span><br><span style=\"color: rgb(227, 210, 186);\">These General Terms of Use (hereinafter referred to as \"Terms\") legally govern the use of the services provided on the website www.acidfactory-design.com (hereinafter referred to as \"the website\"). As a contract between Acid Factory company and the User, accessing the website requires prior acceptance of these Terms. Accessing this platform implies acceptance of these Terms. <\/span><\/p>\n<p><span style=\"color: #a80000;\"><strong style=\"color: rgb(168, 0, 0);\">Article 2 : Mentions l\u00e9gales<\/strong><\/span><span style=\"color: rgb(227, 210, 186);\"> <\/span><br><span style=\"color: rgb(227, 210, 186);\">The website acidfactory-design is published by Acid Factory company, registered under the RCS number 904 046 760, with its headquarters located at 914 Route de Pegomas, Le Parc de Ga\u00efa D 06370 Mouans-Sartoux, Metropolitan France. The hosting provider for the website acidfactory-design.com is OVH, located at 2 Rue Kellerman, 59100 Roubaix, France. <\/span><\/p>\n<p><span style=\"color: #a80000;\"><strong style=\"color: var(--awb-custom_color_1);\">Article 3 : Acc\u00e8s au site<\/strong><\/span><span style=\"color: rgb(227, 210, 186);\"> <\/span><br><span style=\"color: rgb(227, 210, 186);\">The acidfactory-design website allows free access to the following services: <\/span><strong style=\"color: rgb(227, 210, 186);\">Vente d&rsquo;objets de d\u00e9coration et mobilier<\/strong><span style=\"color: rgb(227, 210, 186);\"> The website is accessible for free from anywhere by any user with internet access. All costs associated with accessing the services (computer equipment, internet connection, etc.) are the responsibility of the user. Access to member-specific services requires the use of an identifier and a password. The publisher may interrupt or suspend access to the website without notice or justification for maintenance or other reasons. <\/span><\/p>\n<p><span style=\"color: #a80000;\"><strong style=\"color: var(--awb-custom_color_1);\">Article 4 : Collecte des donn\u00e9es<\/strong><\/span><span style=\"color: var(--awb-custom_color_1);\"> <\/span><br><span style=\"color: rgb(227, 210, 186);\">Pour la cr\u00e9ation du compte de l\u2019Utilisateur, la collecte des informations au moment de l\u2019inscription sur le site est n\u00e9cessaire et obligatoire. Conform\u00e9ment \u00e0 la loi n\u00b078-17 du 6 janvier relative \u00e0 l\u2019informatique, aux fichiers et aux libert\u00e9s, la collecte et le traitement d\u2019informations personnelles s\u2019effectuent dans le respect de la vie priv\u00e9e. Suivant la loi Informatique et Libert\u00e9s en date du 6 janvier 1978, articles 39 et 40, l\u2019Utilisateur dispose du droit d\u2019acc\u00e9der, de rectifier, de supprimer et d\u2019opposer ses donn\u00e9es personnelles. L\u2019exercice de ce droit s\u2019effectue par : &#8211; Le formulaire de contact ; &#8211; Son espace client. <\/span><br><span style=\"color: #a80000;\"><strong><br><span style=\"color: rgb(227, 210, 186);\"><span style=\"color: var(--awb-custom_color_1);\">Article 5 : Propri\u00e9t\u00e9 intellectuelle<\/span>                                                                                                                                                                                                                        <\/span><\/strong><\/span><span style=\"background-color: var(--awb-bg-color-hover); color: rgb(227, 210, 186); font-family: var(--awb-text-font-family); font-size: var(--awb-font-size); font-style: var(--awb-text-font-style); font-weight: var(--awb-text-font-weight); letter-spacing: var(--awb-letter-spacing); text-align: var(--awb-content-alignment); text-transform: var(--awb-text-transform);\">Les  marques, logos ainsi que les contenus du site acidfactiry-design (illustrations graphiques, textes\u2026) sont prot\u00e9g\u00e9s par le Code de la propri\u00e9t\u00e9 intellectuelle et par le droit d\u2019auteur. La reproduction et la copie des contenus par l\u2019Utilisateur requi\u00e8rent une autorisation pr\u00e9alable du site. Dans ce cas, toute utilisation \u00e0 des usages commerciaux ou \u00e0 des fins publicitaires est proscrite.<\/span><\/p>\n<p><span style=\"color: #a80000;\"><strong style=\"color: rgb(227, 210, 186);\"><span style=\"color: rgb(168, 0, 0);\">Article 6 : Responsabilit\u00e9   <\/span>                                                                                                                                                                                                                                           <\/strong><\/span><span style=\"background-color: var(--awb-bg-color-hover); color: rgb(227, 210, 186); font-family: var(--awb-text-font-family); font-size: var(--awb-font-size); font-style: var(--awb-text-font-style); font-weight: var(--awb-text-font-weight); letter-spacing: var(--awb-letter-spacing); text-align: var(--awb-content-alignment); text-transform: var(--awb-text-transform);\">Although the information published on the website is deemed reliable, the website reserves the right to disclaim any guarantee of the reliability of the sources. The information provided on the acidfactory-design website is purely for informational purposes and has no contractual value. Despite regular updates, the website cannot be held responsible for any changes in administrative and legal provisions that may occur after publication. The website also disclaims any responsibility regarding potential viruses that may infect the User's computer equipment after using or accessing the website. The website cannot be held liable for force majeure events or unforeseeable and insurmountable acts of third parties. The website does not guarantee the complete security and confidentiality of data. However, the website commits to implementing all necessary methods to ensure the best possible security and confidentiality.<\/span><\/p>\n<p><span style=\"color: #a80000;\"><strong style=\"color: rgb(168, 0, 0);\">Article 7 : Liens hypertextes<\/strong><\/span><span style=\"color: rgb(227, 210, 186);\"> <\/span><br><span style=\"color: rgb(227, 210, 186);\">The website may contain hypertext links. By clicking on these links, the User will exit the platform. The website has no control over and cannot be held responsible for the content of web pages related to these links. <\/span><\/p>\n<p><span style=\"color: #a80000;\"><strong style=\"color: rgb(168, 0, 0);\">Article 8 : Cookies<\/strong><\/span><span style=\"color: rgb(227, 210, 186);\"> <\/span><br><span style=\"color: rgb(227, 210, 186);\">During visits to the website, the automatic installation of a cookie on the User's browsing software may occur. Cookies are small files temporarily stored on the User's hard drive. These cookies are necessary to ensure accessibility and navigation on the website. These files do not contain personal information and cannot be used to identify a person. The information present in the cookies is used to improve navigation performance on acidfactory-design.com. By browsing the website, the User accepts the use of cookies. Disabling cookies can be done through the settings of the browsing software. <\/span><\/p>\n<p><span style=\"color: #a80000;\"><strong style=\"color: rgb(168, 0, 0);\">Article 9 : Publication par l\u2019Utilisateur<\/strong><\/span><span style=\"color: rgb(227, 210, 186);\"> <\/span><br><span style=\"color: rgb(227, 210, 186);\">The acidfactory-design website may allow members to publish comments. In their publications, members are required to respect the rules of Netiquette and current laws. The website has the right to exercise prior moderation on publications and may refuse to publish them without providing justification. The member retains all of their intellectual property rights. However, any publication on the website implies the non-exclusive and free delegation of the right to the publishing company to represent, reproduce, modify, adapt, distribute, and broadcast the publication anywhere and on any medium for the duration of intellectual property rights. This can be done directly or through an authorized third party. This includes the right to use the publication on the web and mobile telephony networks. The publisher commits to mentioning the name of the member next to the publication on each use. The User is responsible for any content they upload. The User agrees not to publish content that may harm the interests of third parties. Any legal proceedings initiated by an aggrieved third party against the website must be borne by the User. The website may delete or modify User content at any time, for any reason, and without notice. <\/span><\/p>\n<p><span style=\"color: #a80000;\"><strong><span style=\"color: var(--awb-custom_color_1);\">Article 11 : Dur\u00e9e du contrat<\/span><br><\/strong><\/span><span style=\"color: rgb(227, 210, 186);\">This contract is valid indefinitely. The commencement of using the website's services signifies the application of the contract to the User. <\/span><span style=\"color: #a80000;\"><strong style=\"color: rgb(227, 210, 186);\"><\/strong><\/span><\/p>\n<p><strong style=\"color: rgb(227, 210, 186);\"><br>\n<\/strong><\/p>\n<p><strong style=\"color: var(--awb-custom_color_1);\">Article 12 : Droit applicable et juridiction comp\u00e9tente<\/strong> <br>Le pr\u00e9sent contrat est soumis \u00e0 la l\u00e9gislation fran\u00e7aise. L\u2019absence de r\u00e9solution \u00e0 l\u2019amiable des cas de litige entre les parties implique le recours aux tribunaux fran\u00e7ais comp\u00e9tents pour r\u00e9gler le contentieux.<\/p><\/p>\n<\/div><\/div><\/div><\/div><\/div>","protected":false},"excerpt":{"rendered":"","protected":false},"author":1,"featured_media":0,"parent":0,"menu_order":0,"comment_status":"closed","ping_status":"closed","template":"100-width.php","meta":{"footnotes":""},"class_list":["post-3012","page","type-page","status-publish","hentry"],"yoast_head":"<!-- This site is optimized with the Yoast SEO plugin v26.6 - https:\/\/yoast.com\/wordpress\/plugins\/seo\/ -->\n<title>CGU - Acid Factory<\/title>\n<meta name=\"robots\" content=\"index, follow, max-snippet:-1, max-image-preview:large, max-video-preview:-1\" \/>\n<link rel=\"canonical\" href=\"https:\/\/acidfactory-design.com\/en\/cgu\/\" \/>\n<meta property=\"og:locale\" content=\"en_GB\" \/>\n<meta property=\"og:type\" content=\"article\" \/>\n<meta property=\"og:title\" content=\"CGU - Acid Factory\" \/>\n<meta property=\"og:url\" content=\"https:\/\/acidfactory-design.com\/en\/cgu\/\" \/>\n<meta property=\"og:site_name\" content=\"Acid Factory\" \/>\n<meta property=\"article:publisher\" content=\"https:\/\/www.facebook.com\/AcidFactorydesign\/\" \/>\n<meta property=\"article:modified_time\" content=\"2023-06-18T18:19:48+00:00\" \/>\n<meta name=\"twitter:card\" content=\"summary_large_image\" \/>\n<meta name=\"twitter:label1\" content=\"Estimated reading time\" \/>\n\t<meta name=\"twitter:data1\" content=\"8 minutes\" \/>\n<script type=\"application\/ld+json\" class=\"yoast-schema-graph\">{\"@context\":\"https:\/\/schema.org\",\"@graph\":[{\"@type\":\"WebPage\",\"@id\":\"https:\/\/acidfactory-design.com\/cgu\/\",\"url\":\"https:\/\/acidfactory-design.com\/cgu\/\",\"name\":\"CGU - Acid Factory\",\"isPartOf\":{\"@id\":\"http:\/\/acidfactory-design.com\/en\/#website\"},\"datePublished\":\"2022-09-10T10:49:47+00:00\",\"dateModified\":\"2023-06-18T18:19:48+00:00\",\"breadcrumb\":{\"@id\":\"https:\/\/acidfactory-design.com\/cgu\/#breadcrumb\"},\"inLanguage\":\"en-GB\",\"potentialAction\":[{\"@type\":\"ReadAction\",\"target\":[\"https:\/\/acidfactory-design.com\/cgu\/\"]}]},{\"@type\":\"BreadcrumbList\",\"@id\":\"https:\/\/acidfactory-design.com\/cgu\/#breadcrumb\",\"itemListElement\":[{\"@type\":\"ListItem\",\"position\":1,\"name\":\"Accueil\",\"item\":\"http:\/\/acidfactory-design.com\/en\/\"},{\"@type\":\"ListItem\",\"position\":2,\"name\":\"CGU\"}]},{\"@type\":\"WebSite\",\"@id\":\"http:\/\/acidfactory-design.com\/en\/#website\",\"url\":\"http:\/\/acidfactory-design.com\/en\/\",\"name\":\"Acid Factory\",\"description\":\"A cocoon into darkness\",\"publisher\":{\"@id\":\"http:\/\/acidfactory-design.com\/en\/#organization\"},\"potentialAction\":[{\"@type\":\"SearchAction\",\"target\":{\"@type\":\"EntryPoint\",\"urlTemplate\":\"http:\/\/acidfactory-design.com\/en\/?s={search_term_string}\"},\"query-input\":{\"@type\":\"PropertyValueSpecification\",\"valueRequired\":true,\"valueName\":\"search_term_string\"}}],\"inLanguage\":\"en-GB\"},{\"@type\":\"Organization\",\"@id\":\"http:\/\/acidfactory-design.com\/en\/#organization\",\"name\":\"Acid Factory\",\"url\":\"http:\/\/acidfactory-design.com\/en\/\",\"logo\":{\"@type\":\"ImageObject\",\"inLanguage\":\"en-GB\",\"@id\":\"http:\/\/acidfactory-design.com\/en\/#\/schema\/logo\/image\/\",\"url\":\"http:\/\/acidfactory-design.com\/wp-content\/uploads\/2022\/12\/cropped-logo-wordpress3.png\",\"contentUrl\":\"http:\/\/acidfactory-design.com\/wp-content\/uploads\/2022\/12\/cropped-logo-wordpress3.png\",\"width\":512,\"height\":512,\"caption\":\"Acid Factory\"},\"image\":{\"@id\":\"http:\/\/acidfactory-design.com\/en\/#\/schema\/logo\/image\/\"},\"sameAs\":[\"https:\/\/www.facebook.com\/AcidFactorydesign\/\",\"https:\/\/www.instagram.com\/acidfactorydesign\/\",\"https:\/\/www.pinterest.fr\/AcidFactorydesign\/\"]}]}<\/script>\n<!-- \/ Yoast SEO plugin. -->","yoast_head_json":{"title":"CGU - Acid Factory","robots":{"index":"index","follow":"follow","max-snippet":"max-snippet:-1","max-image-preview":"max-image-preview:large","max-video-preview":"max-video-preview:-1"},"canonical":"https:\/\/acidfactory-design.com\/en\/cgu\/","og_locale":"en_GB","og_type":"article","og_title":"CGU - Acid Factory","og_url":"https:\/\/acidfactory-design.com\/en\/cgu\/","og_site_name":"Acid Factory","article_publisher":"https:\/\/www.facebook.com\/AcidFactorydesign\/","article_modified_time":"2023-06-18T18:19:48+00:00","twitter_card":"summary_large_image","twitter_misc":{"Estimated reading time":"8 minutes"},"schema":{"@context":"https:\/\/schema.org","@graph":[{"@type":"WebPage","@id":"https:\/\/acidfactory-design.com\/cgu\/","url":"https:\/\/acidfactory-design.com\/cgu\/","name":"CGU - Acid Factory","isPartOf":{"@id":"http:\/\/acidfactory-design.com\/en\/#website"},"datePublished":"2022-09-10T10:49:47+00:00","dateModified":"2023-06-18T18:19:48+00:00","breadcrumb":{"@id":"https:\/\/acidfactory-design.com\/cgu\/#breadcrumb"},"inLanguage":"en-GB","potentialAction":[{"@type":"ReadAction","target":["https:\/\/acidfactory-design.com\/cgu\/"]}]},{"@type":"BreadcrumbList","@id":"https:\/\/acidfactory-design.com\/cgu\/#breadcrumb","itemListElement":[{"@type":"ListItem","position":1,"name":"Accueil","item":"http:\/\/acidfactory-design.com\/en\/"},{"@type":"ListItem","position":2,"name":"CGU"}]},{"@type":"WebSite","@id":"http:\/\/acidfactory-design.com\/en\/#website","url":"http:\/\/acidfactory-design.com\/en\/","name":"Acid Factory","description":"A cocoon into darkness","publisher":{"@id":"http:\/\/acidfactory-design.com\/en\/#organization"},"potentialAction":[{"@type":"SearchAction","target":{"@type":"EntryPoint","urlTemplate":"http:\/\/acidfactory-design.com\/en\/?s={search_term_string}"},"query-input":{"@type":"PropertyValueSpecification","valueRequired":true,"valueName":"search_term_string"}}],"inLanguage":"en-GB"},{"@type":"Organization","@id":"http:\/\/acidfactory-design.com\/en\/#organization","name":"Acid Factory","url":"http:\/\/acidfactory-design.com\/en\/","logo":{"@type":"ImageObject","inLanguage":"en-GB","@id":"http:\/\/acidfactory-design.com\/en\/#\/schema\/logo\/image\/","url":"http:\/\/acidfactory-design.com\/wp-content\/uploads\/2022\/12\/cropped-logo-wordpress3.png","contentUrl":"http:\/\/acidfactory-design.com\/wp-content\/uploads\/2022\/12\/cropped-logo-wordpress3.png","width":512,"height":512,"caption":"Acid Factory"},"image":{"@id":"http:\/\/acidfactory-design.com\/en\/#\/schema\/logo\/image\/"},"sameAs":["https:\/\/www.facebook.com\/AcidFactorydesign\/","https:\/\/www.instagram.com\/acidfactorydesign\/","https:\/\/www.pinterest.fr\/AcidFactorydesign\/"]}]}},"jetpack_sharing_enabled":true,"_links":{"self":[{"href":"https:\/\/acidfactory-design.com\/en\/wp-json\/wp\/v2\/pages\/3012","targetHints":{"allow":["GET"]}}],"collection":[{"href":"https:\/\/acidfactory-design.com\/en\/wp-json\/wp\/v2\/pages"}],"about":[{"href":"https:\/\/acidfactory-design.com\/en\/wp-json\/wp\/v2\/types\/page"}],"author":[{"embeddable":true,"href":"https:\/\/acidfactory-design.com\/en\/wp-json\/wp\/v2\/users\/1"}],"replies":[{"embeddable":true,"href":"https:\/\/acidfactory-design.com\/en\/wp-json\/wp\/v2\/comments?post=3012"}],"version-history":[{"count":8,"href":"https:\/\/acidfactory-design.com\/en\/wp-json\/wp\/v2\/pages\/3012\/revisions"}],"predecessor-version":[{"id":3465,"href":"https:\/\/acidfactory-design.com\/en\/wp-json\/wp\/v2\/pages\/3012\/revisions\/3465"}],"wp:attachment":[{"href":"https:\/\/acidfactory-design.com\/en\/wp-json\/wp\/v2\/media?parent=3012"}],"curies":[{"name":"wp","href":"https:\/\/api.w.org\/{rel}","templated":true}]}}