{"id":16,"date":"2015-05-08T17:00:47","date_gmt":"2015-05-08T15:00:47","guid":{"rendered":"https:\/\/acidfactory-design.com\/?page_id=16"},"modified":"2022-12-19T11:24:36","modified_gmt":"2022-12-19T10:24:36","slug":"lamarque","status":"publish","type":"page","link":"https:\/\/acidfactory-design.com\/en\/lamarque\/","title":{"rendered":"La Marque"},"content":{"rendered":"<p><div class=\"fusion-fullwidth fullwidth-box fusion-builder-row-1 fusion-flex-container has-pattern-background has-mask-background nonhundred-percent-fullwidth non-hundred-percent-height-scrolling\" style=\"--awb-background-position:left top;--awb-border-sizes-top:0px;--awb-border-sizes-bottom:0px;--awb-border-sizes-left:0px;--awb-border-sizes-right:0px;--awb-border-color:var(--awb-color8);--awb-border-radius-top-left:0px;--awb-border-radius-top-right:0px;--awb-border-radius-bottom-right:0px;--awb-border-radius-bottom-left:0px;--awb-padding-bottom:100px;--awb-padding-bottom-medium:60px;--awb-padding-bottom-small:60px;--awb-background-color:var(--awb-color8);--awb-flex-wrap:wrap;\" ><div class=\"fusion-builder-row fusion-row fusion-flex-align-items-flex-start fusion-flex-content-wrap\" style=\"max-width:1216.8px;margin-left: calc(-4% \/ 2 );margin-right: calc(-4% \/ 2 );\"><div class=\"fusion-layout-column fusion_builder_column fusion-builder-column-0 fusion_builder_column_1_4 1_4 fusion-flex-column fusion-no-small-visibility\" style=\"--awb-bg-blend:overlay;--awb-bg-size:cover;--awb-width-large:25%;--awb-margin-top-large:0px;--awb-spacing-right-large:7.68%;--awb-margin-bottom-large:20px;--awb-spacing-left-large:7.68%;--awb-width-medium:100%;--awb-spacing-right-medium:1.92%;--awb-spacing-left-medium:1.92%;--awb-width-small:100%;--awb-spacing-right-small:1.92%;--awb-spacing-left-small:1.92%;\"><div class=\"fusion-column-wrapper fusion-flex-justify-content-flex-start fusion-content-layout-column\"><\/div><\/div><div class=\"fusion-layout-column fusion_builder_column fusion-builder-column-1 fusion_builder_column_1_2 1_2 fusion-flex-column\" style=\"--awb-bg-color:var(--awb-color8);--awb-bg-color-hover:var(--awb-color8);--awb-bg-blend:overlay;--awb-bg-size:cover;--awb-border-color:var(--awb-color8);--awb-border-top:0px;--awb-border-right:0px;--awb-border-bottom:0px;--awb-border-left:0px;--awb-border-style:solid;--awb-width-large:50%;--awb-margin-top-large:0px;--awb-spacing-right-large:3.84%;--awb-margin-bottom-large:20px;--awb-spacing-left-large:3.84%;--awb-width-medium:100%;--awb-order-medium:0;--awb-spacing-right-medium:1.92%;--awb-spacing-left-medium:1.92%;--awb-width-small:100%;--awb-order-small:0;--awb-spacing-right-small:1.92%;--awb-spacing-left-small:1.92%;\"><div class=\"fusion-column-wrapper fusion-column-has-shadow fusion-flex-justify-content-flex-start fusion-content-layout-column\"><div class=\"fusion-title title fusion-title-1 fusion-title-center fusion-title-text fusion-title-size-div\" style=\"--awb-text-color:var(--awb-color5);--awb-font-size:var(--awb-typography2-font-size);\"><div class=\"title-sep-container title-sep-container-left\"><div class=\"title-sep sep- sep-solid\" style=\"border-color:var(--awb-custom_color_3);\"><\/div><\/div><span class=\"awb-title-spacer\"><\/span><div class=\"fusion-title-heading title-heading-center title-heading-tag fusion-responsive-typography-calculated\" style=\"font-family:var(--awb-typography2-font-family);font-weight:var(--awb-typography2-font-weight);font-style:var(--awb-typography2-font-style);margin:0;font-size:1em;letter-spacing:var(--awb-typography2-letter-spacing);text-transform:var(--awb-typography2-text-transform);--fontSize:16;--minFontSize:16;line-height:var(--awb-typography2-line-height);\">acid factory<\/div><span class=\"awb-title-spacer\"><\/span><div class=\"title-sep-container title-sep-container-right\"><div class=\"title-sep sep- sep-solid\" style=\"border-color:var(--awb-custom_color_3);\"><\/div><\/div><\/div><div class=\"fusion-separator\" style=\"align-self: center;margin-left: auto;margin-right: auto;margin-top:5px;margin-bottom:20px;width:100%;max-width:30px;\"><div class=\"fusion-separator-border sep-single sep-solid\" style=\"--awb-height:20px;--awb-amount:20px;border-color:var(--awb-color5);border-top-width:1px;\"><\/div><\/div><div class=\"fusion-title title fusion-title-2 fusion-title-center fusion-title-text fusion-title-size-four\" style=\"--awb-margin-bottom:60px;--awb-font-size:var(--awb-custom_typography_1-font-size);\"><div class=\"title-sep-container title-sep-container-left\"><div class=\"title-sep sep- sep-solid\" style=\"border-color:var(--awb-custom_color_3);\"><\/div><\/div><span class=\"awb-title-spacer\"><\/span><h4 class=\"fusion-title-heading title-heading-center fusion-responsive-typography-calculated\" style=\"font-family:var(--awb-custom_typography_1-font-family);font-weight:var(--awb-custom_typography_1-font-weight);font-style:var(--awb-custom_typography_1-font-style);margin:0;font-size:1em;letter-spacing:var(--awb-custom_typography_1-letter-spacing);text-transform:none;--fontSize:34;line-height:var(--awb-custom_typography_1-line-height);\"><p style=\"text-align: center;\"><span style=\"color: #a50701;\">\u00ab\u00a0 <em>Where so<span style=\"color: #a50701;\">me se<\/span>e madness, we see genius<\/em> \u00bb<br \/>\n<\/span><span style=\"color: #999999;\"><em><span style=\"font-size: 40%;\">Kerouac<\/span><\/em><\/span><\/p><\/h4><span class=\"awb-title-spacer\"><\/span><div class=\"title-sep-container title-sep-container-right\"><div class=\"title-sep sep- sep-solid\" style=\"border-color:var(--awb-custom_color_3);\"><\/div><\/div><\/div><\/div><\/div><div class=\"fusion-layout-column fusion_builder_column fusion-builder-column-2 fusion_builder_column_1_4 1_4 fusion-flex-column fusion-no-small-visibility\" style=\"--awb-bg-blend:overlay;--awb-bg-size:cover;--awb-width-large:25%;--awb-margin-top-large:0px;--awb-spacing-right-large:7.68%;--awb-margin-bottom-large:20px;--awb-spacing-left-large:7.68%;--awb-width-medium:100%;--awb-spacing-right-medium:1.92%;--awb-spacing-left-medium:1.92%;--awb-width-small:100%;--awb-spacing-right-small:1.92%;--awb-spacing-left-small:1.92%;\"><div class=\"fusion-column-wrapper fusion-flex-justify-content-flex-start fusion-content-layout-column\"><\/div><\/div><div class=\"fusion-layout-column fusion_builder_column fusion-builder-column-3 fusion_builder_column_1_6 1_6 fusion-flex-column fusion-no-small-visibility\" style=\"--awb-bg-blend:overlay;--awb-bg-size:cover;--awb-width-large:16.666666666667%;--awb-margin-top-large:0px;--awb-spacing-right-large:11.52%;--awb-margin-bottom-large:20px;--awb-spacing-left-large:11.52%;--awb-width-medium:100%;--awb-spacing-right-medium:1.92%;--awb-spacing-left-medium:1.92%;--awb-width-small:100%;--awb-spacing-right-small:1.92%;--awb-spacing-left-small:1.92%;\"><div class=\"fusion-column-wrapper fusion-flex-justify-content-flex-start fusion-content-layout-column\"><\/div><\/div><div class=\"fusion-layout-column fusion_builder_column fusion-builder-column-4 fusion_builder_column_2_3 2_3 fusion-flex-column\" style=\"--awb-bg-blend:overlay;--awb-bg-size:cover;--awb-width-large:66.666666666667%;--awb-margin-top-large:0px;--awb-spacing-right-large:2.88%;--awb-margin-bottom-large:20px;--awb-spacing-left-large:2.88%;--awb-width-medium:100%;--awb-spacing-right-medium:1.92%;--awb-spacing-left-medium:1.92%;--awb-width-small:100%;--awb-spacing-right-small:1.92%;--awb-spacing-left-small:1.92%;\"><div class=\"fusion-column-wrapper fusion-flex-justify-content-flex-start fusion-content-layout-column\"><div class=\"fusion-text fusion-text-1\" style=\"--awb-content-alignment:center;--awb-text-color:var(--awb-color5);\"><p style=\"text-align: center;\" align=\"LEFT\"><strong>THE ORIGINS<\/strong><\/p>\n<p style=\"text-align: center;\" align=\"LEFT\">La marque est n\u00e9e de l&rsquo;alliance entre notre expertise du design<br \/>\nand our passion for alternative cultures.<\/p>\n<p style=\"text-align: center;\" align=\"LEFT\">Notre mission cr\u00e9er des objets et du mobilier qui vous permettent d&rsquo;am\u00e9nager un cocon qui vous ressemble et qui r\u00e9v\u00e8le votre singularit\u00e9, et\/ou votre appartenance \u00e0 un mouvement.<\/p>\n<\/div><\/div><\/div><div class=\"fusion-layout-column fusion_builder_column fusion-builder-column-5 fusion_builder_column_1_6 1_6 fusion-flex-column fusion-no-small-visibility\" style=\"--awb-bg-blend:overlay;--awb-bg-size:cover;--awb-width-large:16.666666666667%;--awb-margin-top-large:0px;--awb-spacing-right-large:11.52%;--awb-margin-bottom-large:20px;--awb-spacing-left-large:11.52%;--awb-width-medium:100%;--awb-spacing-right-medium:1.92%;--awb-spacing-left-medium:1.92%;--awb-width-small:100%;--awb-spacing-right-small:1.92%;--awb-spacing-left-small:1.92%;\"><div class=\"fusion-column-wrapper fusion-flex-justify-content-flex-start fusion-content-layout-column\"><\/div><\/div><\/div><\/div><div class=\"fusion-fullwidth fullwidth-box fusion-builder-row-2 fusion-flex-container has-pattern-background has-mask-background hundred-percent-fullwidth non-hundred-percent-height-scrolling\" style=\"--awb-background-position:left top;--awb-border-sizes-top:0px;--awb-border-sizes-bottom:0px;--awb-border-sizes-left:0px;--awb-border-sizes-right:0px;--awb-border-radius-top-left:0px;--awb-border-radius-top-right:0px;--awb-border-radius-bottom-right:0px;--awb-border-radius-bottom-left:0px;--awb-padding-top:0px;--awb-padding-right:0px;--awb-padding-bottom:0px;--awb-padding-left:0px;--awb-background-color:var(--awb-custom_color_3);--awb-flex-wrap:wrap;\" ><div class=\"fusion-builder-row fusion-row fusion-flex-align-items-stretch fusion-flex-content-wrap\" style=\"width:calc( 100% + 0px ) !important;max-width:calc( 100% + 0px ) !important;margin-left: calc(-0px \/ 2 );margin-right: calc(-0px \/ 2 );\"><div class=\"fusion-layout-column fusion_builder_column fusion-builder-column-6 fusion_builder_column_1_2 1_2 fusion-flex-column fusion-column-inner-bg-wrapper\" style=\"--awb-inner-bg-position:center center;--awb-inner-bg-blend:overlay;--awb-inner-bg-size:cover;--awb-width-large:50%;--awb-margin-top-large:0px;--awb-spacing-right-large:0px;--awb-margin-bottom-large:0px;--awb-spacing-left-large:0px;--awb-width-medium:100%;--awb-order-medium:0;--awb-spacing-right-medium:0px;--awb-spacing-left-medium:0px;--awb-width-small:100%;--awb-order-small:0;--awb-spacing-right-small:0px;--awb-spacing-left-small:0px;\"><span class=\"fusion-column-inner-bg hover-type-zoomin\"><a class=\"fusion-column-anchor\" href=\"https:\/\/acidfactory-design.com\/en\/full-shop\/\"><span class=\"fusion-column-inner-bg-image lazyload\" data-bg=\"http:\/\/acidfactory-design.com\/wp-content\/uploads\/2015\/05\/acid_marque_back.jpg\"><\/span><\/a><\/span><div class=\"fusion-column-wrapper fusion-column-has-shadow fusion-flex-justify-content-flex-start fusion-content-layout-column fusion-empty-column-bg-image fusion-column-has-bg-image\" data-bg-url=\"http:\/\/acidfactory-design.com\/wp-content\/uploads\/2015\/05\/acid_marque_back.jpg\"><img decoding=\"async\" class=\"fusion-empty-dims-img-placeholder fusion-no-large-visibility\" src=\"data:image\/gif;base64,R0lGODlhAQABAAAAACH5BAEKAAEALAAAAAABAAEAAAICTAEAOw==\"><\/div><\/div><div class=\"fusion-layout-column fusion_builder_column fusion-builder-column-7 fusion_builder_column_1_2 1_2 fusion-flex-column\" style=\"--awb-padding-top:13%;--awb-padding-right:13%;--awb-padding-bottom:13%;--awb-padding-left:13%;--awb-padding-top-medium:80px;--awb-padding-right-medium:60px;--awb-padding-bottom-medium:80px;--awb-padding-left-medium:60px;--awb-padding-right-small:40px;--awb-padding-bottom-small:60px;--awb-padding-left-small:40px;--awb-bg-color:var(--awb-custom_color_3);--awb-bg-color-hover:var(--awb-custom_color_3);--awb-bg-size:cover;--awb-width-large:50%;--awb-margin-top-large:0px;--awb-spacing-right-large:0px;--awb-margin-bottom-large:0px;--awb-spacing-left-large:0px;--awb-width-medium:100%;--awb-order-medium:0;--awb-spacing-right-medium:0px;--awb-spacing-left-medium:0px;--awb-width-small:100%;--awb-order-small:0;--awb-spacing-right-small:0px;--awb-spacing-left-small:0px;\"><div class=\"fusion-column-wrapper lazyload fusion-column-has-shadow fusion-flex-justify-content-center fusion-content-layout-column fusion-column-has-bg-image\" data-bg-url=\"http:\/\/acidfactory-design.com\/wp-content\/uploads\/2022\/07\/back_headi.jpg\" data-bg=\"http:\/\/acidfactory-design.com\/wp-content\/uploads\/2022\/07\/back_headi.jpg\"><div class=\"fusion-title title fusion-title-3 fusion-title-center fusion-title-text fusion-title-size-two\" style=\"--awb-font-size:24px;\"><div class=\"title-sep-container title-sep-container-left\"><div class=\"title-sep sep- sep-solid\" style=\"border-color:var(--awb-custom_color_3);\"><\/div><\/div><span class=\"awb-title-spacer\"><\/span><h2 class=\"fusion-title-heading title-heading-center fusion-responsive-typography-calculated\" style=\"margin:0;font-size:1em;text-transform:capitalize;--fontSize:24;line-height:var(--awb-typography1-line-height);\">WHY ACID FACTORY<\/h2><span class=\"awb-title-spacer\"><\/span><div class=\"title-sep-container title-sep-container-right\"><div class=\"title-sep sep- sep-solid\" style=\"border-color:var(--awb-custom_color_3);\"><\/div><\/div><\/div><div class=\"fusion-separator\" style=\"align-self: center;margin-left: auto;margin-right: auto;margin-top:5px;margin-bottom:30px;width:100%;max-width:30px;\"><div class=\"fusion-separator-border sep-single sep-solid\" style=\"--awb-height:20px;--awb-amount:20px;--awb-sep-color:var(--awb-custom_color_1);border-color:var(--awb-custom_color_1);border-top-width:1px;\"><\/div><\/div><div class=\"fusion-text fusion-text-2\" style=\"--awb-content-alignment:center;\"><p style=\"text-align: center;\" align=\"LEFT\"><span style=\"color: #000000;\"><strong>ACID<\/strong> est l&rsquo;acronyme de\u00a0: <strong>A<\/strong> <strong>C<\/strong>ocoon <strong>I<\/strong>nto <strong>D<\/strong>arkness<\/span><\/p>\n<p style=\"text-align: center;\" align=\"LEFT\"><span style=\"color: #000000;\"><strong>Factory<\/strong> because we create and self-publish all our products.<\/span><\/p>\n<\/div><\/div><\/div><\/div><\/div><div class=\"fusion-fullwidth fullwidth-box fusion-builder-row-3 fusion-flex-container hundred-percent-fullwidth non-hundred-percent-height-scrolling\" style=\"--awb-background-position:left top;--awb-border-sizes-top:0px;--awb-border-sizes-bottom:0px;--awb-border-sizes-left:0px;--awb-border-sizes-right:0px;--awb-border-radius-top-left:0px;--awb-border-radius-top-right:0px;--awb-border-radius-bottom-right:0px;--awb-border-radius-bottom-left:0px;--awb-padding-top:0px;--awb-padding-right:0px;--awb-padding-bottom:0px;--awb-padding-left:0px;--awb-flex-wrap:wrap;\" ><div class=\"fusion-builder-row fusion-row fusion-flex-align-items-stretch fusion-flex-content-wrap\" style=\"width:calc( 100% + 0px ) !important;max-width:calc( 100% + 0px ) !important;margin-left: calc(-0px \/ 2 );margin-right: calc(-0px \/ 2 );\"><div class=\"fusion-layout-column fusion_builder_column fusion-builder-column-8 fusion_builder_column_1_2 1_2 fusion-flex-column\" style=\"--awb-padding-top:13%;--awb-padding-right:13%;--awb-padding-bottom:13%;--awb-padding-left:13%;--awb-padding-top-medium:80px;--awb-padding-right-medium:60px;--awb-padding-bottom-medium:80px;--awb-padding-left-medium:60px;--awb-bg-color:var(--awb-custom_color_3);--awb-bg-color-hover:var(--awb-custom_color_3);--awb-bg-size:cover;--awb-width-large:50%;--awb-margin-top-large:0px;--awb-spacing-right-large:0px;--awb-margin-bottom-large:0px;--awb-spacing-left-large:0px;--awb-width-medium:100%;--awb-order-medium:1;--awb-spacing-right-medium:0px;--awb-spacing-left-medium:0px;--awb-width-small:100%;--awb-order-small:0;--awb-spacing-right-small:0px;--awb-spacing-left-small:0px;\"><div class=\"fusion-column-wrapper lazyload fusion-column-has-shadow fusion-flex-justify-content-center fusion-content-layout-column fusion-column-has-bg-image\" data-bg-url=\"http:\/\/acidfactory-design.com\/wp-content\/uploads\/2022\/07\/back_title_tapis2.jpg\" data-bg=\"http:\/\/acidfactory-design.com\/wp-content\/uploads\/2022\/07\/back_title_tapis2.jpg\"><div class=\"fusion-title title fusion-title-4 fusion-title-center fusion-title-text fusion-title-size-two\" style=\"--awb-font-size:24px;\"><div class=\"title-sep-container title-sep-container-left\"><div class=\"title-sep sep- sep-solid\" style=\"border-color:var(--awb-custom_color_3);\"><\/div><\/div><span class=\"awb-title-spacer\"><\/span><h2 class=\"fusion-title-heading title-heading-center fusion-responsive-typography-calculated\" style=\"margin:0;font-size:1em;text-transform:capitalize;--fontSize:24;line-height:var(--awb-typography1-line-height);\">OUR VALUES<\/h2><span class=\"awb-title-spacer\"><\/span><div class=\"title-sep-container title-sep-container-right\"><div class=\"title-sep sep- sep-solid\" style=\"border-color:var(--awb-custom_color_3);\"><\/div><\/div><\/div><div class=\"fusion-separator\" style=\"align-self: center;margin-left: auto;margin-right: auto;margin-top:5px;margin-bottom:30px;width:100%;max-width:30px;\"><div class=\"fusion-separator-border sep-single sep-solid\" style=\"--awb-height:20px;--awb-amount:20px;--awb-sep-color:var(--awb-custom_color_1);border-color:var(--awb-custom_color_1);border-top-width:1px;\"><\/div><\/div><div class=\"fusion-text fusion-text-3\" style=\"--awb-content-alignment:center;\"><p><span style=\"color: #000000;\">Careful choice of our partners with fair remuneration and ethical working conditions. <\/span><span style=\"color: #000000;\">Ce n&rsquo;est pas possible pour tous nos produits mais nous essayons au maximum de travailler avec des entreprises fran\u00e7aises. Nous vous pr\u00e9cisons toujours la provenance de nos produits.<\/span><br \/><span style=\"color: #000000;\"><strong><br \/>Social and environmental approach:<br \/><\/strong><\/span><br \/><span style=\"color: #000000;\">Nous travaillons le plus possible avec des mat\u00e9riaux recyclables et \/ou recycl\u00e9s pour nos produits et leur packaging. <\/span><span style=\"color: #000000;\">We have also set up sharing products that allow us to make donations to associations that have social and environmental initiatives.<\/span><\/p>\n<p>Voir dans le descriptif des produits, les associations choisies.\u00a0<\/p>\n<\/div><\/div><\/div><div class=\"fusion-layout-column fusion_builder_column fusion-builder-column-9 fusion_builder_column_1_2 1_2 fusion-flex-column fusion-column-inner-bg-wrapper\" style=\"--awb-inner-bg-position:center center;--awb-inner-bg-blend:overlay;--awb-inner-bg-size:cover;--awb-width-large:50%;--awb-margin-top-large:0px;--awb-spacing-right-large:0px;--awb-margin-bottom-large:0px;--awb-spacing-left-large:0px;--awb-width-medium:100%;--awb-order-medium:0;--awb-spacing-right-medium:0px;--awb-spacing-left-medium:0px;--awb-width-small:100%;--awb-order-small:0;--awb-spacing-right-small:0px;--awb-spacing-left-small:0px;\"><span class=\"fusion-column-inner-bg hover-type-zoomin\"><a class=\"fusion-column-anchor\" href=\"https:\/\/acidfactory-design.com\/en\/full-shop\/\"><span class=\"fusion-column-inner-bg-image lazyload\" data-bg=\"http:\/\/acidfactory-design.com\/wp-content\/uploads\/2022\/07\/acid_marque_back4.jpg\"><\/span><\/a><\/span><div class=\"fusion-column-wrapper fusion-column-has-shadow fusion-flex-justify-content-flex-start fusion-content-layout-column fusion-empty-column-bg-image fusion-column-has-bg-image\" data-bg-url=\"http:\/\/acidfactory-design.com\/wp-content\/uploads\/2022\/07\/acid_marque_back4.jpg\"><img decoding=\"async\" class=\"fusion-empty-dims-img-placeholder fusion-no-large-visibility\" src=\"data:image\/gif;base64,R0lGODlhAQABAAAAACH5BAEKAAEALAAAAAABAAEAAAICTAEAOw==\"><\/div><\/div><\/div><\/div><\/p>","protected":false},"excerpt":{"rendered":"","protected":false},"author":1,"featured_media":0,"parent":0,"menu_order":0,"comment_status":"open","ping_status":"closed","template":"100-width.php","meta":{"footnotes":""},"class_list":["post-16","page","type-page","status-publish","hentry"],"yoast_head":"<!-- This site is optimized with the Yoast SEO plugin v26.6 - https:\/\/yoast.com\/wordpress\/plugins\/seo\/ -->\n<title>La Marque - Acid Factory<\/title>\n<meta name=\"robots\" content=\"index, follow, max-snippet:-1, max-image-preview:large, max-video-preview:-1\" \/>\n<link rel=\"canonical\" href=\"https:\/\/acidfactory-design.com\/en\/lamarque\/\" \/>\n<meta property=\"og:locale\" content=\"en_GB\" \/>\n<meta property=\"og:type\" content=\"article\" \/>\n<meta property=\"og:title\" content=\"La Marque - Acid Factory\" \/>\n<meta property=\"og:url\" content=\"https:\/\/acidfactory-design.com\/en\/lamarque\/\" \/>\n<meta property=\"og:site_name\" content=\"Acid Factory\" \/>\n<meta property=\"article:publisher\" content=\"https:\/\/www.facebook.com\/AcidFactorydesign\/\" \/>\n<meta property=\"article:modified_time\" content=\"2022-12-19T10:24:36+00:00\" \/>\n<meta name=\"twitter:card\" content=\"summary_large_image\" \/>\n<meta name=\"twitter:label1\" content=\"Estimated reading time\" \/>\n\t<meta name=\"twitter:data1\" content=\"9 minutes\" \/>\n<script type=\"application\/ld+json\" class=\"yoast-schema-graph\">{\"@context\":\"https:\/\/schema.org\",\"@graph\":[{\"@type\":\"WebPage\",\"@id\":\"https:\/\/acidfactory-design.com\/lamarque\/\",\"url\":\"https:\/\/acidfactory-design.com\/lamarque\/\",\"name\":\"La Marque - Acid Factory\",\"isPartOf\":{\"@id\":\"http:\/\/acidfactory-design.com\/en\/#website\"},\"datePublished\":\"2015-05-08T15:00:47+00:00\",\"dateModified\":\"2022-12-19T10:24:36+00:00\",\"breadcrumb\":{\"@id\":\"https:\/\/acidfactory-design.com\/lamarque\/#breadcrumb\"},\"inLanguage\":\"en-GB\",\"potentialAction\":[{\"@type\":\"ReadAction\",\"target\":[\"https:\/\/acidfactory-design.com\/lamarque\/\"]}]},{\"@type\":\"BreadcrumbList\",\"@id\":\"https:\/\/acidfactory-design.com\/lamarque\/#breadcrumb\",\"itemListElement\":[{\"@type\":\"ListItem\",\"position\":1,\"name\":\"Accueil\",\"item\":\"http:\/\/acidfactory-design.com\/en\/\"},{\"@type\":\"ListItem\",\"position\":2,\"name\":\"La Marque\"}]},{\"@type\":\"WebSite\",\"@id\":\"http:\/\/acidfactory-design.com\/en\/#website\",\"url\":\"http:\/\/acidfactory-design.com\/en\/\",\"name\":\"Acid Factory\",\"description\":\"A cocoon into darkness\",\"publisher\":{\"@id\":\"http:\/\/acidfactory-design.com\/en\/#organization\"},\"potentialAction\":[{\"@type\":\"SearchAction\",\"target\":{\"@type\":\"EntryPoint\",\"urlTemplate\":\"http:\/\/acidfactory-design.com\/en\/?s={search_term_string}\"},\"query-input\":{\"@type\":\"PropertyValueSpecification\",\"valueRequired\":true,\"valueName\":\"search_term_string\"}}],\"inLanguage\":\"en-GB\"},{\"@type\":\"Organization\",\"@id\":\"http:\/\/acidfactory-design.com\/en\/#organization\",\"name\":\"Acid Factory\",\"url\":\"http:\/\/acidfactory-design.com\/en\/\",\"logo\":{\"@type\":\"ImageObject\",\"inLanguage\":\"en-GB\",\"@id\":\"http:\/\/acidfactory-design.com\/en\/#\/schema\/logo\/image\/\",\"url\":\"http:\/\/acidfactory-design.com\/wp-content\/uploads\/2022\/12\/cropped-logo-wordpress3.png\",\"contentUrl\":\"http:\/\/acidfactory-design.com\/wp-content\/uploads\/2022\/12\/cropped-logo-wordpress3.png\",\"width\":512,\"height\":512,\"caption\":\"Acid Factory\"},\"image\":{\"@id\":\"http:\/\/acidfactory-design.com\/en\/#\/schema\/logo\/image\/\"},\"sameAs\":[\"https:\/\/www.facebook.com\/AcidFactorydesign\/\",\"https:\/\/www.instagram.com\/acidfactorydesign\/\",\"https:\/\/www.pinterest.fr\/AcidFactorydesign\/\"]}]}<\/script>\n<!-- \/ Yoast SEO plugin. -->","yoast_head_json":{"title":"La Marque - Acid Factory","robots":{"index":"index","follow":"follow","max-snippet":"max-snippet:-1","max-image-preview":"max-image-preview:large","max-video-preview":"max-video-preview:-1"},"canonical":"https:\/\/acidfactory-design.com\/en\/lamarque\/","og_locale":"en_GB","og_type":"article","og_title":"La Marque - Acid Factory","og_url":"https:\/\/acidfactory-design.com\/en\/lamarque\/","og_site_name":"Acid Factory","article_publisher":"https:\/\/www.facebook.com\/AcidFactorydesign\/","article_modified_time":"2022-12-19T10:24:36+00:00","twitter_card":"summary_large_image","twitter_misc":{"Estimated reading time":"9 minutes"},"schema":{"@context":"https:\/\/schema.org","@graph":[{"@type":"WebPage","@id":"https:\/\/acidfactory-design.com\/lamarque\/","url":"https:\/\/acidfactory-design.com\/lamarque\/","name":"La Marque - Acid Factory","isPartOf":{"@id":"http:\/\/acidfactory-design.com\/en\/#website"},"datePublished":"2015-05-08T15:00:47+00:00","dateModified":"2022-12-19T10:24:36+00:00","breadcrumb":{"@id":"https:\/\/acidfactory-design.com\/lamarque\/#breadcrumb"},"inLanguage":"en-GB","potentialAction":[{"@type":"ReadAction","target":["https:\/\/acidfactory-design.com\/lamarque\/"]}]},{"@type":"BreadcrumbList","@id":"https:\/\/acidfactory-design.com\/lamarque\/#breadcrumb","itemListElement":[{"@type":"ListItem","position":1,"name":"Accueil","item":"http:\/\/acidfactory-design.com\/en\/"},{"@type":"ListItem","position":2,"name":"La Marque"}]},{"@type":"WebSite","@id":"http:\/\/acidfactory-design.com\/en\/#website","url":"http:\/\/acidfactory-design.com\/en\/","name":"Acid Factory","description":"A cocoon into darkness","publisher":{"@id":"http:\/\/acidfactory-design.com\/en\/#organization"},"potentialAction":[{"@type":"SearchAction","target":{"@type":"EntryPoint","urlTemplate":"http:\/\/acidfactory-design.com\/en\/?s={search_term_string}"},"query-input":{"@type":"PropertyValueSpecification","valueRequired":true,"valueName":"search_term_string"}}],"inLanguage":"en-GB"},{"@type":"Organization","@id":"http:\/\/acidfactory-design.com\/en\/#organization","name":"Acid Factory","url":"http:\/\/acidfactory-design.com\/en\/","logo":{"@type":"ImageObject","inLanguage":"en-GB","@id":"http:\/\/acidfactory-design.com\/en\/#\/schema\/logo\/image\/","url":"http:\/\/acidfactory-design.com\/wp-content\/uploads\/2022\/12\/cropped-logo-wordpress3.png","contentUrl":"http:\/\/acidfactory-design.com\/wp-content\/uploads\/2022\/12\/cropped-logo-wordpress3.png","width":512,"height":512,"caption":"Acid Factory"},"image":{"@id":"http:\/\/acidfactory-design.com\/en\/#\/schema\/logo\/image\/"},"sameAs":["https:\/\/www.facebook.com\/AcidFactorydesign\/","https:\/\/www.instagram.com\/acidfactorydesign\/","https:\/\/www.pinterest.fr\/AcidFactorydesign\/"]}]}},"jetpack_sharing_enabled":true,"_links":{"self":[{"href":"https:\/\/acidfactory-design.com\/en\/wp-json\/wp\/v2\/pages\/16","targetHints":{"allow":["GET"]}}],"collection":[{"href":"https:\/\/acidfactory-design.com\/en\/wp-json\/wp\/v2\/pages"}],"about":[{"href":"https:\/\/acidfactory-design.com\/en\/wp-json\/wp\/v2\/types\/page"}],"author":[{"embeddable":true,"href":"https:\/\/acidfactory-design.com\/en\/wp-json\/wp\/v2\/users\/1"}],"replies":[{"embeddable":true,"href":"https:\/\/acidfactory-design.com\/en\/wp-json\/wp\/v2\/comments?post=16"}],"version-history":[{"count":22,"href":"https:\/\/acidfactory-design.com\/en\/wp-json\/wp\/v2\/pages\/16\/revisions"}],"predecessor-version":[{"id":3296,"href":"https:\/\/acidfactory-design.com\/en\/wp-json\/wp\/v2\/pages\/16\/revisions\/3296"}],"wp:attachment":[{"href":"https:\/\/acidfactory-design.com\/en\/wp-json\/wp\/v2\/media?parent=16"}],"curies":[{"name":"wp","href":"https:\/\/api.w.org\/{rel}","templated":true}]}}