{"id":3773,"date":"2024-10-03T17:16:26","date_gmt":"2024-10-03T15:16:26","guid":{"rendered":"https:\/\/acidfactory-design.com\/?post_type=product&#038;p=3773"},"modified":"2025-07-29T21:02:35","modified_gmt":"2025-07-29T19:02:35","slug":"nornes-torchons","status":"publish","type":"product","link":"http:\/\/acidfactory-design.com\/en\/product\/nornes-torchons\/","title":{"rendered":"Nornes Tea towels"},"content":{"rendered":"<p>Tea towel in cotton or linen, hand screen-printed on upcycled old fabrics.<\/p>\n<p>The photos are not contractual as the color of the fabric depends on the current stock of vintage fabrics sourced.<\/p>\n<p>Contact us before ordering if you would like more details on this matter.<\/p>","protected":false},"excerpt":{"rendered":"<p>Le linge des Nornes<\/p>\n<p>Tisseuses du destin, Urd, Verdandi et Skuld savent que tous les fils m\u00e8nent \u00e0 la Faucheuse.<br \/>\nCes torchons, confectionn\u00e9s \u00e0 partir de linges anciens, sont leurs offrandes : papillons d\u2019\u00e2me, corbeaux messagers, herbes oubli\u00e9es, symboles occultes et de passages.<br \/>\nUn fragment de vie, tiss\u00e9 pour la Mort.<\/p>\n[fusion_checklist icon=\"fa-check fas\" iconcolor=\"\" circle=\"no\" circlecolor=\"\" size=\"15px\" class=\"\" id=\"\"][fusion_li_item icon=\"\"]linge de table en coton ou lin [\/fusion_li_item][fusion_li_item icon=\"\"]upcycling de tissus anciens[\/fusion_li_item][fusion_li_item icon=\"\"]s\u00e9rigraphi\u00e9 et cousu \u00e0 la main[\/fusion_li_item][fusion_li_item icon=\"\"]Customisation sur demande[\/fusion_li_item][fusion_li_item icon=\"\"]Tous les prix incluent la TVA[\/fusion_li_item][fusion_li_item icon=\"\"]lavable en machine[\/fusion_li_item][\/fusion_checklist]\n","protected":false},"featured_media":3998,"comment_status":"closed","ping_status":"closed","template":"","meta":[],"product_brand":[],"product_cat":[107,70],"product_tag":[69],"class_list":{"0":"post-3773","1":"product","2":"type-product","3":"status-publish","4":"has-post-thumbnail","6":"product_cat-linge-de-table","7":"product_cat-mortis","8":"product_tag-collection-mortis","10":"first","11":"instock","12":"taxable","13":"shipping-taxable","14":"purchasable","15":"product-type-variable"},"yoast_head":"<!-- This site is optimized with the Yoast SEO plugin v26.6 - https:\/\/yoast.com\/wordpress\/plugins\/seo\/ -->\n<title>Nornes torchons - Acid Factory<\/title>\n<meta name=\"robots\" content=\"index, follow, max-snippet:-1, max-image-preview:large, max-video-preview:-1\" \/>\n<link rel=\"canonical\" href=\"https:\/\/acidfactory-design.com\/en\/product\/nornes-torchons\/\" \/>\n<meta property=\"og:locale\" content=\"en_GB\" \/>\n<meta property=\"og:type\" content=\"article\" \/>\n<meta property=\"og:title\" content=\"Nornes torchons - Acid Factory\" \/>\n<meta property=\"og:description\" content=\"Le linge des Nornes  Tisseuses du destin, Urd, Verdandi et Skuld savent que tous les fils m\u00e8nent \u00e0 la Faucheuse. Ces torchons, confectionn\u00e9s \u00e0 partir de linges anciens, sont leurs offrandes : papillons d\u2019\u00e2me, corbeaux messagers, herbes oubli\u00e9es, symboles occultes et de passages. Un fragment de vie, tiss\u00e9 pour la Mort.\" \/>\n<meta property=\"og:url\" content=\"https:\/\/acidfactory-design.com\/en\/product\/nornes-torchons\/\" \/>\n<meta property=\"og:site_name\" content=\"Acid Factory\" \/>\n<meta property=\"article:publisher\" content=\"https:\/\/www.facebook.com\/AcidFactorydesign\/\" \/>\n<meta property=\"article:modified_time\" content=\"2025-07-29T19:02:35+00:00\" \/>\n<meta property=\"og:image\" content=\"https:\/\/i0.wp.com\/acidfactory-design.com\/wp-content\/uploads\/2024\/10\/torchon-corbeau-scaled.jpg?fit=2560%2C2560&ssl=1\" \/>\n\t<meta property=\"og:image:width\" content=\"2560\" \/>\n\t<meta property=\"og:image:height\" content=\"2560\" \/>\n\t<meta property=\"og:image:type\" content=\"image\/jpeg\" \/>\n<meta name=\"twitter:card\" content=\"summary_large_image\" \/>\n<meta name=\"twitter:label1\" content=\"Estimated reading time\" \/>\n\t<meta name=\"twitter:data1\" content=\"1 minute\" \/>\n<script type=\"application\/ld+json\" class=\"yoast-schema-graph\">{\"@context\":\"https:\/\/schema.org\",\"@graph\":[{\"@type\":\"WebPage\",\"@id\":\"https:\/\/acidfactory-design.com\/produit\/nornes-torchons\/\",\"url\":\"https:\/\/acidfactory-design.com\/produit\/nornes-torchons\/\",\"name\":\"Nornes torchons - Acid Factory\",\"isPartOf\":{\"@id\":\"https:\/\/acidfactory-design.com\/#website\"},\"primaryImageOfPage\":{\"@id\":\"https:\/\/acidfactory-design.com\/produit\/nornes-torchons\/#primaryimage\"},\"image\":{\"@id\":\"https:\/\/acidfactory-design.com\/produit\/nornes-torchons\/#primaryimage\"},\"thumbnailUrl\":\"https:\/\/i0.wp.com\/acidfactory-design.com\/wp-content\/uploads\/2024\/10\/torchon-corbeau-scaled.jpg?fit=2560%2C2560\",\"datePublished\":\"2024-10-03T15:16:26+00:00\",\"dateModified\":\"2025-07-29T19:02:35+00:00\",\"breadcrumb\":{\"@id\":\"https:\/\/acidfactory-design.com\/produit\/nornes-torchons\/#breadcrumb\"},\"inLanguage\":\"en-GB\",\"potentialAction\":[{\"@type\":\"ReadAction\",\"target\":[\"https:\/\/acidfactory-design.com\/produit\/nornes-torchons\/\"]}]},{\"@type\":\"ImageObject\",\"inLanguage\":\"en-GB\",\"@id\":\"https:\/\/acidfactory-design.com\/produit\/nornes-torchons\/#primaryimage\",\"url\":\"https:\/\/i0.wp.com\/acidfactory-design.com\/wp-content\/uploads\/2024\/10\/torchon-corbeau-scaled.jpg?fit=2560%2C2560\",\"contentUrl\":\"https:\/\/i0.wp.com\/acidfactory-design.com\/wp-content\/uploads\/2024\/10\/torchon-corbeau-scaled.jpg?fit=2560%2C2560\",\"width\":2560,\"height\":2560},{\"@type\":\"BreadcrumbList\",\"@id\":\"https:\/\/acidfactory-design.com\/produit\/nornes-torchons\/#breadcrumb\",\"itemListElement\":[{\"@type\":\"ListItem\",\"position\":1,\"name\":\"Accueil\",\"item\":\"https:\/\/acidfactory-design.com\/\"},{\"@type\":\"ListItem\",\"position\":2,\"name\":\"Produits\",\"item\":\"http:\/\/acidfactory-design.com\/shop\/\"},{\"@type\":\"ListItem\",\"position\":3,\"name\":\"Nornes torchons\"}]},{\"@type\":\"WebSite\",\"@id\":\"https:\/\/acidfactory-design.com\/#website\",\"url\":\"https:\/\/acidfactory-design.com\/\",\"name\":\"Acid Factory\",\"description\":\"A cocoon into darkness\",\"publisher\":{\"@id\":\"https:\/\/acidfactory-design.com\/#organization\"},\"potentialAction\":[{\"@type\":\"SearchAction\",\"target\":{\"@type\":\"EntryPoint\",\"urlTemplate\":\"https:\/\/acidfactory-design.com\/?s={search_term_string}\"},\"query-input\":{\"@type\":\"PropertyValueSpecification\",\"valueRequired\":true,\"valueName\":\"search_term_string\"}}],\"inLanguage\":\"en-GB\"},{\"@type\":\"Organization\",\"@id\":\"https:\/\/acidfactory-design.com\/#organization\",\"name\":\"Acid Factory\",\"url\":\"https:\/\/acidfactory-design.com\/\",\"logo\":{\"@type\":\"ImageObject\",\"inLanguage\":\"en-GB\",\"@id\":\"https:\/\/acidfactory-design.com\/#\/schema\/logo\/image\/\",\"url\":\"http:\/\/acidfactory-design.com\/wp-content\/uploads\/2022\/12\/cropped-logo-wordpress3.png\",\"contentUrl\":\"http:\/\/acidfactory-design.com\/wp-content\/uploads\/2022\/12\/cropped-logo-wordpress3.png\",\"width\":512,\"height\":512,\"caption\":\"Acid Factory\"},\"image\":{\"@id\":\"https:\/\/acidfactory-design.com\/#\/schema\/logo\/image\/\"},\"sameAs\":[\"https:\/\/www.facebook.com\/AcidFactorydesign\/\",\"https:\/\/www.instagram.com\/acidfactorydesign\/\",\"https:\/\/www.pinterest.fr\/AcidFactorydesign\/\"]}]}<\/script>\n<!-- \/ Yoast SEO plugin. -->","yoast_head_json":{"title":"Nornes torchons - Acid Factory","robots":{"index":"index","follow":"follow","max-snippet":"max-snippet:-1","max-image-preview":"max-image-preview:large","max-video-preview":"max-video-preview:-1"},"canonical":"https:\/\/acidfactory-design.com\/en\/product\/nornes-torchons\/","og_locale":"en_GB","og_type":"article","og_title":"Nornes torchons - Acid Factory","og_description":"Le linge des Nornes  Tisseuses du destin, Urd, Verdandi et Skuld savent que tous les fils m\u00e8nent \u00e0 la Faucheuse. Ces torchons, confectionn\u00e9s \u00e0 partir de linges anciens, sont leurs offrandes : papillons d\u2019\u00e2me, corbeaux messagers, herbes oubli\u00e9es, symboles occultes et de passages. Un fragment de vie, tiss\u00e9 pour la Mort.","og_url":"https:\/\/acidfactory-design.com\/en\/product\/nornes-torchons\/","og_site_name":"Acid Factory","article_publisher":"https:\/\/www.facebook.com\/AcidFactorydesign\/","article_modified_time":"2025-07-29T19:02:35+00:00","og_image":[{"width":2560,"height":2560,"url":"https:\/\/i0.wp.com\/acidfactory-design.com\/wp-content\/uploads\/2024\/10\/torchon-corbeau-scaled.jpg?fit=2560%2C2560&ssl=1","type":"image\/jpeg"}],"twitter_card":"summary_large_image","twitter_misc":{"Estimated reading time":"1 minute"},"schema":{"@context":"https:\/\/schema.org","@graph":[{"@type":"WebPage","@id":"https:\/\/acidfactory-design.com\/produit\/nornes-torchons\/","url":"https:\/\/acidfactory-design.com\/produit\/nornes-torchons\/","name":"Nornes torchons - Acid Factory","isPartOf":{"@id":"https:\/\/acidfactory-design.com\/#website"},"primaryImageOfPage":{"@id":"https:\/\/acidfactory-design.com\/produit\/nornes-torchons\/#primaryimage"},"image":{"@id":"https:\/\/acidfactory-design.com\/produit\/nornes-torchons\/#primaryimage"},"thumbnailUrl":"https:\/\/i0.wp.com\/acidfactory-design.com\/wp-content\/uploads\/2024\/10\/torchon-corbeau-scaled.jpg?fit=2560%2C2560","datePublished":"2024-10-03T15:16:26+00:00","dateModified":"2025-07-29T19:02:35+00:00","breadcrumb":{"@id":"https:\/\/acidfactory-design.com\/produit\/nornes-torchons\/#breadcrumb"},"inLanguage":"en-GB","potentialAction":[{"@type":"ReadAction","target":["https:\/\/acidfactory-design.com\/produit\/nornes-torchons\/"]}]},{"@type":"ImageObject","inLanguage":"en-GB","@id":"https:\/\/acidfactory-design.com\/produit\/nornes-torchons\/#primaryimage","url":"https:\/\/i0.wp.com\/acidfactory-design.com\/wp-content\/uploads\/2024\/10\/torchon-corbeau-scaled.jpg?fit=2560%2C2560","contentUrl":"https:\/\/i0.wp.com\/acidfactory-design.com\/wp-content\/uploads\/2024\/10\/torchon-corbeau-scaled.jpg?fit=2560%2C2560","width":2560,"height":2560},{"@type":"BreadcrumbList","@id":"https:\/\/acidfactory-design.com\/produit\/nornes-torchons\/#breadcrumb","itemListElement":[{"@type":"ListItem","position":1,"name":"Accueil","item":"https:\/\/acidfactory-design.com\/"},{"@type":"ListItem","position":2,"name":"Produits","item":"http:\/\/acidfactory-design.com\/shop\/"},{"@type":"ListItem","position":3,"name":"Nornes torchons"}]},{"@type":"WebSite","@id":"https:\/\/acidfactory-design.com\/#website","url":"https:\/\/acidfactory-design.com\/","name":"Acid Factory","description":"A cocoon into darkness","publisher":{"@id":"https:\/\/acidfactory-design.com\/#organization"},"potentialAction":[{"@type":"SearchAction","target":{"@type":"EntryPoint","urlTemplate":"https:\/\/acidfactory-design.com\/?s={search_term_string}"},"query-input":{"@type":"PropertyValueSpecification","valueRequired":true,"valueName":"search_term_string"}}],"inLanguage":"en-GB"},{"@type":"Organization","@id":"https:\/\/acidfactory-design.com\/#organization","name":"Acid Factory","url":"https:\/\/acidfactory-design.com\/","logo":{"@type":"ImageObject","inLanguage":"en-GB","@id":"https:\/\/acidfactory-design.com\/#\/schema\/logo\/image\/","url":"http:\/\/acidfactory-design.com\/wp-content\/uploads\/2022\/12\/cropped-logo-wordpress3.png","contentUrl":"http:\/\/acidfactory-design.com\/wp-content\/uploads\/2022\/12\/cropped-logo-wordpress3.png","width":512,"height":512,"caption":"Acid Factory"},"image":{"@id":"https:\/\/acidfactory-design.com\/#\/schema\/logo\/image\/"},"sameAs":["https:\/\/www.facebook.com\/AcidFactorydesign\/","https:\/\/www.instagram.com\/acidfactorydesign\/","https:\/\/www.pinterest.fr\/AcidFactorydesign\/"]}]}},"jetpack_sharing_enabled":true,"_links":{"self":[{"href":"http:\/\/acidfactory-design.com\/en\/wp-json\/wp\/v2\/product\/3773","targetHints":{"allow":["GET"]}}],"collection":[{"href":"http:\/\/acidfactory-design.com\/en\/wp-json\/wp\/v2\/product"}],"about":[{"href":"http:\/\/acidfactory-design.com\/en\/wp-json\/wp\/v2\/types\/product"}],"replies":[{"embeddable":true,"href":"http:\/\/acidfactory-design.com\/en\/wp-json\/wp\/v2\/comments?post=3773"}],"wp:featuredmedia":[{"embeddable":true,"href":"http:\/\/acidfactory-design.com\/en\/wp-json\/wp\/v2\/media\/3998"}],"wp:attachment":[{"href":"http:\/\/acidfactory-design.com\/en\/wp-json\/wp\/v2\/media?parent=3773"}],"wp:term":[{"taxonomy":"product_brand","embeddable":true,"href":"http:\/\/acidfactory-design.com\/en\/wp-json\/wp\/v2\/product_brand?post=3773"},{"taxonomy":"product_cat","embeddable":true,"href":"http:\/\/acidfactory-design.com\/en\/wp-json\/wp\/v2\/product_cat?post=3773"},{"taxonomy":"product_tag","embeddable":true,"href":"http:\/\/acidfactory-design.com\/en\/wp-json\/wp\/v2\/product_tag?post=3773"}],"curies":[{"name":"wp","href":"https:\/\/api.w.org\/{rel}","templated":true}]}}