{"id":3710,"date":"2024-10-01T23:34:04","date_gmt":"2024-10-01T21:34:04","guid":{"rendered":"https:\/\/acidfactory-design.com\/?post_type=product&#038;p=3710"},"modified":"2024-10-14T01:04:52","modified_gmt":"2024-10-13T23:04:52","slug":"memoires-de-lombre-marque-page","status":"publish","type":"product","link":"http:\/\/acidfactory-design.com\/en\/product\/memoires-de-lombre-marque-page\/","title":{"rendered":"M\u00e9moires de l&rsquo;ombre &#8211; Marque page"},"content":{"rendered":"<p>Marque pages translucide avec nos illustrations en formes de vitrail, fabrication\u00a0 \u00e0 la main dans notre atelier.<\/p>\n<p>&nbsp;<\/p>","protected":false},"excerpt":{"rendered":"<p>M\u00e9moires de l&rsquo;ombre<\/p>\n<p>La mort utilise ces marques pages pour lire le Livre des souvenirs et les M\u00e9moires des \u00e2mes pass\u00e9es.<\/p>\n[fusion_checklist icon=\"fa-check fas\" iconcolor=\"\" circle=\"no\" circlecolor=\"\" size=\"15px\" class=\"\" id=\"\"][fusion_li_item icon=\"\"]Marque page plastique transparent[\/fusion_li_item][fusion_li_item icon=\"\"]cordelette ou ruban noir et dor\u00e9[\/fusion_li_item][fusion_li_item icon=\"\"]Fabriqu\u00e9s main[\/fusion_li_item][fusion_li_item icon=\"\"]Diff\u00e9rents formats[\/fusion_li_item][fusion_li_item icon=\"\"]Tous les prix incluent la TVA[\/fusion_li_item][fusion_li_item icon=\"\"]9 motifs au choix[\/fusion_li_item][\/fusion_checklist]\n","protected":false},"featured_media":3729,"comment_status":"closed","ping_status":"closed","template":"","meta":[],"product_brand":[],"product_cat":[96,70],"product_tag":[69],"class_list":{"0":"post-3710","1":"product","2":"type-product","3":"status-publish","4":"has-post-thumbnail","6":"product_cat-marque-page","7":"product_cat-mortis","8":"product_tag-collection-mortis","9":"product_shipping_class-marque-page","11":"first","12":"instock","13":"taxable","14":"shipping-taxable","15":"purchasable","16":"product-type-variable"},"yoast_head":"<!-- This site is optimized with the Yoast SEO plugin v26.6 - https:\/\/yoast.com\/wordpress\/plugins\/seo\/ -->\n<title>M\u00e9moires de l&#039;ombre - Marque page - Acid Factory<\/title>\n<meta name=\"robots\" content=\"index, follow, max-snippet:-1, max-image-preview:large, max-video-preview:-1\" \/>\n<link rel=\"canonical\" href=\"https:\/\/acidfactory-design.com\/en\/product\/memoires-de-lombre-marque-page\/\" \/>\n<meta property=\"og:locale\" content=\"en_GB\" \/>\n<meta property=\"og:type\" content=\"article\" \/>\n<meta property=\"og:title\" content=\"M\u00e9moires de l&#039;ombre - Marque page - Acid Factory\" \/>\n<meta property=\"og:description\" content=\"M\u00e9moires de l&#039;ombre  La mort utilise ces marques pages pour lire le Livre des souvenirs et les M\u00e9moires des \u00e2mes pass\u00e9es.\" \/>\n<meta property=\"og:url\" content=\"https:\/\/acidfactory-design.com\/en\/product\/memoires-de-lombre-marque-page\/\" \/>\n<meta property=\"og:site_name\" content=\"Acid Factory\" \/>\n<meta property=\"article:publisher\" content=\"https:\/\/www.facebook.com\/AcidFactorydesign\/\" \/>\n<meta property=\"article:modified_time\" content=\"2024-10-13T23:04:52+00:00\" \/>\n<meta property=\"og:image\" content=\"https:\/\/i0.wp.com\/acidfactory-design.com\/wp-content\/uploads\/2024\/10\/papillon-crane-rond.jpg?fit=500%2C675&ssl=1\" \/>\n\t<meta property=\"og:image:width\" content=\"500\" \/>\n\t<meta property=\"og:image:height\" content=\"675\" \/>\n\t<meta property=\"og:image:type\" content=\"image\/jpeg\" \/>\n<meta name=\"twitter:card\" content=\"summary_large_image\" \/>\n<meta name=\"twitter:label1\" content=\"Estimated reading time\" \/>\n\t<meta name=\"twitter:data1\" content=\"1 minute\" \/>\n<script type=\"application\/ld+json\" class=\"yoast-schema-graph\">{\"@context\":\"https:\/\/schema.org\",\"@graph\":[{\"@type\":\"WebPage\",\"@id\":\"https:\/\/acidfactory-design.com\/produit\/memoires-de-lombre-marque-page\/\",\"url\":\"https:\/\/acidfactory-design.com\/produit\/memoires-de-lombre-marque-page\/\",\"name\":\"M\u00e9moires de l'ombre - Marque page - Acid Factory\",\"isPartOf\":{\"@id\":\"http:\/\/acidfactory-design.com\/#website\"},\"primaryImageOfPage\":{\"@id\":\"https:\/\/acidfactory-design.com\/produit\/memoires-de-lombre-marque-page\/#primaryimage\"},\"image\":{\"@id\":\"https:\/\/acidfactory-design.com\/produit\/memoires-de-lombre-marque-page\/#primaryimage\"},\"thumbnailUrl\":\"https:\/\/i0.wp.com\/acidfactory-design.com\/wp-content\/uploads\/2024\/10\/papillon-crane-rond.jpg?fit=500%2C675\",\"datePublished\":\"2024-10-01T21:34:04+00:00\",\"dateModified\":\"2024-10-13T23:04:52+00:00\",\"breadcrumb\":{\"@id\":\"https:\/\/acidfactory-design.com\/produit\/memoires-de-lombre-marque-page\/#breadcrumb\"},\"inLanguage\":\"en-GB\",\"potentialAction\":[{\"@type\":\"ReadAction\",\"target\":[\"https:\/\/acidfactory-design.com\/produit\/memoires-de-lombre-marque-page\/\"]}]},{\"@type\":\"ImageObject\",\"inLanguage\":\"en-GB\",\"@id\":\"https:\/\/acidfactory-design.com\/produit\/memoires-de-lombre-marque-page\/#primaryimage\",\"url\":\"https:\/\/i0.wp.com\/acidfactory-design.com\/wp-content\/uploads\/2024\/10\/papillon-crane-rond.jpg?fit=500%2C675\",\"contentUrl\":\"https:\/\/i0.wp.com\/acidfactory-design.com\/wp-content\/uploads\/2024\/10\/papillon-crane-rond.jpg?fit=500%2C675\",\"width\":500,\"height\":675},{\"@type\":\"BreadcrumbList\",\"@id\":\"https:\/\/acidfactory-design.com\/produit\/memoires-de-lombre-marque-page\/#breadcrumb\",\"itemListElement\":[{\"@type\":\"ListItem\",\"position\":1,\"name\":\"Accueil\",\"item\":\"http:\/\/acidfactory-design.com\/\"},{\"@type\":\"ListItem\",\"position\":2,\"name\":\"Products\",\"item\":\"https:\/\/acidfactory-design.com\/en\/shop\/\"},{\"@type\":\"ListItem\",\"position\":3,\"name\":\"M\u00e9moires de l&rsquo;ombre &#8211; Marque page\"}]},{\"@type\":\"WebSite\",\"@id\":\"http:\/\/acidfactory-design.com\/#website\",\"url\":\"http:\/\/acidfactory-design.com\/\",\"name\":\"Acid Factory\",\"description\":\"A cocoon into darkness\",\"publisher\":{\"@id\":\"http:\/\/acidfactory-design.com\/#organization\"},\"potentialAction\":[{\"@type\":\"SearchAction\",\"target\":{\"@type\":\"EntryPoint\",\"urlTemplate\":\"http:\/\/acidfactory-design.com\/?s={search_term_string}\"},\"query-input\":{\"@type\":\"PropertyValueSpecification\",\"valueRequired\":true,\"valueName\":\"search_term_string\"}}],\"inLanguage\":\"en-GB\"},{\"@type\":\"Organization\",\"@id\":\"http:\/\/acidfactory-design.com\/#organization\",\"name\":\"Acid Factory\",\"url\":\"http:\/\/acidfactory-design.com\/\",\"logo\":{\"@type\":\"ImageObject\",\"inLanguage\":\"en-GB\",\"@id\":\"http:\/\/acidfactory-design.com\/#\/schema\/logo\/image\/\",\"url\":\"http:\/\/acidfactory-design.com\/wp-content\/uploads\/2022\/12\/cropped-logo-wordpress3.png\",\"contentUrl\":\"http:\/\/acidfactory-design.com\/wp-content\/uploads\/2022\/12\/cropped-logo-wordpress3.png\",\"width\":512,\"height\":512,\"caption\":\"Acid Factory\"},\"image\":{\"@id\":\"http:\/\/acidfactory-design.com\/#\/schema\/logo\/image\/\"},\"sameAs\":[\"https:\/\/www.facebook.com\/AcidFactorydesign\/\",\"https:\/\/www.instagram.com\/acidfactorydesign\/\",\"https:\/\/www.pinterest.fr\/AcidFactorydesign\/\"]}]}<\/script>\n<!-- \/ Yoast SEO plugin. -->","yoast_head_json":{"title":"M\u00e9moires de l'ombre - Marque page - Acid Factory","robots":{"index":"index","follow":"follow","max-snippet":"max-snippet:-1","max-image-preview":"max-image-preview:large","max-video-preview":"max-video-preview:-1"},"canonical":"https:\/\/acidfactory-design.com\/en\/product\/memoires-de-lombre-marque-page\/","og_locale":"en_GB","og_type":"article","og_title":"M\u00e9moires de l'ombre - Marque page - Acid Factory","og_description":"M\u00e9moires de l'ombre  La mort utilise ces marques pages pour lire le Livre des souvenirs et les M\u00e9moires des \u00e2mes pass\u00e9es.","og_url":"https:\/\/acidfactory-design.com\/en\/product\/memoires-de-lombre-marque-page\/","og_site_name":"Acid Factory","article_publisher":"https:\/\/www.facebook.com\/AcidFactorydesign\/","article_modified_time":"2024-10-13T23:04:52+00:00","og_image":[{"width":500,"height":675,"url":"https:\/\/i0.wp.com\/acidfactory-design.com\/wp-content\/uploads\/2024\/10\/papillon-crane-rond.jpg?fit=500%2C675&ssl=1","type":"image\/jpeg"}],"twitter_card":"summary_large_image","twitter_misc":{"Estimated reading time":"1 minute"},"schema":{"@context":"https:\/\/schema.org","@graph":[{"@type":"WebPage","@id":"https:\/\/acidfactory-design.com\/produit\/memoires-de-lombre-marque-page\/","url":"https:\/\/acidfactory-design.com\/produit\/memoires-de-lombre-marque-page\/","name":"M\u00e9moires de l'ombre - Marque page - Acid Factory","isPartOf":{"@id":"http:\/\/acidfactory-design.com\/#website"},"primaryImageOfPage":{"@id":"https:\/\/acidfactory-design.com\/produit\/memoires-de-lombre-marque-page\/#primaryimage"},"image":{"@id":"https:\/\/acidfactory-design.com\/produit\/memoires-de-lombre-marque-page\/#primaryimage"},"thumbnailUrl":"https:\/\/i0.wp.com\/acidfactory-design.com\/wp-content\/uploads\/2024\/10\/papillon-crane-rond.jpg?fit=500%2C675","datePublished":"2024-10-01T21:34:04+00:00","dateModified":"2024-10-13T23:04:52+00:00","breadcrumb":{"@id":"https:\/\/acidfactory-design.com\/produit\/memoires-de-lombre-marque-page\/#breadcrumb"},"inLanguage":"en-GB","potentialAction":[{"@type":"ReadAction","target":["https:\/\/acidfactory-design.com\/produit\/memoires-de-lombre-marque-page\/"]}]},{"@type":"ImageObject","inLanguage":"en-GB","@id":"https:\/\/acidfactory-design.com\/produit\/memoires-de-lombre-marque-page\/#primaryimage","url":"https:\/\/i0.wp.com\/acidfactory-design.com\/wp-content\/uploads\/2024\/10\/papillon-crane-rond.jpg?fit=500%2C675","contentUrl":"https:\/\/i0.wp.com\/acidfactory-design.com\/wp-content\/uploads\/2024\/10\/papillon-crane-rond.jpg?fit=500%2C675","width":500,"height":675},{"@type":"BreadcrumbList","@id":"https:\/\/acidfactory-design.com\/produit\/memoires-de-lombre-marque-page\/#breadcrumb","itemListElement":[{"@type":"ListItem","position":1,"name":"Accueil","item":"http:\/\/acidfactory-design.com\/"},{"@type":"ListItem","position":2,"name":"Products","item":"https:\/\/acidfactory-design.com\/en\/shop\/"},{"@type":"ListItem","position":3,"name":"M\u00e9moires de l&rsquo;ombre &#8211; Marque page"}]},{"@type":"WebSite","@id":"http:\/\/acidfactory-design.com\/#website","url":"http:\/\/acidfactory-design.com\/","name":"Acid Factory","description":"A cocoon into darkness","publisher":{"@id":"http:\/\/acidfactory-design.com\/#organization"},"potentialAction":[{"@type":"SearchAction","target":{"@type":"EntryPoint","urlTemplate":"http:\/\/acidfactory-design.com\/?s={search_term_string}"},"query-input":{"@type":"PropertyValueSpecification","valueRequired":true,"valueName":"search_term_string"}}],"inLanguage":"en-GB"},{"@type":"Organization","@id":"http:\/\/acidfactory-design.com\/#organization","name":"Acid Factory","url":"http:\/\/acidfactory-design.com\/","logo":{"@type":"ImageObject","inLanguage":"en-GB","@id":"http:\/\/acidfactory-design.com\/#\/schema\/logo\/image\/","url":"http:\/\/acidfactory-design.com\/wp-content\/uploads\/2022\/12\/cropped-logo-wordpress3.png","contentUrl":"http:\/\/acidfactory-design.com\/wp-content\/uploads\/2022\/12\/cropped-logo-wordpress3.png","width":512,"height":512,"caption":"Acid Factory"},"image":{"@id":"http:\/\/acidfactory-design.com\/#\/schema\/logo\/image\/"},"sameAs":["https:\/\/www.facebook.com\/AcidFactorydesign\/","https:\/\/www.instagram.com\/acidfactorydesign\/","https:\/\/www.pinterest.fr\/AcidFactorydesign\/"]}]}},"jetpack_sharing_enabled":true,"_links":{"self":[{"href":"http:\/\/acidfactory-design.com\/en\/wp-json\/wp\/v2\/product\/3710","targetHints":{"allow":["GET"]}}],"collection":[{"href":"http:\/\/acidfactory-design.com\/en\/wp-json\/wp\/v2\/product"}],"about":[{"href":"http:\/\/acidfactory-design.com\/en\/wp-json\/wp\/v2\/types\/product"}],"replies":[{"embeddable":true,"href":"http:\/\/acidfactory-design.com\/en\/wp-json\/wp\/v2\/comments?post=3710"}],"wp:featuredmedia":[{"embeddable":true,"href":"http:\/\/acidfactory-design.com\/en\/wp-json\/wp\/v2\/media\/3729"}],"wp:attachment":[{"href":"http:\/\/acidfactory-design.com\/en\/wp-json\/wp\/v2\/media?parent=3710"}],"wp:term":[{"taxonomy":"product_brand","embeddable":true,"href":"http:\/\/acidfactory-design.com\/en\/wp-json\/wp\/v2\/product_brand?post=3710"},{"taxonomy":"product_cat","embeddable":true,"href":"http:\/\/acidfactory-design.com\/en\/wp-json\/wp\/v2\/product_cat?post=3710"},{"taxonomy":"product_tag","embeddable":true,"href":"http:\/\/acidfactory-design.com\/en\/wp-json\/wp\/v2\/product_tag?post=3710"}],"curies":[{"name":"wp","href":"https:\/\/api.w.org\/{rel}","templated":true}]}}